{"id":53,"date":"2016-03-31T14:08:39","date_gmt":"2016-03-31T14:08:39","guid":{"rendered":"http:\/\/flatsome.dev\/?page_id=6999"},"modified":"2024-04-21T18:14:38","modified_gmt":"2024-04-21T18:14:38","slug":"our-story","status":"publish","type":"page","link":"https:\/\/jringcafe.com\/vi\/our-story\/","title":{"rendered":"Our Story"},"content":{"rendered":"\n\n  <div class=\"banner has-hover\" id=\"banner-1793926190\">\n          <div class=\"banner-inner fill\">\n        <div class=\"banner-bg fill\" >\n            <img loading=\"lazy\" decoding=\"async\" width=\"1020\" height=\"574\" src=\"https:\/\/jringcafe.com\/vi\/wp-content\/uploads\/2024\/04\/gioithieu-1400x788.jpg\" class=\"bg attachment-large size-large\" alt=\"\" \/>                        <div class=\"overlay\"><\/div>            \n                    <\/div>\n\t\t\n        <div class=\"banner-layers container\">\n            <div class=\"fill banner-link\"><\/div>            \n\n   <div id=\"text-box-1109501701\" class=\"text-box banner-layer x50 md-x50 lg-x50 y20 md-y20 lg-y20 res-text\">\n                                <div class=\"text-box-content text dark\">\n              \n              <div class=\"text-inner text-center\">\n                  \n\n\t<div id=\"text-2348475141\" class=\"text\">\n\t\t\n\n<h2>CHUY\u1ec6N V\u1ec0 JRING CAF\u00c9<\/h2>\n\t\t\n<style>\n#text-2348475141 {\n  color: rgb(255, 255, 255);\n}\n#text-2348475141 > * {\n  color: rgb(255, 255, 255);\n}\n<\/style>\n\t<\/div>\n\t\n\n              <\/div>\n           <\/div>\n                            \n<style>\n#text-box-1109501701 {\n  width: 60%;\n}\n#text-box-1109501701 .text-box-content {\n  font-size: 100%;\n}\n<\/style>\n    <\/div>\n \n\n        <\/div>\n      <\/div>\n\n            \n<style>\n#banner-1793926190 {\n  padding-top: 56.25%;\n}\n#banner-1793926190 .overlay {\n  background-color: rgba(0, 0, 0, 0.06);\n}\n#banner-1793926190 .banner-bg img {\n  object-position: 52% 2%;\n}\n<\/style>\n  <\/div>\n\n\n<span class=\"scroll-to\" data-label=\"Scroll to: #gioitheu\" data-bullet=\"true\" data-link=\"#gioitheu\" data-title=\"Gi\u1edbi thi\u1ec7u\" ><a name=\"gioitheu\"><\/a><\/span>\n\n\n\t<section class=\"section\" id=\"section_694627644\">\n\t\t<div class=\"section-bg fill\" >\n\t\t\t\t\t\t\t\t\t\n\t\t\t\n\n\t\t<\/div>\n\n\t\t\n\n\t\t<div class=\"section-content relative\">\n\t\t\t\n\n\t<div id=\"text-1601415524\" class=\"text\">\n\t\t\n\n<h2><span style=\"font-size: 100%;\">M\u1ed9t t\u00ecnh c\u1ea3m, s\u1ef1 \u0111am m\u00ea v\u1edbi <\/span><\/h2>\n<h2><span style=\"font-size: 100%;\">h\u1ea1t caf\u00e9 Robusta Di Linh<\/span><\/h2>\n\t\t\n<style>\n#text-1601415524 {\n  text-align: center;\n}\n<\/style>\n\t<\/div>\n\t\n<div class=\"row align-middle\"  id=\"row-1198500445\">\n\n\n\t<div id=\"col-2067244095\" class=\"col medium-6 small-12 large-6\"  >\n\t\t\t\t<div class=\"col-inner\"  >\n\t\t\t\n\t\t\t\n\n\t<div class=\"box has-hover   has-hover box-text-bottom\" >\n\n\t\t<div class=\"box-image\" style=\"border-radius:3%;\">\n\t\t\t\t\t\t<div class=\"\" >\n\t\t\t\t<img loading=\"lazy\" decoding=\"async\" width=\"600\" height=\"449\" src=\"https:\/\/jringcafe.com\/vi\/wp-content\/uploads\/2024\/04\/10553-62.png\" class=\"attachment- size-\" alt=\"\" srcset=\"https:\/\/jringcafe.com\/vi\/wp-content\/uploads\/2024\/04\/10553-62.png 600w, https:\/\/jringcafe.com\/vi\/wp-content\/uploads\/2024\/04\/10553-62-535x400.png 535w, https:\/\/jringcafe.com\/vi\/wp-content\/uploads\/2024\/04\/10553-62-510x382.png 510w\" sizes=\"auto, (max-width: 600px) 100vw, 600px\" \/>\t\t\t\t\t\t\t\t\t\t\t<\/div>\n\t\t\t\t\t<\/div>\n\n\t\t<div class=\"box-text text-center is-xsmall\" >\n\t\t\t<div class=\"box-text-inner\">\n\t\t\t\t\n\n\n\t\t\t<\/div>\n\t\t<\/div>\n\t<\/div>\n\t\n\n\t\t<\/div>\n\t\t\t\t\t<\/div>\n\n\t\n\n\t<div id=\"col-1548524197\" class=\"col medium-6 small-12 large-6\"  >\n\t\t\t\t<div class=\"col-inner\"  >\n\t\t\t\n\t\t\t\n\n<h2>Chuy\u1ec7n v\u1ec1 c\u00e1i t\u00ean Jring<\/h2>\n<p>T\u00ean g\u1ecdi Jring \u0111\u01b0\u1ee3c c\u00e1ch \u0111i\u1ec7u t\u1eeb Dijring, t\u00ean g\u1ecdi \u0111\u1ea7u ti\u00ean c\u1ee7a huy\u1ec7n mi\u1ec1n n\u00fai thu\u1ed9c t\u1ec9nh L\u00e2m \u0110\u1ed3ng, n\u1eb1m tr\u00ean cao nguy\u00ean Di Linh, \u1edf \u0111\u1ed9 cao 1.000 m so v\u1edbi m\u1eb7t n\u01b0\u1edbc bi\u1ec3n. V\u00e0o n\u0103m 1890, B\u00e1c s\u0129 Alexandre John Emile Yersin ng\u01b0\u1eddi Th\u1ee5y \u0110i\u1ec3n qu\u1ed1c t\u1ecbch Ph\u00e1p \u0111\u00e3 \u0111\u1eb7t ch\u00e2n \u0111\u1ebfn v\u00f9ng \u0111\u1ea5t n\u00e0y.<\/p>\n<p>N\u01a1i \u0111\u00e2y l\u00e0 m\u1ed9t \u0111\u1ecba \u0111i\u1ec3m r\u1ea5t ph\u00f9 h\u1ee3p cho c\u00e2y c\u00e0 ph\u00ea \u0111\u1eb7c bi\u1ec7t l\u00e0 c\u00e0 ph\u00ea Robusta (V\u1ed1i). C\u00e0 Ph\u00ea c\u0169ng l\u00e0 c\u00e2y tr\u1ed3ng ch\u1ee7 \u0111\u1ea1o c\u1ee7a v\u00f9ng \u0111\u1ea5t n\u00e0y trong \u0111\u00f3 c\u00f3 gi\u1ed1ng caf\u00e9 gi\u1ed1ng c\u1ed5 thu\u1ea7n ch\u1ee7ng hay c\u00f2n g\u1ecdi l\u00e0 caf\u00e9 s\u1ebb do ng\u01b0\u1eddi Ph\u00e1p \u0111em v\u00e0o, v\u1edbi h\u01b0\u01a1ng v\u00e0 v\u1ecb r\u1ea5t \u0111\u1eb7c tr\u01b0ng kh\u00e1c h\u1eb3n c\u00e1c lo\u1ea1i cao s\u1ea3n lai t\u1ea1o sau n\u00e0y, \u0111\u00e2y c\u0169ng l\u00e0 gi\u1ed1ng ch\u1ee7 \u0111\u1ea1o m\u00e0 Jring mu\u1ed1n b\u1ea3o t\u1ed3n v\u00e0 ph\u00e1t tri\u1ec3n.<\/p>\n\n\t\t<\/div>\n\t\t\t\t\t<\/div>\n\n\t\n\n<\/div>\n<div class=\"row align-middle\"  id=\"row-1899910378\">\n\n\n\t<div id=\"col-303670421\" class=\"col medium-6 small-12 large-6\"  >\n\t\t\t\t<div class=\"col-inner\"  >\n\t\t\t\n\t\t\t\n\n<h3>S\u1ea3n ph\u1ea9m c\u1ee7a Jring Caf\u00e9<\/h3>\n<p>Ngu\u1ed3n nguy\u00ean li\u1ec7u c\u1ee7a Jring \u0111\u01b0\u1ee3c \u01b0u ti\u00ean ch\u1ecdn l\u1ecdc t\u1eeb tr\u00e1i ch\u00edn c\u1ee7a nh\u1eefng gi\u1ed1ng di s\u1ea3n c\u0169 \u0111\u01b0\u1ee3c tr\u1ed3ng t\u1eeb nh\u1eefng th\u1ebf h\u1ec7 \u0111\u1ea7u ti\u00ean.<\/p>\n<p>C\u00e2y tr\u1ed3ng \u0111\u01b0\u1ee3c ch\u0103m s\u00f3c theo h\u01b0\u1edbng thu\u1eadn t\u1ef1 nhi\u00ean, h\u1ea1n ch\u1ebf thu\u1ed1c tr\u1eeb s\u00e2u v\u00e0 ph\u00e2n b\u00f3n h\u00f3a h\u1ecdc s\u1eed d\u1ee5ng c\u00e1c s\u1ea3n ph\u1ea9m vi sinh h\u1eefu c\u01a1 trong qu\u00e1 tr\u00ecnh ch\u0103m s\u00f3c c\u00e2y tr\u1ed3ng.<\/p>\n<p>Ph\u01b0\u01a1ng ph\u00e1p s\u01a1 ch\u1ebf \u0111\u00fang quy tr\u00ecnh v\u00e0 k\u1ef9 thu\u1eadt \u0111\u1ec3 c\u00f3 nh\u1eefng h\u1ea1t robusta ch\u1ea5t l\u01b0\u1ee3ng nh\u1ea5t.<\/p>\n<p>\u0110\u1ea3m b\u1ea3o s\u1ef1 \u0111\u1ed3ng nh\u1ea5t trong m\u00f4 h\u00ecnh t\u1eeb nh\u00e0 v\u01b0\u1eddn \u0111\u1ebfn t\u00e1ch caf\u00e9 \u201cFrom Farm To Cup\u201d.<\/p>\n\n\t\t<\/div>\n\t\t\t\t\t<\/div>\n\n\t\n\n\t<div id=\"col-1582085954\" class=\"col medium-6 small-12 large-6\"  >\n\t\t\t\t<div class=\"col-inner\"  >\n\t\t\t\n\t\t\t\n\n\t<div class=\"box has-hover   has-hover box-text-bottom\" >\n\n\t\t<div class=\"box-image\" style=\"border-radius:3%;\">\n\t\t\t\t\t\t<div class=\"\" >\n\t\t\t\t<img loading=\"lazy\" decoding=\"async\" width=\"2560\" height=\"1707\" src=\"https:\/\/jringcafe.com\/vi\/wp-content\/uploads\/2024\/04\/nen2-scaled.jpg\" class=\"attachment- size-\" alt=\"\" srcset=\"https:\/\/jringcafe.com\/vi\/wp-content\/uploads\/2024\/04\/nen2-scaled.jpg 2560w, https:\/\/jringcafe.com\/vi\/wp-content\/uploads\/2024\/04\/nen2-600x400.jpg 600w, https:\/\/jringcafe.com\/vi\/wp-content\/uploads\/2024\/04\/nen2-1200x800.jpg 1200w, https:\/\/jringcafe.com\/vi\/wp-content\/uploads\/2024\/04\/nen2-768x512.jpg 768w, https:\/\/jringcafe.com\/vi\/wp-content\/uploads\/2024\/04\/nen2-1536x1024.jpg 1536w, https:\/\/jringcafe.com\/vi\/wp-content\/uploads\/2024\/04\/nen2-2048x1365.jpg 2048w, https:\/\/jringcafe.com\/vi\/wp-content\/uploads\/2024\/04\/nen2-510x340.jpg 510w\" sizes=\"auto, (max-width: 2560px) 100vw, 2560px\" \/>\t\t\t\t\t\t\t\t\t\t\t<\/div>\n\t\t\t\t\t<\/div>\n\n\t\t<div class=\"box-text text-center\" >\n\t\t\t<div class=\"box-text-inner\">\n\t\t\t\t\n\n\n\t\t\t<\/div>\n\t\t<\/div>\n\t<\/div>\n\t\n\n\t\t<\/div>\n\t\t\t\t\t<\/div>\n\n\t\n\n<\/div>\n\n\t\t<\/div>\n\n\t\t\n<style>\n#section_694627644 {\n  padding-top: 0px;\n  padding-bottom: 0px;\n  min-height: 200px;\n  background-color: #e7e7e7;\n}\n<\/style>\n\t<\/section>\n\t\n\t<div class=\"img has-hover x md-x lg-x y md-y lg-y\" id=\"image_988619093\">\n\t\t\t\t\t\t\t\t<div class=\"img-inner image-cover dark\" style=\"padding-top:56.25%;\">\n\t\t\t<img loading=\"lazy\" decoding=\"async\" width=\"1020\" height=\"574\" src=\"https:\/\/jringcafe.com\/vi\/wp-content\/uploads\/2024\/04\/nen2-2-1400x788.jpg\" class=\"attachment-large size-large\" alt=\"\" srcset=\"https:\/\/jringcafe.com\/vi\/wp-content\/uploads\/2024\/04\/nen2-2-1400x788.jpg 1400w, https:\/\/jringcafe.com\/vi\/wp-content\/uploads\/2024\/04\/nen2-2-711x400.jpg 711w, https:\/\/jringcafe.com\/vi\/wp-content\/uploads\/2024\/04\/nen2-2-768x432.jpg 768w, https:\/\/jringcafe.com\/vi\/wp-content\/uploads\/2024\/04\/nen2-2-1536x864.jpg 1536w, https:\/\/jringcafe.com\/vi\/wp-content\/uploads\/2024\/04\/nen2-2-510x287.jpg 510w, https:\/\/jringcafe.com\/vi\/wp-content\/uploads\/2024\/04\/nen2-2.jpg 1920w\" sizes=\"auto, (max-width: 1020px) 100vw, 1020px\" \/>\t\t\t\t\t\t\n\t\t\t\t\t<\/div>\n\t\t\t\t\t\t\t\t\n<style>\n#image_988619093 {\n  width: 100%;\n}\n<\/style>\n\t<\/div>\n\t\n\n\n\t<section class=\"section dark\" id=\"section_1960294648\">\n\t\t<div class=\"section-bg fill\" >\n\t\t\t<img loading=\"lazy\" decoding=\"async\" width=\"1920\" height=\"1080\" src=\"https:\/\/jringcafe.com\/vi\/wp-content\/uploads\/2024\/04\/nen3-1.jpg\" class=\"bg attachment-original size-original\" alt=\"\" \/>\t\t\t\t\t\t\n\t\t\t\n\n\t\t<\/div>\n\n\t\t\n\n\t\t<div class=\"section-content relative\">\n\t\t\t\n\n<span class=\"scroll-to\" data-label=\"Scroll to: #cam-ket\" data-bullet=\"true\" data-link=\"#cam-ket\" data-title=\"Cam k\u1ebft b\u1ec1n v\u1eefng\" ><a name=\"cam-ket\"><\/a><\/span>\n\n<div class=\"row align-middle\"  id=\"row-386446884\">\n\n\n\t<div id=\"col-97875872\" class=\"col medium-6 small-12 large-6\"  >\n\t\t\t\t<div class=\"col-inner\"  >\n\t\t\t\n\t\t\t\n\n<div class=\"container section-title-container\" ><h3 class=\"section-title section-title-normal\"><b><\/b><span class=\"section-title-main\" ><i class=\"icon-heart\" ><\/i>cam k\u1ebft b\u1ec1n v\u1eefng<\/span><b><\/b><\/h3><\/div>\n\n<div class=\"accordion\">\n\n\t<div id=\"accordion-3612841485\" class=\"accordion-item\">\n\t\t<a id=\"accordion-3612841485-label\" class=\"accordion-title plain\" href=\"#accordion-item-thu\u1ea7n-b\u1ea3n\" aria-expanded=\"false\" aria-controls=\"accordion-3612841485-content\" >\n\t\t\t<button class=\"toggle\" aria-label=\"Chuy\u1ec3n \u0111\u1ed5i\"><i class=\"icon-angle-down\"><\/i><\/button>\n\t\t\t<span>Thu\u1ea7n b\u1ea3n<\/span>\n\t\t<\/a>\n\t\t<div id=\"accordion-3612841485-content\" class=\"accordion-inner\" aria-labelledby=\"accordion-3612841485-label\" >\n\t\t\t\n\n<p>Duy gi\u1ed1ng caf\u00e9 thu\u1ea7n chu\u1ea9n v\u1edbi nh\u1eefng \u0111\u1eb7c t\u00ednh v\u00e0 h\u01b0\u01a1ng v\u1ecb t\u1ed1t.<\/p>\n\n\t\t<\/div>\n\t<\/div>\n\t\n\t<div id=\"accordion-1006789506\" class=\"accordion-item\">\n\t\t<a id=\"accordion-1006789506-label\" class=\"accordion-title plain\" href=\"#accordion-item-an-to\u00e0n\" aria-expanded=\"false\" aria-controls=\"accordion-1006789506-content\" >\n\t\t\t<button class=\"toggle\" aria-label=\"Chuy\u1ec3n \u0111\u1ed5i\"><i class=\"icon-angle-down\"><\/i><\/button>\n\t\t\t<span>An to\u00e0n<\/span>\n\t\t<\/a>\n\t\t<div id=\"accordion-1006789506-content\" class=\"accordion-inner\" aria-labelledby=\"accordion-1006789506-label\" >\n\t\t\t\n\n<p>Cam k\u1ebft v\u1ec1 vi\u1ec7c kh\u00f4ng s\u1eed d\u1ee5ng h\u00f3a ch\u1ea5t, thu\u1ed1c tr\u1eeb s\u00e2u h\u01b0\u1edbng \u0111\u1ebfn s\u1ef1 ch\u0103m s\u00f3c t\u1ef1 nhi\u00ean.<\/p>\n\n\t\t<\/div>\n\t<\/div>\n\t\n\t<div id=\"accordion-2644355511\" class=\"accordion-item\">\n\t\t<a id=\"accordion-2644355511-label\" class=\"accordion-title plain\" href=\"#accordion-item-m\u00f4i-tr\u01b0\u1eddng\" aria-expanded=\"false\" aria-controls=\"accordion-2644355511-content\" >\n\t\t\t<button class=\"toggle\" aria-label=\"Chuy\u1ec3n \u0111\u1ed5i\"><i class=\"icon-angle-down\"><\/i><\/button>\n\t\t\t<span>M\u00f4i tr\u01b0\u1eddng<\/span>\n\t\t<\/a>\n\t\t<div id=\"accordion-2644355511-content\" class=\"accordion-inner\" aria-labelledby=\"accordion-2644355511-label\" >\n\t\t\t\n\n<p>\u00c1p d\u1ee5ng m\u00f4 h\u00ecnh v\u01b0\u1eddn d\u01b0\u1edbi t\u00e1n c\u00e2y, t\u1ea1o h\u1ec7 sinh th\u00e1i c\u00e2y tr\u1ed3ng \u0111a d\u1ea1ng, t\u1ea1o t\u1ea7ng gi\u1eef n\u01b0\u1edbc v\u00e0 ph\u00e2n b\u00f3n t\u1ef1 nhi\u00ean cho c\u00e2y c\u00e0 ph\u00ea. Ngo\u00e0i t\u00e1c d\u1ee5ng cho c\u00e2y tr\u1ed3ng c\u00f2n g\u00f3p ph\u1ea7n b\u1ea3o v\u1ec7 m\u00f4i tr\u01b0\u1eddng s\u1ed1ng xanh v\u00e0 b\u1ec1n v\u1eefng.<\/p>\n<p>T\u1eadn d\u1ee5ng t\u1ed1i \u0111a c\u00e1c s\u1ea3n ph\u1ea9m ph\u1ee5 c\u1ee7a caf\u00e9 nh\u01b0 v\u1ecf tr\u1ea5u l\u00e0m ph\u00e2n b\u00f3n, b\u00e3 caf\u00e9 s\u1eed d\u1ee5ng l\u00e0m ly, t\u00e1ch, \u1ee9ng d\u1ee5ng n\u1ed9i th\u1ea5t.<\/p>\n\n\t\t<\/div>\n\t<\/div>\n\t\n\t<div id=\"accordion-2899726549\" class=\"accordion-item\">\n\t\t<a id=\"accordion-2899726549-label\" class=\"accordion-title plain\" href=\"#accordion-item-ph\u00e1t-tri\u1ec3n\" aria-expanded=\"false\" aria-controls=\"accordion-2899726549-content\" >\n\t\t\t<button class=\"toggle\" aria-label=\"Chuy\u1ec3n \u0111\u1ed5i\"><i class=\"icon-angle-down\"><\/i><\/button>\n\t\t\t<span>Ph\u00e1t tri\u1ec3n<\/span>\n\t\t<\/a>\n\t\t<div id=\"accordion-2899726549-content\" class=\"accordion-inner\" aria-labelledby=\"accordion-2899726549-label\" >\n\t\t\t\n\n\n\t\t<\/div>\n\t<\/div>\n\t\n\n<\/div>\n\n\t\t<\/div>\n\t\t\t\t\t<\/div>\n\n\t\n\n\t<div id=\"col-923693782\" class=\"col medium-6 small-12 large-6\"  >\n\t\t\t\t<div class=\"col-inner\"  >\n\t\t\t\n\t\t\t\n\n\t<div class=\"img has-hover x md-x lg-x y md-y lg-y\" id=\"image_1155464596\">\n\t\t\t\t\t\t\t\t<div class=\"img-inner dark\" >\n\t\t\t<img loading=\"lazy\" decoding=\"async\" width=\"501\" height=\"400\" src=\"https:\/\/jringcafe.com\/vi\/wp-content\/uploads\/2024\/04\/camket-02.png\" class=\"attachment-large size-large\" alt=\"\" \/>\t\t\t\t\t\t\n\t\t\t\t\t<\/div>\n\t\t\t\t\t\t\t\t\n<style>\n#image_1155464596 {\n  width: 100%;\n}\n<\/style>\n\t<\/div>\n\t\n\n\n\t\t<\/div>\n\t\t\t\t\t<\/div>\n\n\t\n\n<\/div>\n\n\t\t<\/div>\n\n\t\t\n<style>\n#section_1960294648 {\n  padding-top: 0px;\n  padding-bottom: 0px;\n}\n<\/style>\n\t<\/section>\n\t\n\n","protected":false},"excerpt":{"rendered":"","protected":false},"author":1,"featured_media":356,"parent":0,"menu_order":18,"comment_status":"closed","ping_status":"closed","template":"page-blank.php","meta":{"footnotes":""},"class_list":["post-53","page","type-page","status-publish","has-post-thumbnail","hentry"],"yoast_head":"<!-- This site is optimized with the Yoast SEO plugin v23.0 - https:\/\/yoast.com\/wordpress\/plugins\/seo\/ -->\n<title>Our Story - Jring Caf\u00e9<\/title>\n<meta name=\"robots\" content=\"index, follow, max-snippet:-1, max-image-preview:large, max-video-preview:-1\" \/>\n<link rel=\"canonical\" href=\"https:\/\/jringcafe.com\/vi\/our-story\/\" \/>\n<meta property=\"og:locale\" content=\"vi_VN\" \/>\n<meta property=\"og:type\" content=\"article\" \/>\n<meta property=\"og:title\" content=\"Our Story - Jring Caf\u00e9\" \/>\n<meta property=\"og:url\" content=\"https:\/\/jringcafe.com\/vi\/our-story\/\" \/>\n<meta property=\"og:site_name\" content=\"Jring Caf\u00e9\" \/>\n<meta property=\"article:publisher\" content=\"https:\/\/www.facebook.com\/jringcafe\" \/>\n<meta property=\"article:modified_time\" content=\"2024-04-21T18:14:38+00:00\" \/>\n<meta property=\"og:image\" content=\"https:\/\/jringcafe.com\/vi\/wp-content\/uploads\/2024\/04\/z4925858958420_5795f7cca7434751e9714f1c62fc07c8.jpg\" \/>\n\t<meta property=\"og:image:width\" content=\"960\" \/>\n\t<meta property=\"og:image:height\" content=\"1280\" \/>\n\t<meta property=\"og:image:type\" content=\"image\/jpeg\" \/>\n<meta name=\"twitter:card\" content=\"summary_large_image\" \/>\n<meta name=\"twitter:label1\" content=\"\u01af\u1edbc t\u00ednh th\u1eddi gian \u0111\u1ecdc\" \/>\n\t<meta name=\"twitter:data1\" content=\"4 ph\u00fat\" \/>\n<script type=\"application\/ld+json\" class=\"yoast-schema-graph\">{\"@context\":\"https:\/\/schema.org\",\"@graph\":[{\"@type\":\"WebPage\",\"@id\":\"https:\/\/jringcafe.com\/vi\/our-story\/\",\"url\":\"https:\/\/jringcafe.com\/vi\/our-story\/\",\"name\":\"Our Story - Jring Caf\u00e9\",\"isPartOf\":{\"@id\":\"https:\/\/jringcafe.com\/vi\/#website\"},\"primaryImageOfPage\":{\"@id\":\"https:\/\/jringcafe.com\/vi\/our-story\/#primaryimage\"},\"image\":{\"@id\":\"https:\/\/jringcafe.com\/vi\/our-story\/#primaryimage\"},\"thumbnailUrl\":\"https:\/\/jringcafe.com\/vi\/wp-content\/uploads\/2024\/04\/z4925858958420_5795f7cca7434751e9714f1c62fc07c8.jpg\",\"datePublished\":\"2016-03-31T14:08:39+00:00\",\"dateModified\":\"2024-04-21T18:14:38+00:00\",\"breadcrumb\":{\"@id\":\"https:\/\/jringcafe.com\/vi\/our-story\/#breadcrumb\"},\"inLanguage\":\"vi\",\"potentialAction\":[{\"@type\":\"ReadAction\",\"target\":[\"https:\/\/jringcafe.com\/vi\/our-story\/\"]}]},{\"@type\":\"ImageObject\",\"inLanguage\":\"vi\",\"@id\":\"https:\/\/jringcafe.com\/vi\/our-story\/#primaryimage\",\"url\":\"https:\/\/jringcafe.com\/vi\/wp-content\/uploads\/2024\/04\/z4925858958420_5795f7cca7434751e9714f1c62fc07c8.jpg\",\"contentUrl\":\"https:\/\/jringcafe.com\/vi\/wp-content\/uploads\/2024\/04\/z4925858958420_5795f7cca7434751e9714f1c62fc07c8.jpg\",\"width\":960,\"height\":1280},{\"@type\":\"BreadcrumbList\",\"@id\":\"https:\/\/jringcafe.com\/vi\/our-story\/#breadcrumb\",\"itemListElement\":[{\"@type\":\"ListItem\",\"position\":1,\"name\":\"Trang ch\u1ee7\",\"item\":\"https:\/\/jringcafe.com\/vi\/\"},{\"@type\":\"ListItem\",\"position\":2,\"name\":\"Our Story\"}]},{\"@type\":\"WebSite\",\"@id\":\"https:\/\/jringcafe.com\/vi\/#website\",\"url\":\"https:\/\/jringcafe.com\/vi\/\",\"name\":\"Jring Caf\u00e9 - \u0110\u1ebfn t\u1eeb cao nguy\u00ean Di Linh\",\"description\":\"Come from Di Linh highland\",\"publisher\":{\"@id\":\"https:\/\/jringcafe.com\/vi\/#organization\"},\"potentialAction\":[{\"@type\":\"SearchAction\",\"target\":{\"@type\":\"EntryPoint\",\"urlTemplate\":\"https:\/\/jringcafe.com\/vi\/?s={search_term_string}\"},\"query-input\":\"required name=search_term_string\"}],\"inLanguage\":\"vi\"},{\"@type\":\"Organization\",\"@id\":\"https:\/\/jringcafe.com\/vi\/#organization\",\"name\":\"Jring Caf\u00e9 - \u0110\u1ebfn t\u1eeb cao nguy\u00ean Di Linh\",\"url\":\"https:\/\/jringcafe.com\/vi\/\",\"logo\":{\"@type\":\"ImageObject\",\"inLanguage\":\"vi\",\"@id\":\"https:\/\/jringcafe.com\/vi\/#\/schema\/logo\/image\/\",\"url\":\"https:\/\/jringcafe.com\/vi\/wp-content\/uploads\/2024\/04\/nen2-scaled.jpg\",\"contentUrl\":\"https:\/\/jringcafe.com\/vi\/wp-content\/uploads\/2024\/04\/nen2-scaled.jpg\",\"width\":2560,\"height\":1707,\"caption\":\"Jring Caf\u00e9 - \u0110\u1ebfn t\u1eeb cao nguy\u00ean Di Linh\"},\"image\":{\"@id\":\"https:\/\/jringcafe.com\/vi\/#\/schema\/logo\/image\/\"},\"sameAs\":[\"https:\/\/www.facebook.com\/jringcafe\",\"https:\/\/www.tiktok.com\/@jringcafe\",\"https:\/\/shopee.vn\/jringcafe\"]}]}<\/script>\n<!-- \/ Yoast SEO plugin. -->","yoast_head_json":{"title":"Our Story - Jring Caf\u00e9","robots":{"index":"index","follow":"follow","max-snippet":"max-snippet:-1","max-image-preview":"max-image-preview:large","max-video-preview":"max-video-preview:-1"},"canonical":"https:\/\/jringcafe.com\/vi\/our-story\/","og_locale":"vi_VN","og_type":"article","og_title":"Our Story - Jring Caf\u00e9","og_url":"https:\/\/jringcafe.com\/vi\/our-story\/","og_site_name":"Jring Caf\u00e9","article_publisher":"https:\/\/www.facebook.com\/jringcafe","article_modified_time":"2024-04-21T18:14:38+00:00","og_image":[{"width":960,"height":1280,"url":"https:\/\/jringcafe.com\/vi\/wp-content\/uploads\/2024\/04\/z4925858958420_5795f7cca7434751e9714f1c62fc07c8.jpg","type":"image\/jpeg"}],"twitter_card":"summary_large_image","twitter_misc":{"\u01af\u1edbc t\u00ednh th\u1eddi gian \u0111\u1ecdc":"4 ph\u00fat"},"schema":{"@context":"https:\/\/schema.org","@graph":[{"@type":"WebPage","@id":"https:\/\/jringcafe.com\/vi\/our-story\/","url":"https:\/\/jringcafe.com\/vi\/our-story\/","name":"Our Story - Jring Caf\u00e9","isPartOf":{"@id":"https:\/\/jringcafe.com\/vi\/#website"},"primaryImageOfPage":{"@id":"https:\/\/jringcafe.com\/vi\/our-story\/#primaryimage"},"image":{"@id":"https:\/\/jringcafe.com\/vi\/our-story\/#primaryimage"},"thumbnailUrl":"https:\/\/jringcafe.com\/vi\/wp-content\/uploads\/2024\/04\/z4925858958420_5795f7cca7434751e9714f1c62fc07c8.jpg","datePublished":"2016-03-31T14:08:39+00:00","dateModified":"2024-04-21T18:14:38+00:00","breadcrumb":{"@id":"https:\/\/jringcafe.com\/vi\/our-story\/#breadcrumb"},"inLanguage":"vi","potentialAction":[{"@type":"ReadAction","target":["https:\/\/jringcafe.com\/vi\/our-story\/"]}]},{"@type":"ImageObject","inLanguage":"vi","@id":"https:\/\/jringcafe.com\/vi\/our-story\/#primaryimage","url":"https:\/\/jringcafe.com\/vi\/wp-content\/uploads\/2024\/04\/z4925858958420_5795f7cca7434751e9714f1c62fc07c8.jpg","contentUrl":"https:\/\/jringcafe.com\/vi\/wp-content\/uploads\/2024\/04\/z4925858958420_5795f7cca7434751e9714f1c62fc07c8.jpg","width":960,"height":1280},{"@type":"BreadcrumbList","@id":"https:\/\/jringcafe.com\/vi\/our-story\/#breadcrumb","itemListElement":[{"@type":"ListItem","position":1,"name":"Trang ch\u1ee7","item":"https:\/\/jringcafe.com\/vi\/"},{"@type":"ListItem","position":2,"name":"Our Story"}]},{"@type":"WebSite","@id":"https:\/\/jringcafe.com\/vi\/#website","url":"https:\/\/jringcafe.com\/vi\/","name":"Jring Caf\u00e9 - \u0110\u1ebfn t\u1eeb cao nguy\u00ean Di Linh","description":"Come from Di Linh highland","publisher":{"@id":"https:\/\/jringcafe.com\/vi\/#organization"},"potentialAction":[{"@type":"SearchAction","target":{"@type":"EntryPoint","urlTemplate":"https:\/\/jringcafe.com\/vi\/?s={search_term_string}"},"query-input":"required name=search_term_string"}],"inLanguage":"vi"},{"@type":"Organization","@id":"https:\/\/jringcafe.com\/vi\/#organization","name":"Jring Caf\u00e9 - \u0110\u1ebfn t\u1eeb cao nguy\u00ean Di Linh","url":"https:\/\/jringcafe.com\/vi\/","logo":{"@type":"ImageObject","inLanguage":"vi","@id":"https:\/\/jringcafe.com\/vi\/#\/schema\/logo\/image\/","url":"https:\/\/jringcafe.com\/vi\/wp-content\/uploads\/2024\/04\/nen2-scaled.jpg","contentUrl":"https:\/\/jringcafe.com\/vi\/wp-content\/uploads\/2024\/04\/nen2-scaled.jpg","width":2560,"height":1707,"caption":"Jring Caf\u00e9 - \u0110\u1ebfn t\u1eeb cao nguy\u00ean Di Linh"},"image":{"@id":"https:\/\/jringcafe.com\/vi\/#\/schema\/logo\/image\/"},"sameAs":["https:\/\/www.facebook.com\/jringcafe","https:\/\/www.tiktok.com\/@jringcafe","https:\/\/shopee.vn\/jringcafe"]}]}},"jetpack_sharing_enabled":true,"_links":{"self":[{"href":"https:\/\/jringcafe.com\/vi\/wp-json\/wp\/v2\/pages\/53","targetHints":{"allow":["GET"]}}],"collection":[{"href":"https:\/\/jringcafe.com\/vi\/wp-json\/wp\/v2\/pages"}],"about":[{"href":"https:\/\/jringcafe.com\/vi\/wp-json\/wp\/v2\/types\/page"}],"author":[{"embeddable":true,"href":"https:\/\/jringcafe.com\/vi\/wp-json\/wp\/v2\/users\/1"}],"replies":[{"embeddable":true,"href":"https:\/\/jringcafe.com\/vi\/wp-json\/wp\/v2\/comments?post=53"}],"version-history":[{"count":10,"href":"https:\/\/jringcafe.com\/vi\/wp-json\/wp\/v2\/pages\/53\/revisions"}],"predecessor-version":[{"id":556,"href":"https:\/\/jringcafe.com\/vi\/wp-json\/wp\/v2\/pages\/53\/revisions\/556"}],"wp:featuredmedia":[{"embeddable":true,"href":"https:\/\/jringcafe.com\/vi\/wp-json\/wp\/v2\/media\/356"}],"wp:attachment":[{"href":"https:\/\/jringcafe.com\/vi\/wp-json\/wp\/v2\/media?parent=53"}],"curies":[{"name":"wp","href":"https:\/\/api.w.org\/{rel}","templated":true}]}}