{"id":433,"date":"2024-04-20T09:51:51","date_gmt":"2024-04-20T09:51:51","guid":{"rendered":"https:\/\/jringcafe.com\/vi\/?post_type=product&#038;p=433"},"modified":"2025-12-03T11:00:08","modified_gmt":"2025-12-03T11:00:08","slug":"combo-co-vua-va-ca-phe","status":"publish","type":"product","link":"https:\/\/jringcafe.com\/vi\/product\/combo-co-vua-va-ca-phe\/","title":{"rendered":"Combo &#8220;C\u1edd Ph\u00ea&#8221; g\u1ed3m caf\u00e9 ch\u1ea5t l\u01b0\u1ee3ng cao v\u00e0 b\u1ed9 c\u1edd vua b\u1eb1ng g\u1ed7"},"content":{"rendered":"<p>Set &#8220;C\u1edc PH\u00ca&#8221; ch\u1ea5t l\u01b0\u1ee3ng cao k\u00e8m b\u1ed9 c\u1edd vua v\u1eeba t\u0103ng n\u0103ng l\u01b0\u1ee3ng v\u1eeba gi\u1ea3i tr\u00ed b\u1ed9 n\u00e3o<br \/>\nS\u1ea3n ph\u1ea9m g\u1ed3m<br \/>\n1 h\u1ed9p c\u1edd &amp; qu\u00e2n c\u1edd g\u1ed7<br \/>\n1 g\u00f3i Ara Brasil 250gr<br \/>\n1 g\u00f3i c\u1ea3m h\u1ee9ng 250gr<br \/>\n1 g\u00f3i \u0111\u1eadm \u0111\u00e0 250gr<br \/>\n1 g\u00f3i robusta 250gr<\/p>\n<p>TH\u00d4NG TIN S\u1ea2N PH\u1ea8M:<br \/>\nTh\u01b0\u01a1ng hi\u1ec7u Jring Cafe<br \/>\n\u2022 Th\u00e0nh ph\u1ea7n: Robusta v\u00e0 Arabica v\u00f9ng cao nguy\u00ean Di Linh<br \/>\n\u2022 \u0110\u00f3ng g\u00f3i: T\u00fai 250gr ho\u1eb7c 500gr\/t\u00fai<br \/>\n\u2022 Ch\u1ec9 ti\u00eau ch\u1ea5t l\u01b0\u1ee3ng: H\u00e0m l\u01b0\u1ee3ng cafein \u2265 1%; \u0110\u1ed9 \u1ea9m \u2264 5%<br \/>\n\u2022 Kh\u00f4ng s\u1eed d\u1ee5ng h\u01b0\u01a1ng li\u1ec7u, m\u00e0u &amp; ch\u1ea5t b\u1ea3o qu\u1ea3n<br \/>\n\u2022 \u0110\u1ec3 h\u1ea1t ho\u1eb7c xay b\u1ed9t.<br \/>\n\u2022 S\u1eed d\u1ee5ng cho pha phin v\u00e0 pha m\u00e1y.<\/p>\n<p>H\u01af\u1edaNG D\u1eaaN B\u1ea2O QU\u1ea2N:<br \/>\n\u2022 B\u1ea3o qu\u1ea3n n\u01a1i kh\u00f4 r\u00e1o, tho\u00e1ng m\u00e1t, tr\u00e1nh \u00e1nh n\u1eafng tr\u1ef1c ti\u1ebfp m\u1eb7t tr\u1eddi. Lu\u00f4n \u0111\u00f3ng k\u00edn bao tr\u00e0 sau khi s\u1eed d\u1ee5ng.<br \/>\n\u2022 Th\u00f4ng tin c\u1ea3nh b\u00e1o an to\u00e0n, v\u1ec7 sinh: kh\u00f4ng s\u1eed d\u1ee5ng khi s\u1ea3n ph\u1ea9m c\u00f3 hi\u1ec7n t\u01b0\u1ee3ng n\u1ea5m m\u1ed1c, m\u00f9i l\u1ea1.<br \/>\n\u2022 H\u1ea1n s\u1eed d\u1ee5ng \u0111\u01b0\u1ee3c in tr\u00ean bao b\u00ec.<\/p>\n<p>H\u01af\u1edaNG D\u1eaaN PHA PHIN:<br \/>\nd\u00f9ng n\u01b0\u1edbc s\u00f4i tr\u00e1ng nh\u1eb9 phin. Cho l\u01b0\u1ee3ng c\u00e0 ph\u00ea kho\u1ea3ng 20-25g v\u00e0o, th\u00eam 20ml n\u01b0\u1edbc v\u00e0 ch\u1edd 20-25 gi\u00e2y. R\u00f3t nh\u1eb9 nh\u00e0ng th\u00eam n\u01b0\u1edbc v\u00e0o phin \u0111\u1ebfn khi l\u01b0\u1ee3ng n\u01b0\u1edbc \u0111\u1ea1t v\u1eeba s\u1edf th\u00edch. L\u1ea5y phin ra v\u00e0 c\u00f3 th\u1ec3 th\u00eam \u0111\u01b0\u1eddng\/s\u1eefa v\u00e0 \u0111\u00e1 tu\u1ef3 th\u00edch v\u00e0 th\u01b0\u1edfng th\u1ee9c.<\/p>\n","protected":false},"excerpt":{"rendered":"<p>Set &#8220;C\u1edc PH\u00ca&#8221; ch\u1ea5t l\u01b0\u1ee3ng cao k\u00e8m b\u1ed9 c\u1edd vua v\u1eeba t\u0103ng n\u0103ng l\u01b0\u1ee3ng v\u1eeba gi\u1ea3i tr\u00ed b\u1ed9 n\u00e3o ch\u1ec9 399.000\u0111.<br \/>\nS\u1ea3n ph\u1ea9m g\u1ed3m<br \/>\n1 h\u1ed9p c\u1edd &amp; qu\u00e2n c\u1edd g\u1ed7<br \/>\n1 g\u00f3i Ara Brasil 250gr<br \/>\n1 g\u00f3i c\u1ea3m h\u1ee9ng 250gr<br \/>\n1 g\u00f3i \u0111\u1eadm \u0111\u00e0 250gr<br \/>\n1 g\u00f3i robusta 250gr<\/p>\n<p>&nbsp;<\/p>\n","protected":false},"featured_media":423,"comment_status":"open","ping_status":"closed","template":"","meta":[],"product_cat":[73,76],"product_tag":[],"class_list":{"0":"post-433","1":"product","2":"type-product","3":"status-publish","4":"has-post-thumbnail","6":"product_cat-combo-gift","7":"product_cat-jring-collection","9":"first","10":"instock","11":"taxable","12":"shipping-taxable","13":"purchasable","14":"product-type-simple"},"yoast_head":"<!-- This site is optimized with the Yoast SEO plugin v23.0 - https:\/\/yoast.com\/wordpress\/plugins\/seo\/ -->\n<title>Combo &quot;C\u1edd Ph\u00ea&quot; g\u1ed3m caf\u00e9 ch\u1ea5t l\u01b0\u1ee3ng cao v\u00e0 b\u1ed9 c\u1edd vua b\u1eb1ng g\u1ed7 - Jring Caf\u00e9<\/title>\n<meta name=\"robots\" content=\"index, follow, max-snippet:-1, max-image-preview:large, max-video-preview:-1\" \/>\n<link rel=\"canonical\" href=\"https:\/\/jringcafe.com\/vi\/product\/combo-co-vua-va-ca-phe\/\" \/>\n<meta property=\"og:locale\" content=\"vi_VN\" \/>\n<meta property=\"og:type\" content=\"article\" \/>\n<meta property=\"og:title\" content=\"Combo &quot;C\u1edd Ph\u00ea&quot; g\u1ed3m caf\u00e9 ch\u1ea5t l\u01b0\u1ee3ng cao v\u00e0 b\u1ed9 c\u1edd vua b\u1eb1ng g\u1ed7 - Jring Caf\u00e9\" \/>\n<meta property=\"og:description\" content=\"Set &quot;C\u1edc PH\u00ca&quot; ch\u1ea5t l\u01b0\u1ee3ng cao k\u00e8m b\u1ed9 c\u1edd vua v\u1eeba t\u0103ng n\u0103ng l\u01b0\u1ee3ng v\u1eeba gi\u1ea3i tr\u00ed b\u1ed9 n\u00e3o ch\u1ec9 399.000\u0111. S\u1ea3n ph\u1ea9m g\u1ed3m 1 h\u1ed9p c\u1edd &amp; qu\u00e2n c\u1edd g\u1ed7 1 g\u00f3i Ara Brasil 250gr 1 g\u00f3i c\u1ea3m h\u1ee9ng 250gr 1 g\u00f3i \u0111\u1eadm \u0111\u00e0 250gr 1 g\u00f3i robusta 250gr  &nbsp;\" \/>\n<meta property=\"og:url\" content=\"https:\/\/jringcafe.com\/vi\/product\/combo-co-vua-va-ca-phe\/\" \/>\n<meta property=\"og:site_name\" content=\"Jring Caf\u00e9\" \/>\n<meta property=\"article:publisher\" content=\"https:\/\/www.facebook.com\/jringcafe\" \/>\n<meta property=\"article:modified_time\" content=\"2025-12-03T11:00:08+00:00\" \/>\n<meta property=\"og:image\" content=\"https:\/\/jringcafe.com\/vi\/wp-content\/uploads\/2024\/04\/cophe2-01.jpg\" \/>\n\t<meta property=\"og:image:width\" content=\"1080\" \/>\n\t<meta property=\"og:image:height\" content=\"1080\" \/>\n\t<meta property=\"og:image:type\" content=\"image\/jpeg\" \/>\n<meta name=\"twitter:card\" content=\"summary_large_image\" \/>\n<meta name=\"twitter:label1\" content=\"\u01af\u1edbc t\u00ednh th\u1eddi gian \u0111\u1ecdc\" \/>\n\t<meta name=\"twitter:data1\" content=\"2 ph\u00fat\" \/>\n<script type=\"application\/ld+json\" class=\"yoast-schema-graph\">{\"@context\":\"https:\/\/schema.org\",\"@graph\":[{\"@type\":\"WebPage\",\"@id\":\"https:\/\/jringcafe.com\/vi\/product\/combo-co-vua-va-ca-phe\/\",\"url\":\"https:\/\/jringcafe.com\/vi\/product\/combo-co-vua-va-ca-phe\/\",\"name\":\"Combo \\\"C\u1edd Ph\u00ea\\\" g\u1ed3m caf\u00e9 ch\u1ea5t l\u01b0\u1ee3ng cao v\u00e0 b\u1ed9 c\u1edd vua b\u1eb1ng g\u1ed7 - Jring Caf\u00e9\",\"isPartOf\":{\"@id\":\"https:\/\/jringcafe.com\/vi\/#website\"},\"primaryImageOfPage\":{\"@id\":\"https:\/\/jringcafe.com\/vi\/product\/combo-co-vua-va-ca-phe\/#primaryimage\"},\"image\":{\"@id\":\"https:\/\/jringcafe.com\/vi\/product\/combo-co-vua-va-ca-phe\/#primaryimage\"},\"thumbnailUrl\":\"https:\/\/jringcafe.com\/vi\/wp-content\/uploads\/2024\/04\/cophe2-01.jpg\",\"datePublished\":\"2024-04-20T09:51:51+00:00\",\"dateModified\":\"2025-12-03T11:00:08+00:00\",\"breadcrumb\":{\"@id\":\"https:\/\/jringcafe.com\/vi\/product\/combo-co-vua-va-ca-phe\/#breadcrumb\"},\"inLanguage\":\"vi\",\"potentialAction\":[{\"@type\":\"ReadAction\",\"target\":[\"https:\/\/jringcafe.com\/vi\/product\/combo-co-vua-va-ca-phe\/\"]}]},{\"@type\":\"ImageObject\",\"inLanguage\":\"vi\",\"@id\":\"https:\/\/jringcafe.com\/vi\/product\/combo-co-vua-va-ca-phe\/#primaryimage\",\"url\":\"https:\/\/jringcafe.com\/vi\/wp-content\/uploads\/2024\/04\/cophe2-01.jpg\",\"contentUrl\":\"https:\/\/jringcafe.com\/vi\/wp-content\/uploads\/2024\/04\/cophe2-01.jpg\",\"width\":1080,\"height\":1080},{\"@type\":\"BreadcrumbList\",\"@id\":\"https:\/\/jringcafe.com\/vi\/product\/combo-co-vua-va-ca-phe\/#breadcrumb\",\"itemListElement\":[{\"@type\":\"ListItem\",\"position\":1,\"name\":\"Trang ch\u1ee7\",\"item\":\"https:\/\/jringcafe.com\/vi\/\"},{\"@type\":\"ListItem\",\"position\":2,\"name\":\"Shop\",\"item\":\"https:\/\/jringcafe.com\/vi\/shop\/\"},{\"@type\":\"ListItem\",\"position\":3,\"name\":\"Combo &#8220;C\u1edd Ph\u00ea&#8221; g\u1ed3m caf\u00e9 ch\u1ea5t l\u01b0\u1ee3ng cao v\u00e0 b\u1ed9 c\u1edd vua b\u1eb1ng g\u1ed7\"}]},{\"@type\":\"WebSite\",\"@id\":\"https:\/\/jringcafe.com\/vi\/#website\",\"url\":\"https:\/\/jringcafe.com\/vi\/\",\"name\":\"Jring Caf\u00e9 - \u0110\u1ebfn t\u1eeb cao nguy\u00ean Di Linh\",\"description\":\"Come from Di Linh highland\",\"publisher\":{\"@id\":\"https:\/\/jringcafe.com\/vi\/#organization\"},\"potentialAction\":[{\"@type\":\"SearchAction\",\"target\":{\"@type\":\"EntryPoint\",\"urlTemplate\":\"https:\/\/jringcafe.com\/vi\/?s={search_term_string}\"},\"query-input\":\"required name=search_term_string\"}],\"inLanguage\":\"vi\"},{\"@type\":\"Organization\",\"@id\":\"https:\/\/jringcafe.com\/vi\/#organization\",\"name\":\"Jring Caf\u00e9 - \u0110\u1ebfn t\u1eeb cao nguy\u00ean Di Linh\",\"url\":\"https:\/\/jringcafe.com\/vi\/\",\"logo\":{\"@type\":\"ImageObject\",\"inLanguage\":\"vi\",\"@id\":\"https:\/\/jringcafe.com\/vi\/#\/schema\/logo\/image\/\",\"url\":\"https:\/\/jringcafe.com\/vi\/wp-content\/uploads\/2024\/04\/nen2-scaled.jpg\",\"contentUrl\":\"https:\/\/jringcafe.com\/vi\/wp-content\/uploads\/2024\/04\/nen2-scaled.jpg\",\"width\":2560,\"height\":1707,\"caption\":\"Jring Caf\u00e9 - \u0110\u1ebfn t\u1eeb cao nguy\u00ean Di Linh\"},\"image\":{\"@id\":\"https:\/\/jringcafe.com\/vi\/#\/schema\/logo\/image\/\"},\"sameAs\":[\"https:\/\/www.facebook.com\/jringcafe\",\"https:\/\/www.tiktok.com\/@jringcafe\",\"https:\/\/shopee.vn\/jringcafe\"]}]}<\/script>\n<!-- \/ Yoast SEO plugin. -->","yoast_head_json":{"title":"Combo \"C\u1edd Ph\u00ea\" g\u1ed3m caf\u00e9 ch\u1ea5t l\u01b0\u1ee3ng cao v\u00e0 b\u1ed9 c\u1edd vua b\u1eb1ng g\u1ed7 - Jring Caf\u00e9","robots":{"index":"index","follow":"follow","max-snippet":"max-snippet:-1","max-image-preview":"max-image-preview:large","max-video-preview":"max-video-preview:-1"},"canonical":"https:\/\/jringcafe.com\/vi\/product\/combo-co-vua-va-ca-phe\/","og_locale":"vi_VN","og_type":"article","og_title":"Combo \"C\u1edd Ph\u00ea\" g\u1ed3m caf\u00e9 ch\u1ea5t l\u01b0\u1ee3ng cao v\u00e0 b\u1ed9 c\u1edd vua b\u1eb1ng g\u1ed7 - Jring Caf\u00e9","og_description":"Set \"C\u1edc PH\u00ca\" ch\u1ea5t l\u01b0\u1ee3ng cao k\u00e8m b\u1ed9 c\u1edd vua v\u1eeba t\u0103ng n\u0103ng l\u01b0\u1ee3ng v\u1eeba gi\u1ea3i tr\u00ed b\u1ed9 n\u00e3o ch\u1ec9 399.000\u0111. S\u1ea3n ph\u1ea9m g\u1ed3m 1 h\u1ed9p c\u1edd &amp; qu\u00e2n c\u1edd g\u1ed7 1 g\u00f3i Ara Brasil 250gr 1 g\u00f3i c\u1ea3m h\u1ee9ng 250gr 1 g\u00f3i \u0111\u1eadm \u0111\u00e0 250gr 1 g\u00f3i robusta 250gr  &nbsp;","og_url":"https:\/\/jringcafe.com\/vi\/product\/combo-co-vua-va-ca-phe\/","og_site_name":"Jring Caf\u00e9","article_publisher":"https:\/\/www.facebook.com\/jringcafe","article_modified_time":"2025-12-03T11:00:08+00:00","og_image":[{"width":1080,"height":1080,"url":"https:\/\/jringcafe.com\/vi\/wp-content\/uploads\/2024\/04\/cophe2-01.jpg","type":"image\/jpeg"}],"twitter_card":"summary_large_image","twitter_misc":{"\u01af\u1edbc t\u00ednh th\u1eddi gian \u0111\u1ecdc":"2 ph\u00fat"},"schema":{"@context":"https:\/\/schema.org","@graph":[{"@type":"WebPage","@id":"https:\/\/jringcafe.com\/vi\/product\/combo-co-vua-va-ca-phe\/","url":"https:\/\/jringcafe.com\/vi\/product\/combo-co-vua-va-ca-phe\/","name":"Combo \"C\u1edd Ph\u00ea\" g\u1ed3m caf\u00e9 ch\u1ea5t l\u01b0\u1ee3ng cao v\u00e0 b\u1ed9 c\u1edd vua b\u1eb1ng g\u1ed7 - Jring Caf\u00e9","isPartOf":{"@id":"https:\/\/jringcafe.com\/vi\/#website"},"primaryImageOfPage":{"@id":"https:\/\/jringcafe.com\/vi\/product\/combo-co-vua-va-ca-phe\/#primaryimage"},"image":{"@id":"https:\/\/jringcafe.com\/vi\/product\/combo-co-vua-va-ca-phe\/#primaryimage"},"thumbnailUrl":"https:\/\/jringcafe.com\/vi\/wp-content\/uploads\/2024\/04\/cophe2-01.jpg","datePublished":"2024-04-20T09:51:51+00:00","dateModified":"2025-12-03T11:00:08+00:00","breadcrumb":{"@id":"https:\/\/jringcafe.com\/vi\/product\/combo-co-vua-va-ca-phe\/#breadcrumb"},"inLanguage":"vi","potentialAction":[{"@type":"ReadAction","target":["https:\/\/jringcafe.com\/vi\/product\/combo-co-vua-va-ca-phe\/"]}]},{"@type":"ImageObject","inLanguage":"vi","@id":"https:\/\/jringcafe.com\/vi\/product\/combo-co-vua-va-ca-phe\/#primaryimage","url":"https:\/\/jringcafe.com\/vi\/wp-content\/uploads\/2024\/04\/cophe2-01.jpg","contentUrl":"https:\/\/jringcafe.com\/vi\/wp-content\/uploads\/2024\/04\/cophe2-01.jpg","width":1080,"height":1080},{"@type":"BreadcrumbList","@id":"https:\/\/jringcafe.com\/vi\/product\/combo-co-vua-va-ca-phe\/#breadcrumb","itemListElement":[{"@type":"ListItem","position":1,"name":"Trang ch\u1ee7","item":"https:\/\/jringcafe.com\/vi\/"},{"@type":"ListItem","position":2,"name":"Shop","item":"https:\/\/jringcafe.com\/vi\/shop\/"},{"@type":"ListItem","position":3,"name":"Combo &#8220;C\u1edd Ph\u00ea&#8221; g\u1ed3m caf\u00e9 ch\u1ea5t l\u01b0\u1ee3ng cao v\u00e0 b\u1ed9 c\u1edd vua b\u1eb1ng g\u1ed7"}]},{"@type":"WebSite","@id":"https:\/\/jringcafe.com\/vi\/#website","url":"https:\/\/jringcafe.com\/vi\/","name":"Jring Caf\u00e9 - \u0110\u1ebfn t\u1eeb cao nguy\u00ean Di Linh","description":"Come from Di Linh highland","publisher":{"@id":"https:\/\/jringcafe.com\/vi\/#organization"},"potentialAction":[{"@type":"SearchAction","target":{"@type":"EntryPoint","urlTemplate":"https:\/\/jringcafe.com\/vi\/?s={search_term_string}"},"query-input":"required name=search_term_string"}],"inLanguage":"vi"},{"@type":"Organization","@id":"https:\/\/jringcafe.com\/vi\/#organization","name":"Jring Caf\u00e9 - \u0110\u1ebfn t\u1eeb cao nguy\u00ean Di Linh","url":"https:\/\/jringcafe.com\/vi\/","logo":{"@type":"ImageObject","inLanguage":"vi","@id":"https:\/\/jringcafe.com\/vi\/#\/schema\/logo\/image\/","url":"https:\/\/jringcafe.com\/vi\/wp-content\/uploads\/2024\/04\/nen2-scaled.jpg","contentUrl":"https:\/\/jringcafe.com\/vi\/wp-content\/uploads\/2024\/04\/nen2-scaled.jpg","width":2560,"height":1707,"caption":"Jring Caf\u00e9 - \u0110\u1ebfn t\u1eeb cao nguy\u00ean Di Linh"},"image":{"@id":"https:\/\/jringcafe.com\/vi\/#\/schema\/logo\/image\/"},"sameAs":["https:\/\/www.facebook.com\/jringcafe","https:\/\/www.tiktok.com\/@jringcafe","https:\/\/shopee.vn\/jringcafe"]}]}},"jetpack_sharing_enabled":true,"_links":{"self":[{"href":"https:\/\/jringcafe.com\/vi\/wp-json\/wp\/v2\/product\/433","targetHints":{"allow":["GET"]}}],"collection":[{"href":"https:\/\/jringcafe.com\/vi\/wp-json\/wp\/v2\/product"}],"about":[{"href":"https:\/\/jringcafe.com\/vi\/wp-json\/wp\/v2\/types\/product"}],"replies":[{"embeddable":true,"href":"https:\/\/jringcafe.com\/vi\/wp-json\/wp\/v2\/comments?post=433"}],"wp:featuredmedia":[{"embeddable":true,"href":"https:\/\/jringcafe.com\/vi\/wp-json\/wp\/v2\/media\/423"}],"wp:attachment":[{"href":"https:\/\/jringcafe.com\/vi\/wp-json\/wp\/v2\/media?parent=433"}],"wp:term":[{"taxonomy":"product_cat","embeddable":true,"href":"https:\/\/jringcafe.com\/vi\/wp-json\/wp\/v2\/product_cat?post=433"},{"taxonomy":"product_tag","embeddable":true,"href":"https:\/\/jringcafe.com\/vi\/wp-json\/wp\/v2\/product_tag?post=433"}],"curies":[{"name":"wp","href":"https:\/\/api.w.org\/{rel}","templated":true}]}}