{"id":442,"date":"2024-04-20T09:57:41","date_gmt":"2024-04-20T09:57:41","guid":{"rendered":"https:\/\/jringcafe.com\/vi\/?post_type=product&#038;p=442"},"modified":"2025-12-03T10:59:25","modified_gmt":"2025-12-03T10:59:25","slug":"ca-phe-arabica-brasil-rang-vua-vi-nhe-nhang-em-diu","status":"publish","type":"product","link":"https:\/\/jringcafe.com\/vi\/product\/ca-phe-arabica-brasil-rang-vua-vi-nhe-nhang-em-diu\/","title":{"rendered":"C\u00e0 ph\u00ea Arabica Brasil rang v\u1eeba, v\u1ecb nh\u1eb9 nh\u00e0ng \u00eam d\u1ecbu"},"content":{"rendered":"<p>Brasil (Arabica Natural) : H\u01b0\u01a1ng v\u1ecb: Creamy, chocolate, h\u1ea1t b\u00e9o, tr\u00e1i c\u00e2y nh\u1eb9, v\u1ecb m\u1ecbn s\u00e1ng v\u00e0 c\u00e2n b\u1eb1ng. Xu\u1ea5t x\u1ee9: Brasil | \u0110\u1ed9 cao: t\u1eeb 1000-1300m | Ph\u01b0\u01a1ng ph\u00e1p ch\u1ebf bi\u1ebfn: ph\u01a1i kh\u00f4. Brasil \u0111\u01b0\u1ee3c bi\u1ebft \u0111\u1ebfn l\u00e0 qu\u1ed1c xu\u1ea5t kh\u1ea9u cafe \u0111\u1ee9ng \u0111\u1ea7u th\u1ebf gi\u1edbi. S\u1ea3n ph\u1ea9m cafe Brasil c\u1ee7a Jring \u0111\u01b0\u1ee3c rang t\u1eeb nh\u00e2n xanh arabica ch\u1ecdn l\u1ecdc t\u1eeb Brasil \u0111\u1ec3 kh\u00e1ch h\u00e0ng c\u00f3 th\u1ec3 tr\u1ea3i nghi\u1ec7m h\u01b0\u01a1ng v\u1ecb cafe c\u1ee7a qu\u1ed1c gia n\u00e0y. S\u1ea3n ph\u1ea9m ph\u00f9 h\u1ee3p cho pha m\u00e1y espresso, pour, cold brew. M\u1ee9c rang medium gi\u1eef tr\u1ecdn h\u01b0\u01a1ng v\u1ecb. H\u1ea1n s\u1eed d\u1ee5ng 6 th\u00e1ng k\u1ec3 t\u1eeb ng\u00e0y rang.<\/p>\n","protected":false},"excerpt":{"rendered":"<p>Brasil (Arabica Natural) : H\u01b0\u01a1ng v\u1ecb: Creamy, chocolate, h\u1ea1t b\u00e9o, tr\u00e1i c\u00e2y nh\u1eb9, v\u1ecb m\u1ecbn s\u00e1ng v\u00e0 c\u00e2n b\u1eb1ng. Xu\u1ea5t x\u1ee9: Brasil | \u0110\u1ed9 cao: t\u1eeb 1000-1300m | Ph\u01b0\u01a1ng ph\u00e1p ch\u1ebf bi\u1ebfn: ph\u01a1i kh\u00f4. Brasil \u0111\u01b0\u1ee3c bi\u1ebft \u0111\u1ebfn l\u00e0 qu\u1ed1c xu\u1ea5t kh\u1ea9u cafe \u0111\u1ee9ng \u0111\u1ea7u th\u1ebf gi\u1edbi.<\/p>\n","protected":false},"featured_media":446,"comment_status":"open","ping_status":"closed","template":"","meta":[],"product_cat":[72,69],"product_tag":[],"class_list":{"0":"post-442","1":"product","2":"type-product","3":"status-publish","4":"has-post-thumbnail","6":"product_cat-ca-phe-ngoai","7":"product_cat-ca-phe-rang-xay","9":"first","10":"instock","11":"taxable","12":"shipping-taxable","13":"purchasable","14":"product-type-variable"},"yoast_head":"<!-- This site is optimized with the Yoast SEO plugin v23.0 - https:\/\/yoast.com\/wordpress\/plugins\/seo\/ -->\n<title>C\u00e0 ph\u00ea Arabica Brasil rang v\u1eeba, v\u1ecb nh\u1eb9 nh\u00e0ng \u00eam d\u1ecbu - Jring Caf\u00e9<\/title>\n<meta name=\"robots\" content=\"index, follow, max-snippet:-1, max-image-preview:large, max-video-preview:-1\" \/>\n<link rel=\"canonical\" href=\"https:\/\/jringcafe.com\/vi\/product\/ca-phe-arabica-brasil-rang-vua-vi-nhe-nhang-em-diu\/\" \/>\n<meta property=\"og:locale\" content=\"vi_VN\" \/>\n<meta property=\"og:type\" content=\"article\" \/>\n<meta property=\"og:title\" content=\"C\u00e0 ph\u00ea Arabica Brasil rang v\u1eeba, v\u1ecb nh\u1eb9 nh\u00e0ng \u00eam d\u1ecbu - Jring Caf\u00e9\" \/>\n<meta property=\"og:description\" content=\"Brasil (Arabica Natural) : H\u01b0\u01a1ng v\u1ecb: Creamy, chocolate, h\u1ea1t b\u00e9o, tr\u00e1i c\u00e2y nh\u1eb9, v\u1ecb m\u1ecbn s\u00e1ng v\u00e0 c\u00e2n b\u1eb1ng. Xu\u1ea5t x\u1ee9: Brasil | \u0110\u1ed9 cao: t\u1eeb 1000-1300m | Ph\u01b0\u01a1ng ph\u00e1p ch\u1ebf bi\u1ebfn: ph\u01a1i kh\u00f4. Brasil \u0111\u01b0\u1ee3c bi\u1ebft \u0111\u1ebfn l\u00e0 qu\u1ed1c xu\u1ea5t kh\u1ea9u cafe \u0111\u1ee9ng \u0111\u1ea7u th\u1ebf gi\u1edbi.\" \/>\n<meta property=\"og:url\" content=\"https:\/\/jringcafe.com\/vi\/product\/ca-phe-arabica-brasil-rang-vua-vi-nhe-nhang-em-diu\/\" \/>\n<meta property=\"og:site_name\" content=\"Jring Caf\u00e9\" \/>\n<meta property=\"article:publisher\" content=\"https:\/\/www.facebook.com\/jringcafe\" \/>\n<meta property=\"article:modified_time\" content=\"2025-12-03T10:59:25+00:00\" \/>\n<meta property=\"og:image\" content=\"https:\/\/jringcafe.com\/vi\/wp-content\/uploads\/2024\/04\/vn-11134207-7r98o-ltwic59csmiy9b.jpg\" \/>\n\t<meta property=\"og:image:width\" content=\"1024\" \/>\n\t<meta property=\"og:image:height\" content=\"1024\" \/>\n\t<meta property=\"og:image:type\" content=\"image\/jpeg\" \/>\n<meta name=\"twitter:card\" content=\"summary_large_image\" \/>\n<meta name=\"twitter:label1\" content=\"\u01af\u1edbc t\u00ednh th\u1eddi gian \u0111\u1ecdc\" \/>\n\t<meta name=\"twitter:data1\" content=\"1 ph\u00fat\" \/>\n<script type=\"application\/ld+json\" class=\"yoast-schema-graph\">{\"@context\":\"https:\/\/schema.org\",\"@graph\":[{\"@type\":\"WebPage\",\"@id\":\"https:\/\/jringcafe.com\/vi\/product\/ca-phe-arabica-brasil-rang-vua-vi-nhe-nhang-em-diu\/\",\"url\":\"https:\/\/jringcafe.com\/vi\/product\/ca-phe-arabica-brasil-rang-vua-vi-nhe-nhang-em-diu\/\",\"name\":\"C\u00e0 ph\u00ea Arabica Brasil rang v\u1eeba, v\u1ecb nh\u1eb9 nh\u00e0ng \u00eam d\u1ecbu - Jring Caf\u00e9\",\"isPartOf\":{\"@id\":\"https:\/\/jringcafe.com\/vi\/#website\"},\"primaryImageOfPage\":{\"@id\":\"https:\/\/jringcafe.com\/vi\/product\/ca-phe-arabica-brasil-rang-vua-vi-nhe-nhang-em-diu\/#primaryimage\"},\"image\":{\"@id\":\"https:\/\/jringcafe.com\/vi\/product\/ca-phe-arabica-brasil-rang-vua-vi-nhe-nhang-em-diu\/#primaryimage\"},\"thumbnailUrl\":\"https:\/\/jringcafe.com\/vi\/wp-content\/uploads\/2024\/04\/vn-11134207-7r98o-ltwic59csmiy9b.jpg\",\"datePublished\":\"2024-04-20T09:57:41+00:00\",\"dateModified\":\"2025-12-03T10:59:25+00:00\",\"breadcrumb\":{\"@id\":\"https:\/\/jringcafe.com\/vi\/product\/ca-phe-arabica-brasil-rang-vua-vi-nhe-nhang-em-diu\/#breadcrumb\"},\"inLanguage\":\"vi\",\"potentialAction\":[{\"@type\":\"ReadAction\",\"target\":[\"https:\/\/jringcafe.com\/vi\/product\/ca-phe-arabica-brasil-rang-vua-vi-nhe-nhang-em-diu\/\"]}]},{\"@type\":\"ImageObject\",\"inLanguage\":\"vi\",\"@id\":\"https:\/\/jringcafe.com\/vi\/product\/ca-phe-arabica-brasil-rang-vua-vi-nhe-nhang-em-diu\/#primaryimage\",\"url\":\"https:\/\/jringcafe.com\/vi\/wp-content\/uploads\/2024\/04\/vn-11134207-7r98o-ltwic59csmiy9b.jpg\",\"contentUrl\":\"https:\/\/jringcafe.com\/vi\/wp-content\/uploads\/2024\/04\/vn-11134207-7r98o-ltwic59csmiy9b.jpg\",\"width\":1024,\"height\":1024},{\"@type\":\"BreadcrumbList\",\"@id\":\"https:\/\/jringcafe.com\/vi\/product\/ca-phe-arabica-brasil-rang-vua-vi-nhe-nhang-em-diu\/#breadcrumb\",\"itemListElement\":[{\"@type\":\"ListItem\",\"position\":1,\"name\":\"Trang ch\u1ee7\",\"item\":\"https:\/\/jringcafe.com\/vi\/\"},{\"@type\":\"ListItem\",\"position\":2,\"name\":\"Shop\",\"item\":\"https:\/\/jringcafe.com\/vi\/shop\/\"},{\"@type\":\"ListItem\",\"position\":3,\"name\":\"C\u00e0 ph\u00ea Arabica Brasil rang v\u1eeba, v\u1ecb nh\u1eb9 nh\u00e0ng \u00eam d\u1ecbu\"}]},{\"@type\":\"WebSite\",\"@id\":\"https:\/\/jringcafe.com\/vi\/#website\",\"url\":\"https:\/\/jringcafe.com\/vi\/\",\"name\":\"Jring Caf\u00e9 - \u0110\u1ebfn t\u1eeb cao nguy\u00ean Di Linh\",\"description\":\"Come from Di Linh highland\",\"publisher\":{\"@id\":\"https:\/\/jringcafe.com\/vi\/#organization\"},\"potentialAction\":[{\"@type\":\"SearchAction\",\"target\":{\"@type\":\"EntryPoint\",\"urlTemplate\":\"https:\/\/jringcafe.com\/vi\/?s={search_term_string}\"},\"query-input\":\"required name=search_term_string\"}],\"inLanguage\":\"vi\"},{\"@type\":\"Organization\",\"@id\":\"https:\/\/jringcafe.com\/vi\/#organization\",\"name\":\"Jring Caf\u00e9 - \u0110\u1ebfn t\u1eeb cao nguy\u00ean Di Linh\",\"url\":\"https:\/\/jringcafe.com\/vi\/\",\"logo\":{\"@type\":\"ImageObject\",\"inLanguage\":\"vi\",\"@id\":\"https:\/\/jringcafe.com\/vi\/#\/schema\/logo\/image\/\",\"url\":\"https:\/\/jringcafe.com\/vi\/wp-content\/uploads\/2024\/04\/nen2-scaled.jpg\",\"contentUrl\":\"https:\/\/jringcafe.com\/vi\/wp-content\/uploads\/2024\/04\/nen2-scaled.jpg\",\"width\":2560,\"height\":1707,\"caption\":\"Jring Caf\u00e9 - \u0110\u1ebfn t\u1eeb cao nguy\u00ean Di Linh\"},\"image\":{\"@id\":\"https:\/\/jringcafe.com\/vi\/#\/schema\/logo\/image\/\"},\"sameAs\":[\"https:\/\/www.facebook.com\/jringcafe\",\"https:\/\/www.tiktok.com\/@jringcafe\",\"https:\/\/shopee.vn\/jringcafe\"]}]}<\/script>\n<!-- \/ Yoast SEO plugin. -->","yoast_head_json":{"title":"C\u00e0 ph\u00ea Arabica Brasil rang v\u1eeba, v\u1ecb nh\u1eb9 nh\u00e0ng \u00eam d\u1ecbu - Jring Caf\u00e9","robots":{"index":"index","follow":"follow","max-snippet":"max-snippet:-1","max-image-preview":"max-image-preview:large","max-video-preview":"max-video-preview:-1"},"canonical":"https:\/\/jringcafe.com\/vi\/product\/ca-phe-arabica-brasil-rang-vua-vi-nhe-nhang-em-diu\/","og_locale":"vi_VN","og_type":"article","og_title":"C\u00e0 ph\u00ea Arabica Brasil rang v\u1eeba, v\u1ecb nh\u1eb9 nh\u00e0ng \u00eam d\u1ecbu - Jring Caf\u00e9","og_description":"Brasil (Arabica Natural) : H\u01b0\u01a1ng v\u1ecb: Creamy, chocolate, h\u1ea1t b\u00e9o, tr\u00e1i c\u00e2y nh\u1eb9, v\u1ecb m\u1ecbn s\u00e1ng v\u00e0 c\u00e2n b\u1eb1ng. Xu\u1ea5t x\u1ee9: Brasil | \u0110\u1ed9 cao: t\u1eeb 1000-1300m | Ph\u01b0\u01a1ng ph\u00e1p ch\u1ebf bi\u1ebfn: ph\u01a1i kh\u00f4. Brasil \u0111\u01b0\u1ee3c bi\u1ebft \u0111\u1ebfn l\u00e0 qu\u1ed1c xu\u1ea5t kh\u1ea9u cafe \u0111\u1ee9ng \u0111\u1ea7u th\u1ebf gi\u1edbi.","og_url":"https:\/\/jringcafe.com\/vi\/product\/ca-phe-arabica-brasil-rang-vua-vi-nhe-nhang-em-diu\/","og_site_name":"Jring Caf\u00e9","article_publisher":"https:\/\/www.facebook.com\/jringcafe","article_modified_time":"2025-12-03T10:59:25+00:00","og_image":[{"width":1024,"height":1024,"url":"https:\/\/jringcafe.com\/vi\/wp-content\/uploads\/2024\/04\/vn-11134207-7r98o-ltwic59csmiy9b.jpg","type":"image\/jpeg"}],"twitter_card":"summary_large_image","twitter_misc":{"\u01af\u1edbc t\u00ednh th\u1eddi gian \u0111\u1ecdc":"1 ph\u00fat"},"schema":{"@context":"https:\/\/schema.org","@graph":[{"@type":"WebPage","@id":"https:\/\/jringcafe.com\/vi\/product\/ca-phe-arabica-brasil-rang-vua-vi-nhe-nhang-em-diu\/","url":"https:\/\/jringcafe.com\/vi\/product\/ca-phe-arabica-brasil-rang-vua-vi-nhe-nhang-em-diu\/","name":"C\u00e0 ph\u00ea Arabica Brasil rang v\u1eeba, v\u1ecb nh\u1eb9 nh\u00e0ng \u00eam d\u1ecbu - Jring Caf\u00e9","isPartOf":{"@id":"https:\/\/jringcafe.com\/vi\/#website"},"primaryImageOfPage":{"@id":"https:\/\/jringcafe.com\/vi\/product\/ca-phe-arabica-brasil-rang-vua-vi-nhe-nhang-em-diu\/#primaryimage"},"image":{"@id":"https:\/\/jringcafe.com\/vi\/product\/ca-phe-arabica-brasil-rang-vua-vi-nhe-nhang-em-diu\/#primaryimage"},"thumbnailUrl":"https:\/\/jringcafe.com\/vi\/wp-content\/uploads\/2024\/04\/vn-11134207-7r98o-ltwic59csmiy9b.jpg","datePublished":"2024-04-20T09:57:41+00:00","dateModified":"2025-12-03T10:59:25+00:00","breadcrumb":{"@id":"https:\/\/jringcafe.com\/vi\/product\/ca-phe-arabica-brasil-rang-vua-vi-nhe-nhang-em-diu\/#breadcrumb"},"inLanguage":"vi","potentialAction":[{"@type":"ReadAction","target":["https:\/\/jringcafe.com\/vi\/product\/ca-phe-arabica-brasil-rang-vua-vi-nhe-nhang-em-diu\/"]}]},{"@type":"ImageObject","inLanguage":"vi","@id":"https:\/\/jringcafe.com\/vi\/product\/ca-phe-arabica-brasil-rang-vua-vi-nhe-nhang-em-diu\/#primaryimage","url":"https:\/\/jringcafe.com\/vi\/wp-content\/uploads\/2024\/04\/vn-11134207-7r98o-ltwic59csmiy9b.jpg","contentUrl":"https:\/\/jringcafe.com\/vi\/wp-content\/uploads\/2024\/04\/vn-11134207-7r98o-ltwic59csmiy9b.jpg","width":1024,"height":1024},{"@type":"BreadcrumbList","@id":"https:\/\/jringcafe.com\/vi\/product\/ca-phe-arabica-brasil-rang-vua-vi-nhe-nhang-em-diu\/#breadcrumb","itemListElement":[{"@type":"ListItem","position":1,"name":"Trang ch\u1ee7","item":"https:\/\/jringcafe.com\/vi\/"},{"@type":"ListItem","position":2,"name":"Shop","item":"https:\/\/jringcafe.com\/vi\/shop\/"},{"@type":"ListItem","position":3,"name":"C\u00e0 ph\u00ea Arabica Brasil rang v\u1eeba, v\u1ecb nh\u1eb9 nh\u00e0ng \u00eam d\u1ecbu"}]},{"@type":"WebSite","@id":"https:\/\/jringcafe.com\/vi\/#website","url":"https:\/\/jringcafe.com\/vi\/","name":"Jring Caf\u00e9 - \u0110\u1ebfn t\u1eeb cao nguy\u00ean Di Linh","description":"Come from Di Linh highland","publisher":{"@id":"https:\/\/jringcafe.com\/vi\/#organization"},"potentialAction":[{"@type":"SearchAction","target":{"@type":"EntryPoint","urlTemplate":"https:\/\/jringcafe.com\/vi\/?s={search_term_string}"},"query-input":"required name=search_term_string"}],"inLanguage":"vi"},{"@type":"Organization","@id":"https:\/\/jringcafe.com\/vi\/#organization","name":"Jring Caf\u00e9 - \u0110\u1ebfn t\u1eeb cao nguy\u00ean Di Linh","url":"https:\/\/jringcafe.com\/vi\/","logo":{"@type":"ImageObject","inLanguage":"vi","@id":"https:\/\/jringcafe.com\/vi\/#\/schema\/logo\/image\/","url":"https:\/\/jringcafe.com\/vi\/wp-content\/uploads\/2024\/04\/nen2-scaled.jpg","contentUrl":"https:\/\/jringcafe.com\/vi\/wp-content\/uploads\/2024\/04\/nen2-scaled.jpg","width":2560,"height":1707,"caption":"Jring Caf\u00e9 - \u0110\u1ebfn t\u1eeb cao nguy\u00ean Di Linh"},"image":{"@id":"https:\/\/jringcafe.com\/vi\/#\/schema\/logo\/image\/"},"sameAs":["https:\/\/www.facebook.com\/jringcafe","https:\/\/www.tiktok.com\/@jringcafe","https:\/\/shopee.vn\/jringcafe"]}]}},"jetpack_sharing_enabled":true,"_links":{"self":[{"href":"https:\/\/jringcafe.com\/vi\/wp-json\/wp\/v2\/product\/442","targetHints":{"allow":["GET"]}}],"collection":[{"href":"https:\/\/jringcafe.com\/vi\/wp-json\/wp\/v2\/product"}],"about":[{"href":"https:\/\/jringcafe.com\/vi\/wp-json\/wp\/v2\/types\/product"}],"replies":[{"embeddable":true,"href":"https:\/\/jringcafe.com\/vi\/wp-json\/wp\/v2\/comments?post=442"}],"wp:featuredmedia":[{"embeddable":true,"href":"https:\/\/jringcafe.com\/vi\/wp-json\/wp\/v2\/media\/446"}],"wp:attachment":[{"href":"https:\/\/jringcafe.com\/vi\/wp-json\/wp\/v2\/media?parent=442"}],"wp:term":[{"taxonomy":"product_cat","embeddable":true,"href":"https:\/\/jringcafe.com\/vi\/wp-json\/wp\/v2\/product_cat?post=442"},{"taxonomy":"product_tag","embeddable":true,"href":"https:\/\/jringcafe.com\/vi\/wp-json\/wp\/v2\/product_tag?post=442"}],"curies":[{"name":"wp","href":"https:\/\/api.w.org\/{rel}","templated":true}]}}