{"id":452,"date":"2024-04-20T10:28:21","date_gmt":"2024-04-20T10:28:21","guid":{"rendered":"https:\/\/jringcafe.com\/vi\/?post_type=product&#038;p=452"},"modified":"2025-12-03T10:53:51","modified_gmt":"2025-12-03T10:53:51","slug":"ca-phe-arabica-colombia-supermo-rang-vua-huong-thom-em-diu","status":"publish","type":"product","link":"https:\/\/jringcafe.com\/vi\/product\/ca-phe-arabica-colombia-supermo-rang-vua-huong-thom-em-diu\/","title":{"rendered":"C\u00e0 ph\u00ea Arabica Colombia Supermo rang v\u1eeba h\u01b0\u01a1ng th\u01a1m \u00eam d\u1ecbu"},"content":{"rendered":"<p>Colombia Supermo: H\u01b0\u01a1ng v\u1ecb: Chocolate, Caramel, Vani, tr\u00e1i c\u00e2y. Xu\u1ea5t x\u1ee9: Colombia | \u0110\u1ed9 cao: 1700-1800m | Ph\u01b0\u01a1ng ph\u00e1p ch\u1ebf bi\u1ebfn: Ch\u1ebf bi\u1ebfn \u01b0\u1edbt. Colombia l\u00e0 m\u1ed9t trong nh\u1eefng qu\u1ed1c gia c\u00f3 v\u00f9ng tr\u1ed3ng c\u00e0 ph\u00ea ph\u00e1t tri\u1ec3n tr\u00ean th\u1ebf gi\u1edbi v\u1edbi v\u1ecb tr\u00ed v\u00e0 th\u1ed5 nh\u01b0\u1ee1ng t\u1ed1t. C\u00e0 ph\u00ea Colombia c\u00f3 h\u01b0\u01a1ng v\u1ecb \u0111a d\u1ea1ng, t\u1eeb \u0111\u1eadm \u0111\u00e0 caramel, chocolate cho \u0111\u1ebfn nh\u1eefng m\u00f9i h\u01b0\u01a1ng tr\u00e1i c\u00e2y ng\u1ecdt ng\u00e0o, v\u00e0 v\u00f4 v\u00e0n nh\u1eefng h\u01b0\u01a1ng v\u1ecb \u0111\u1ed9c \u0111\u00e1o kh\u00e1c. S\u1ea3n ph\u1ea9m ph\u00f9 h\u1ee3p cho pha m\u00e1y espresso, pour, cold brew. M\u1ee9c rang medium gi\u1eef tr\u1ecdn h\u01b0\u01a1ng v\u1ecb. H\u1ea1n s\u1eed d\u1ee5ng 6 th\u00e1ng k\u1ec3 t\u1eeb ng\u00e0y rang.<\/p>\n","protected":false},"excerpt":{"rendered":"<p>Colombia Supermo: H\u01b0\u01a1ng v\u1ecb: Chocolate, Caramel, Vani, tr\u00e1i c\u00e2y. Xu\u1ea5t x\u1ee9: Colombia | \u0110\u1ed9 cao: 1700-1800m | Ph\u01b0\u01a1ng ph\u00e1p ch\u1ebf bi\u1ebfn: Ch\u1ebf bi\u1ebfn \u01b0\u1edbt. Colombia l\u00e0 m\u1ed9t trong nh\u1eefng qu\u1ed1c gia c\u00f3 v\u00f9ng tr\u1ed3ng c\u00e0 ph\u00ea ph\u00e1t tri\u1ec3n tr\u00ean th\u1ebf gi\u1edbi v\u1edbi v\u1ecb tr\u00ed v\u00e0 th\u1ed5 nh\u01b0\u1ee1ng t\u1ed1t.<\/p>\n","protected":false},"featured_media":457,"comment_status":"open","ping_status":"closed","template":"","meta":[],"product_cat":[72,69],"product_tag":[],"class_list":{"0":"post-452","1":"product","2":"type-product","3":"status-publish","4":"has-post-thumbnail","6":"product_cat-ca-phe-ngoai","7":"product_cat-ca-phe-rang-xay","9":"first","10":"instock","11":"taxable","12":"shipping-taxable","13":"purchasable","14":"product-type-variable"},"yoast_head":"<!-- This site is optimized with the Yoast SEO plugin v23.0 - https:\/\/yoast.com\/wordpress\/plugins\/seo\/ -->\n<title>C\u00e0 ph\u00ea Arabica Colombia Supermo rang v\u1eeba h\u01b0\u01a1ng th\u01a1m \u00eam d\u1ecbu - Jring Caf\u00e9<\/title>\n<meta name=\"robots\" content=\"index, follow, max-snippet:-1, max-image-preview:large, max-video-preview:-1\" \/>\n<link rel=\"canonical\" href=\"https:\/\/jringcafe.com\/vi\/product\/ca-phe-arabica-colombia-supermo-rang-vua-huong-thom-em-diu\/\" \/>\n<meta property=\"og:locale\" content=\"vi_VN\" \/>\n<meta property=\"og:type\" content=\"article\" \/>\n<meta property=\"og:title\" content=\"C\u00e0 ph\u00ea Arabica Colombia Supermo rang v\u1eeba h\u01b0\u01a1ng th\u01a1m \u00eam d\u1ecbu - Jring Caf\u00e9\" \/>\n<meta property=\"og:description\" content=\"Colombia Supermo: H\u01b0\u01a1ng v\u1ecb: Chocolate, Caramel, Vani, tr\u00e1i c\u00e2y. Xu\u1ea5t x\u1ee9: Colombia | \u0110\u1ed9 cao: 1700-1800m | Ph\u01b0\u01a1ng ph\u00e1p ch\u1ebf bi\u1ebfn: Ch\u1ebf bi\u1ebfn \u01b0\u1edbt. Colombia l\u00e0 m\u1ed9t trong nh\u1eefng qu\u1ed1c gia c\u00f3 v\u00f9ng tr\u1ed3ng c\u00e0 ph\u00ea ph\u00e1t tri\u1ec3n tr\u00ean th\u1ebf gi\u1edbi v\u1edbi v\u1ecb tr\u00ed v\u00e0 th\u1ed5 nh\u01b0\u1ee1ng t\u1ed1t.\" \/>\n<meta property=\"og:url\" content=\"https:\/\/jringcafe.com\/vi\/product\/ca-phe-arabica-colombia-supermo-rang-vua-huong-thom-em-diu\/\" \/>\n<meta property=\"og:site_name\" content=\"Jring Caf\u00e9\" \/>\n<meta property=\"article:publisher\" content=\"https:\/\/www.facebook.com\/jringcafe\" \/>\n<meta property=\"article:modified_time\" content=\"2025-12-03T10:53:51+00:00\" \/>\n<meta property=\"og:image\" content=\"https:\/\/jringcafe.com\/vi\/wp-content\/uploads\/2024\/04\/vn-11134207-7r98o-ltwic59d2gi259.jpg\" \/>\n\t<meta property=\"og:image:width\" content=\"1024\" \/>\n\t<meta property=\"og:image:height\" content=\"1024\" \/>\n\t<meta property=\"og:image:type\" content=\"image\/jpeg\" \/>\n<meta name=\"twitter:card\" content=\"summary_large_image\" \/>\n<meta name=\"twitter:label1\" content=\"\u01af\u1edbc t\u00ednh th\u1eddi gian \u0111\u1ecdc\" \/>\n\t<meta name=\"twitter:data1\" content=\"1 ph\u00fat\" \/>\n<script type=\"application\/ld+json\" class=\"yoast-schema-graph\">{\"@context\":\"https:\/\/schema.org\",\"@graph\":[{\"@type\":\"WebPage\",\"@id\":\"https:\/\/jringcafe.com\/vi\/product\/ca-phe-arabica-colombia-supermo-rang-vua-huong-thom-em-diu\/\",\"url\":\"https:\/\/jringcafe.com\/vi\/product\/ca-phe-arabica-colombia-supermo-rang-vua-huong-thom-em-diu\/\",\"name\":\"C\u00e0 ph\u00ea Arabica Colombia Supermo rang v\u1eeba h\u01b0\u01a1ng th\u01a1m \u00eam d\u1ecbu - Jring Caf\u00e9\",\"isPartOf\":{\"@id\":\"https:\/\/jringcafe.com\/vi\/#website\"},\"primaryImageOfPage\":{\"@id\":\"https:\/\/jringcafe.com\/vi\/product\/ca-phe-arabica-colombia-supermo-rang-vua-huong-thom-em-diu\/#primaryimage\"},\"image\":{\"@id\":\"https:\/\/jringcafe.com\/vi\/product\/ca-phe-arabica-colombia-supermo-rang-vua-huong-thom-em-diu\/#primaryimage\"},\"thumbnailUrl\":\"https:\/\/jringcafe.com\/vi\/wp-content\/uploads\/2024\/04\/vn-11134207-7r98o-ltwic59d2gi259.jpg\",\"datePublished\":\"2024-04-20T10:28:21+00:00\",\"dateModified\":\"2025-12-03T10:53:51+00:00\",\"breadcrumb\":{\"@id\":\"https:\/\/jringcafe.com\/vi\/product\/ca-phe-arabica-colombia-supermo-rang-vua-huong-thom-em-diu\/#breadcrumb\"},\"inLanguage\":\"vi\",\"potentialAction\":[{\"@type\":\"ReadAction\",\"target\":[\"https:\/\/jringcafe.com\/vi\/product\/ca-phe-arabica-colombia-supermo-rang-vua-huong-thom-em-diu\/\"]}]},{\"@type\":\"ImageObject\",\"inLanguage\":\"vi\",\"@id\":\"https:\/\/jringcafe.com\/vi\/product\/ca-phe-arabica-colombia-supermo-rang-vua-huong-thom-em-diu\/#primaryimage\",\"url\":\"https:\/\/jringcafe.com\/vi\/wp-content\/uploads\/2024\/04\/vn-11134207-7r98o-ltwic59d2gi259.jpg\",\"contentUrl\":\"https:\/\/jringcafe.com\/vi\/wp-content\/uploads\/2024\/04\/vn-11134207-7r98o-ltwic59d2gi259.jpg\",\"width\":1024,\"height\":1024},{\"@type\":\"BreadcrumbList\",\"@id\":\"https:\/\/jringcafe.com\/vi\/product\/ca-phe-arabica-colombia-supermo-rang-vua-huong-thom-em-diu\/#breadcrumb\",\"itemListElement\":[{\"@type\":\"ListItem\",\"position\":1,\"name\":\"Trang ch\u1ee7\",\"item\":\"https:\/\/jringcafe.com\/vi\/\"},{\"@type\":\"ListItem\",\"position\":2,\"name\":\"Shop\",\"item\":\"https:\/\/jringcafe.com\/vi\/shop\/\"},{\"@type\":\"ListItem\",\"position\":3,\"name\":\"C\u00e0 ph\u00ea Arabica Colombia Supermo rang v\u1eeba h\u01b0\u01a1ng th\u01a1m \u00eam d\u1ecbu\"}]},{\"@type\":\"WebSite\",\"@id\":\"https:\/\/jringcafe.com\/vi\/#website\",\"url\":\"https:\/\/jringcafe.com\/vi\/\",\"name\":\"Jring Caf\u00e9 - \u0110\u1ebfn t\u1eeb cao nguy\u00ean Di Linh\",\"description\":\"Come from Di Linh highland\",\"publisher\":{\"@id\":\"https:\/\/jringcafe.com\/vi\/#organization\"},\"potentialAction\":[{\"@type\":\"SearchAction\",\"target\":{\"@type\":\"EntryPoint\",\"urlTemplate\":\"https:\/\/jringcafe.com\/vi\/?s={search_term_string}\"},\"query-input\":\"required name=search_term_string\"}],\"inLanguage\":\"vi\"},{\"@type\":\"Organization\",\"@id\":\"https:\/\/jringcafe.com\/vi\/#organization\",\"name\":\"Jring Caf\u00e9 - \u0110\u1ebfn t\u1eeb cao nguy\u00ean Di Linh\",\"url\":\"https:\/\/jringcafe.com\/vi\/\",\"logo\":{\"@type\":\"ImageObject\",\"inLanguage\":\"vi\",\"@id\":\"https:\/\/jringcafe.com\/vi\/#\/schema\/logo\/image\/\",\"url\":\"https:\/\/jringcafe.com\/vi\/wp-content\/uploads\/2024\/04\/nen2-scaled.jpg\",\"contentUrl\":\"https:\/\/jringcafe.com\/vi\/wp-content\/uploads\/2024\/04\/nen2-scaled.jpg\",\"width\":2560,\"height\":1707,\"caption\":\"Jring Caf\u00e9 - \u0110\u1ebfn t\u1eeb cao nguy\u00ean Di Linh\"},\"image\":{\"@id\":\"https:\/\/jringcafe.com\/vi\/#\/schema\/logo\/image\/\"},\"sameAs\":[\"https:\/\/www.facebook.com\/jringcafe\",\"https:\/\/www.tiktok.com\/@jringcafe\",\"https:\/\/shopee.vn\/jringcafe\"]}]}<\/script>\n<!-- \/ Yoast SEO plugin. -->","yoast_head_json":{"title":"C\u00e0 ph\u00ea Arabica Colombia Supermo rang v\u1eeba h\u01b0\u01a1ng th\u01a1m \u00eam d\u1ecbu - Jring Caf\u00e9","robots":{"index":"index","follow":"follow","max-snippet":"max-snippet:-1","max-image-preview":"max-image-preview:large","max-video-preview":"max-video-preview:-1"},"canonical":"https:\/\/jringcafe.com\/vi\/product\/ca-phe-arabica-colombia-supermo-rang-vua-huong-thom-em-diu\/","og_locale":"vi_VN","og_type":"article","og_title":"C\u00e0 ph\u00ea Arabica Colombia Supermo rang v\u1eeba h\u01b0\u01a1ng th\u01a1m \u00eam d\u1ecbu - Jring Caf\u00e9","og_description":"Colombia Supermo: H\u01b0\u01a1ng v\u1ecb: Chocolate, Caramel, Vani, tr\u00e1i c\u00e2y. Xu\u1ea5t x\u1ee9: Colombia | \u0110\u1ed9 cao: 1700-1800m | Ph\u01b0\u01a1ng ph\u00e1p ch\u1ebf bi\u1ebfn: Ch\u1ebf bi\u1ebfn \u01b0\u1edbt. Colombia l\u00e0 m\u1ed9t trong nh\u1eefng qu\u1ed1c gia c\u00f3 v\u00f9ng tr\u1ed3ng c\u00e0 ph\u00ea ph\u00e1t tri\u1ec3n tr\u00ean th\u1ebf gi\u1edbi v\u1edbi v\u1ecb tr\u00ed v\u00e0 th\u1ed5 nh\u01b0\u1ee1ng t\u1ed1t.","og_url":"https:\/\/jringcafe.com\/vi\/product\/ca-phe-arabica-colombia-supermo-rang-vua-huong-thom-em-diu\/","og_site_name":"Jring Caf\u00e9","article_publisher":"https:\/\/www.facebook.com\/jringcafe","article_modified_time":"2025-12-03T10:53:51+00:00","og_image":[{"width":1024,"height":1024,"url":"https:\/\/jringcafe.com\/vi\/wp-content\/uploads\/2024\/04\/vn-11134207-7r98o-ltwic59d2gi259.jpg","type":"image\/jpeg"}],"twitter_card":"summary_large_image","twitter_misc":{"\u01af\u1edbc t\u00ednh th\u1eddi gian \u0111\u1ecdc":"1 ph\u00fat"},"schema":{"@context":"https:\/\/schema.org","@graph":[{"@type":"WebPage","@id":"https:\/\/jringcafe.com\/vi\/product\/ca-phe-arabica-colombia-supermo-rang-vua-huong-thom-em-diu\/","url":"https:\/\/jringcafe.com\/vi\/product\/ca-phe-arabica-colombia-supermo-rang-vua-huong-thom-em-diu\/","name":"C\u00e0 ph\u00ea Arabica Colombia Supermo rang v\u1eeba h\u01b0\u01a1ng th\u01a1m \u00eam d\u1ecbu - Jring Caf\u00e9","isPartOf":{"@id":"https:\/\/jringcafe.com\/vi\/#website"},"primaryImageOfPage":{"@id":"https:\/\/jringcafe.com\/vi\/product\/ca-phe-arabica-colombia-supermo-rang-vua-huong-thom-em-diu\/#primaryimage"},"image":{"@id":"https:\/\/jringcafe.com\/vi\/product\/ca-phe-arabica-colombia-supermo-rang-vua-huong-thom-em-diu\/#primaryimage"},"thumbnailUrl":"https:\/\/jringcafe.com\/vi\/wp-content\/uploads\/2024\/04\/vn-11134207-7r98o-ltwic59d2gi259.jpg","datePublished":"2024-04-20T10:28:21+00:00","dateModified":"2025-12-03T10:53:51+00:00","breadcrumb":{"@id":"https:\/\/jringcafe.com\/vi\/product\/ca-phe-arabica-colombia-supermo-rang-vua-huong-thom-em-diu\/#breadcrumb"},"inLanguage":"vi","potentialAction":[{"@type":"ReadAction","target":["https:\/\/jringcafe.com\/vi\/product\/ca-phe-arabica-colombia-supermo-rang-vua-huong-thom-em-diu\/"]}]},{"@type":"ImageObject","inLanguage":"vi","@id":"https:\/\/jringcafe.com\/vi\/product\/ca-phe-arabica-colombia-supermo-rang-vua-huong-thom-em-diu\/#primaryimage","url":"https:\/\/jringcafe.com\/vi\/wp-content\/uploads\/2024\/04\/vn-11134207-7r98o-ltwic59d2gi259.jpg","contentUrl":"https:\/\/jringcafe.com\/vi\/wp-content\/uploads\/2024\/04\/vn-11134207-7r98o-ltwic59d2gi259.jpg","width":1024,"height":1024},{"@type":"BreadcrumbList","@id":"https:\/\/jringcafe.com\/vi\/product\/ca-phe-arabica-colombia-supermo-rang-vua-huong-thom-em-diu\/#breadcrumb","itemListElement":[{"@type":"ListItem","position":1,"name":"Trang ch\u1ee7","item":"https:\/\/jringcafe.com\/vi\/"},{"@type":"ListItem","position":2,"name":"Shop","item":"https:\/\/jringcafe.com\/vi\/shop\/"},{"@type":"ListItem","position":3,"name":"C\u00e0 ph\u00ea Arabica Colombia Supermo rang v\u1eeba h\u01b0\u01a1ng th\u01a1m \u00eam d\u1ecbu"}]},{"@type":"WebSite","@id":"https:\/\/jringcafe.com\/vi\/#website","url":"https:\/\/jringcafe.com\/vi\/","name":"Jring Caf\u00e9 - \u0110\u1ebfn t\u1eeb cao nguy\u00ean Di Linh","description":"Come from Di Linh highland","publisher":{"@id":"https:\/\/jringcafe.com\/vi\/#organization"},"potentialAction":[{"@type":"SearchAction","target":{"@type":"EntryPoint","urlTemplate":"https:\/\/jringcafe.com\/vi\/?s={search_term_string}"},"query-input":"required name=search_term_string"}],"inLanguage":"vi"},{"@type":"Organization","@id":"https:\/\/jringcafe.com\/vi\/#organization","name":"Jring Caf\u00e9 - \u0110\u1ebfn t\u1eeb cao nguy\u00ean Di Linh","url":"https:\/\/jringcafe.com\/vi\/","logo":{"@type":"ImageObject","inLanguage":"vi","@id":"https:\/\/jringcafe.com\/vi\/#\/schema\/logo\/image\/","url":"https:\/\/jringcafe.com\/vi\/wp-content\/uploads\/2024\/04\/nen2-scaled.jpg","contentUrl":"https:\/\/jringcafe.com\/vi\/wp-content\/uploads\/2024\/04\/nen2-scaled.jpg","width":2560,"height":1707,"caption":"Jring Caf\u00e9 - \u0110\u1ebfn t\u1eeb cao nguy\u00ean Di Linh"},"image":{"@id":"https:\/\/jringcafe.com\/vi\/#\/schema\/logo\/image\/"},"sameAs":["https:\/\/www.facebook.com\/jringcafe","https:\/\/www.tiktok.com\/@jringcafe","https:\/\/shopee.vn\/jringcafe"]}]}},"jetpack_sharing_enabled":true,"_links":{"self":[{"href":"https:\/\/jringcafe.com\/vi\/wp-json\/wp\/v2\/product\/452","targetHints":{"allow":["GET"]}}],"collection":[{"href":"https:\/\/jringcafe.com\/vi\/wp-json\/wp\/v2\/product"}],"about":[{"href":"https:\/\/jringcafe.com\/vi\/wp-json\/wp\/v2\/types\/product"}],"replies":[{"embeddable":true,"href":"https:\/\/jringcafe.com\/vi\/wp-json\/wp\/v2\/comments?post=452"}],"wp:featuredmedia":[{"embeddable":true,"href":"https:\/\/jringcafe.com\/vi\/wp-json\/wp\/v2\/media\/457"}],"wp:attachment":[{"href":"https:\/\/jringcafe.com\/vi\/wp-json\/wp\/v2\/media?parent=452"}],"wp:term":[{"taxonomy":"product_cat","embeddable":true,"href":"https:\/\/jringcafe.com\/vi\/wp-json\/wp\/v2\/product_cat?post=452"},{"taxonomy":"product_tag","embeddable":true,"href":"https:\/\/jringcafe.com\/vi\/wp-json\/wp\/v2\/product_tag?post=452"}],"curies":[{"name":"wp","href":"https:\/\/api.w.org\/{rel}","templated":true}]}}