{"id":462,"date":"2024-04-20T10:35:28","date_gmt":"2024-04-20T10:35:28","guid":{"rendered":"https:\/\/jringcafe.com\/vi\/?post_type=product&#038;p=462"},"modified":"2025-12-03T10:47:19","modified_gmt":"2025-12-03T10:47:19","slug":"ca-phe-fine-robusta-dac-san-jring-specialty-coffee-vietnam","status":"publish","type":"product","link":"https:\/\/jringcafe.com\/vi\/product\/ca-phe-fine-robusta-dac-san-jring-specialty-coffee-vietnam\/","title":{"rendered":"C\u00e0 ph\u00ea Fine Robusta \u0111\u1eb7c s\u1ea3n Jring &#8211; Specialty Coffee Vietnam"},"content":{"rendered":"<p>Caf\u00e9 \u0111\u1eb7c s\u1ea3n (Specialty coffee) l\u00e0 thu\u1eadt ng\u1eef d\u00f9ng \u0111\u1ec3 ch\u1ec9 nh\u1eefng h\u1ea1t c\u00e0 ph\u00ea c\u00f3 ch\u1ea5t l\u01b0\u1ee3ng cao \u0111\u1ea1t t\u1eeb 80 \u0111i\u1ec3m tr\u1edf l\u00ean theo thang \u0111i\u1ec3m 100 theo ti\u00eau chu\u1ea9n c\u1ee7a hi\u1ec7p h\u1ed9i c\u00e0 ph\u00ea th\u1ebf gi\u1edbi (CQI). \u0110\u1ed1i d\u00f2ng robusta th\u01b0\u1eddng \u0111\u01b0\u1ee3c g\u1ecdi l\u00e0 Fine Robusta. Cafe \u0111\u1eb7c s\u1ea3n th\u01b0\u1eddng \u0111\u01b0\u1ee3c ch\u1ecdn l\u1ecdc t\u1eeb nh\u1eefng qu\u1ea3 ch\u00edn m\u1ecdng c\u00f3 \u0111\u1ed9 \u0111\u01b0\u1eddng \u1ed5n \u0111\u1ecbnh \u0111\u1ea1t chu\u1ea9n v\u00e0 qua m\u1ed9t kh\u00e2u s\u01a1 ch\u1ebf h\u1ea1t nh\u00e2n t\u1ec9 m\u1ec9 (anaerobic natural, washed&#8230;). Nh\u1eefng h\u1ea1t cafe \u0111\u1eb7c s\u1ea3n khi pha ch\u1ebf \u0111\u00fang c\u00e1ch lu\u00f4n mang \u0111\u1ebfn nh\u1eefng h\u01b0\u01a1ng v\u1ecb \u0111\u1eb7c tr\u01b0ng ri\u00eang r\u1ea5t \u0111\u1ed9c \u0111\u1ea1o. D\u00f2ng cafe \u0111\u1eb7c s\u1ea3n c\u1ee7a Jring \u0111\u01b0\u1ee3c ch\u1ecdn l\u1ecdc nh\u00e2n tr\u1ed3ng t\u1eeb v\u00f9ng tr\u1ed3ng nguy\u00ean li\u1ec7u n\u00fai Min v\u00e0 C\u1ea7u \u0110\u1ea5t \u0111\u1ebfn t\u1eeb nh\u1eefng nh\u00e0 cung c\u1ea5p uy t\u00edn \u0111\u1ea1t \u0111i\u1ec3m s\u1ed1 t\u1eeb 80-82 \u0111i\u1ec3m theo thang \u0111i\u1ec3m c\u1ee7a SCA, \u0111\u1ed9 rang t\u1eeb light-medium \u0111\u1ebfn medium. D\u00f2ng Fine Robusta \u0111\u1ef1ng trong h\u1ed9p thi\u1ebfc tinh t\u1ebf c\u00f3 van h\u00fat 1 chi\u1ec1u, \u0111\u1ed9 rang medium. H\u01b0\u01a1ng v\u1ecb: Fruity, smooth, nutty V\u00f9ng tr\u1ed3ng: Cao nguy\u00ean Di Linh \u0111\u1ed9 cao 1000m<\/p>\n","protected":false},"excerpt":{"rendered":"<p>Caf\u00e9 \u0111\u1eb7c s\u1ea3n (Specialty coffee) l\u00e0 thu\u1eadt ng\u1eef d\u00f9ng \u0111\u1ec3 ch\u1ec9 nh\u1eefng h\u1ea1t c\u00e0 ph\u00ea c\u00f3 ch\u1ea5t l\u01b0\u1ee3ng cao \u0111\u1ea1t t\u1eeb 80 \u0111i\u1ec3m tr\u1edf l\u00ean theo thang \u0111i\u1ec3m 100 theo ti\u00eau chu\u1ea9n c\u1ee7a hi\u1ec7p h\u1ed9i c\u00e0 ph\u00ea th\u1ebf gi\u1edbi (CQI). \u0110\u1ed1i d\u00f2ng robusta th\u01b0\u1eddng \u0111\u01b0\u1ee3c g\u1ecdi l\u00e0 Fine Robusta.<\/p>\n","protected":false},"featured_media":425,"comment_status":"open","ping_status":"closed","template":"","meta":[],"product_cat":[80],"product_tag":[],"class_list":{"0":"post-462","1":"product","2":"type-product","3":"status-publish","4":"has-post-thumbnail","6":"product_cat-specialty-coffee","8":"first","9":"instock","10":"taxable","11":"shipping-taxable","12":"purchasable","13":"product-type-simple"},"yoast_head":"<!-- This site is optimized with the Yoast SEO plugin v23.0 - https:\/\/yoast.com\/wordpress\/plugins\/seo\/ -->\n<title>C\u00e0 ph\u00ea Fine Robusta \u0111\u1eb7c s\u1ea3n Jring - Specialty Coffee Vietnam - Jring Caf\u00e9<\/title>\n<meta name=\"robots\" content=\"index, follow, max-snippet:-1, max-image-preview:large, max-video-preview:-1\" \/>\n<link rel=\"canonical\" href=\"https:\/\/jringcafe.com\/vi\/product\/ca-phe-fine-robusta-dac-san-jring-specialty-coffee-vietnam\/\" \/>\n<meta property=\"og:locale\" content=\"vi_VN\" \/>\n<meta property=\"og:type\" content=\"article\" \/>\n<meta property=\"og:title\" content=\"C\u00e0 ph\u00ea Fine Robusta \u0111\u1eb7c s\u1ea3n Jring - Specialty Coffee Vietnam - Jring Caf\u00e9\" \/>\n<meta property=\"og:description\" content=\"Caf\u00e9 \u0111\u1eb7c s\u1ea3n (Specialty coffee) l\u00e0 thu\u1eadt ng\u1eef d\u00f9ng \u0111\u1ec3 ch\u1ec9 nh\u1eefng h\u1ea1t c\u00e0 ph\u00ea c\u00f3 ch\u1ea5t l\u01b0\u1ee3ng cao \u0111\u1ea1t t\u1eeb 80 \u0111i\u1ec3m tr\u1edf l\u00ean theo thang \u0111i\u1ec3m 100 theo ti\u00eau chu\u1ea9n c\u1ee7a hi\u1ec7p h\u1ed9i c\u00e0 ph\u00ea th\u1ebf gi\u1edbi (CQI). \u0110\u1ed1i d\u00f2ng robusta th\u01b0\u1eddng \u0111\u01b0\u1ee3c g\u1ecdi l\u00e0 Fine Robusta.\" \/>\n<meta property=\"og:url\" content=\"https:\/\/jringcafe.com\/vi\/product\/ca-phe-fine-robusta-dac-san-jring-specialty-coffee-vietnam\/\" \/>\n<meta property=\"og:site_name\" content=\"Jring Caf\u00e9\" \/>\n<meta property=\"article:publisher\" content=\"https:\/\/www.facebook.com\/jringcafe\" \/>\n<meta property=\"article:modified_time\" content=\"2025-12-03T10:47:19+00:00\" \/>\n<meta property=\"og:image\" content=\"https:\/\/jringcafe.com\/vi\/wp-content\/uploads\/2024\/04\/anh1.jpg\" \/>\n\t<meta property=\"og:image:width\" content=\"1620\" \/>\n\t<meta property=\"og:image:height\" content=\"1080\" \/>\n\t<meta property=\"og:image:type\" content=\"image\/jpeg\" \/>\n<meta name=\"twitter:card\" content=\"summary_large_image\" \/>\n<meta name=\"twitter:label1\" content=\"\u01af\u1edbc t\u00ednh th\u1eddi gian \u0111\u1ecdc\" \/>\n\t<meta name=\"twitter:data1\" content=\"1 ph\u00fat\" \/>\n<script type=\"application\/ld+json\" class=\"yoast-schema-graph\">{\"@context\":\"https:\/\/schema.org\",\"@graph\":[{\"@type\":\"WebPage\",\"@id\":\"https:\/\/jringcafe.com\/vi\/product\/ca-phe-fine-robusta-dac-san-jring-specialty-coffee-vietnam\/\",\"url\":\"https:\/\/jringcafe.com\/vi\/product\/ca-phe-fine-robusta-dac-san-jring-specialty-coffee-vietnam\/\",\"name\":\"C\u00e0 ph\u00ea Fine Robusta \u0111\u1eb7c s\u1ea3n Jring - Specialty Coffee Vietnam - Jring Caf\u00e9\",\"isPartOf\":{\"@id\":\"https:\/\/jringcafe.com\/vi\/#website\"},\"primaryImageOfPage\":{\"@id\":\"https:\/\/jringcafe.com\/vi\/product\/ca-phe-fine-robusta-dac-san-jring-specialty-coffee-vietnam\/#primaryimage\"},\"image\":{\"@id\":\"https:\/\/jringcafe.com\/vi\/product\/ca-phe-fine-robusta-dac-san-jring-specialty-coffee-vietnam\/#primaryimage\"},\"thumbnailUrl\":\"https:\/\/jringcafe.com\/vi\/wp-content\/uploads\/2024\/04\/anh1.jpg\",\"datePublished\":\"2024-04-20T10:35:28+00:00\",\"dateModified\":\"2025-12-03T10:47:19+00:00\",\"breadcrumb\":{\"@id\":\"https:\/\/jringcafe.com\/vi\/product\/ca-phe-fine-robusta-dac-san-jring-specialty-coffee-vietnam\/#breadcrumb\"},\"inLanguage\":\"vi\",\"potentialAction\":[{\"@type\":\"ReadAction\",\"target\":[\"https:\/\/jringcafe.com\/vi\/product\/ca-phe-fine-robusta-dac-san-jring-specialty-coffee-vietnam\/\"]}]},{\"@type\":\"ImageObject\",\"inLanguage\":\"vi\",\"@id\":\"https:\/\/jringcafe.com\/vi\/product\/ca-phe-fine-robusta-dac-san-jring-specialty-coffee-vietnam\/#primaryimage\",\"url\":\"https:\/\/jringcafe.com\/vi\/wp-content\/uploads\/2024\/04\/anh1.jpg\",\"contentUrl\":\"https:\/\/jringcafe.com\/vi\/wp-content\/uploads\/2024\/04\/anh1.jpg\",\"width\":1620,\"height\":1080},{\"@type\":\"BreadcrumbList\",\"@id\":\"https:\/\/jringcafe.com\/vi\/product\/ca-phe-fine-robusta-dac-san-jring-specialty-coffee-vietnam\/#breadcrumb\",\"itemListElement\":[{\"@type\":\"ListItem\",\"position\":1,\"name\":\"Trang ch\u1ee7\",\"item\":\"https:\/\/jringcafe.com\/vi\/\"},{\"@type\":\"ListItem\",\"position\":2,\"name\":\"Shop\",\"item\":\"https:\/\/jringcafe.com\/vi\/shop\/\"},{\"@type\":\"ListItem\",\"position\":3,\"name\":\"C\u00e0 ph\u00ea Fine Robusta \u0111\u1eb7c s\u1ea3n Jring &#8211; Specialty Coffee Vietnam\"}]},{\"@type\":\"WebSite\",\"@id\":\"https:\/\/jringcafe.com\/vi\/#website\",\"url\":\"https:\/\/jringcafe.com\/vi\/\",\"name\":\"Jring Caf\u00e9 - \u0110\u1ebfn t\u1eeb cao nguy\u00ean Di Linh\",\"description\":\"Come from Di Linh highland\",\"publisher\":{\"@id\":\"https:\/\/jringcafe.com\/vi\/#organization\"},\"potentialAction\":[{\"@type\":\"SearchAction\",\"target\":{\"@type\":\"EntryPoint\",\"urlTemplate\":\"https:\/\/jringcafe.com\/vi\/?s={search_term_string}\"},\"query-input\":\"required name=search_term_string\"}],\"inLanguage\":\"vi\"},{\"@type\":\"Organization\",\"@id\":\"https:\/\/jringcafe.com\/vi\/#organization\",\"name\":\"Jring Caf\u00e9 - \u0110\u1ebfn t\u1eeb cao nguy\u00ean Di Linh\",\"url\":\"https:\/\/jringcafe.com\/vi\/\",\"logo\":{\"@type\":\"ImageObject\",\"inLanguage\":\"vi\",\"@id\":\"https:\/\/jringcafe.com\/vi\/#\/schema\/logo\/image\/\",\"url\":\"https:\/\/jringcafe.com\/vi\/wp-content\/uploads\/2024\/04\/nen2-scaled.jpg\",\"contentUrl\":\"https:\/\/jringcafe.com\/vi\/wp-content\/uploads\/2024\/04\/nen2-scaled.jpg\",\"width\":2560,\"height\":1707,\"caption\":\"Jring Caf\u00e9 - \u0110\u1ebfn t\u1eeb cao nguy\u00ean Di Linh\"},\"image\":{\"@id\":\"https:\/\/jringcafe.com\/vi\/#\/schema\/logo\/image\/\"},\"sameAs\":[\"https:\/\/www.facebook.com\/jringcafe\",\"https:\/\/www.tiktok.com\/@jringcafe\",\"https:\/\/shopee.vn\/jringcafe\"]}]}<\/script>\n<!-- \/ Yoast SEO plugin. -->","yoast_head_json":{"title":"C\u00e0 ph\u00ea Fine Robusta \u0111\u1eb7c s\u1ea3n Jring - Specialty Coffee Vietnam - Jring Caf\u00e9","robots":{"index":"index","follow":"follow","max-snippet":"max-snippet:-1","max-image-preview":"max-image-preview:large","max-video-preview":"max-video-preview:-1"},"canonical":"https:\/\/jringcafe.com\/vi\/product\/ca-phe-fine-robusta-dac-san-jring-specialty-coffee-vietnam\/","og_locale":"vi_VN","og_type":"article","og_title":"C\u00e0 ph\u00ea Fine Robusta \u0111\u1eb7c s\u1ea3n Jring - Specialty Coffee Vietnam - Jring Caf\u00e9","og_description":"Caf\u00e9 \u0111\u1eb7c s\u1ea3n (Specialty coffee) l\u00e0 thu\u1eadt ng\u1eef d\u00f9ng \u0111\u1ec3 ch\u1ec9 nh\u1eefng h\u1ea1t c\u00e0 ph\u00ea c\u00f3 ch\u1ea5t l\u01b0\u1ee3ng cao \u0111\u1ea1t t\u1eeb 80 \u0111i\u1ec3m tr\u1edf l\u00ean theo thang \u0111i\u1ec3m 100 theo ti\u00eau chu\u1ea9n c\u1ee7a hi\u1ec7p h\u1ed9i c\u00e0 ph\u00ea th\u1ebf gi\u1edbi (CQI). \u0110\u1ed1i d\u00f2ng robusta th\u01b0\u1eddng \u0111\u01b0\u1ee3c g\u1ecdi l\u00e0 Fine Robusta.","og_url":"https:\/\/jringcafe.com\/vi\/product\/ca-phe-fine-robusta-dac-san-jring-specialty-coffee-vietnam\/","og_site_name":"Jring Caf\u00e9","article_publisher":"https:\/\/www.facebook.com\/jringcafe","article_modified_time":"2025-12-03T10:47:19+00:00","og_image":[{"width":1620,"height":1080,"url":"https:\/\/jringcafe.com\/vi\/wp-content\/uploads\/2024\/04\/anh1.jpg","type":"image\/jpeg"}],"twitter_card":"summary_large_image","twitter_misc":{"\u01af\u1edbc t\u00ednh th\u1eddi gian \u0111\u1ecdc":"1 ph\u00fat"},"schema":{"@context":"https:\/\/schema.org","@graph":[{"@type":"WebPage","@id":"https:\/\/jringcafe.com\/vi\/product\/ca-phe-fine-robusta-dac-san-jring-specialty-coffee-vietnam\/","url":"https:\/\/jringcafe.com\/vi\/product\/ca-phe-fine-robusta-dac-san-jring-specialty-coffee-vietnam\/","name":"C\u00e0 ph\u00ea Fine Robusta \u0111\u1eb7c s\u1ea3n Jring - Specialty Coffee Vietnam - Jring Caf\u00e9","isPartOf":{"@id":"https:\/\/jringcafe.com\/vi\/#website"},"primaryImageOfPage":{"@id":"https:\/\/jringcafe.com\/vi\/product\/ca-phe-fine-robusta-dac-san-jring-specialty-coffee-vietnam\/#primaryimage"},"image":{"@id":"https:\/\/jringcafe.com\/vi\/product\/ca-phe-fine-robusta-dac-san-jring-specialty-coffee-vietnam\/#primaryimage"},"thumbnailUrl":"https:\/\/jringcafe.com\/vi\/wp-content\/uploads\/2024\/04\/anh1.jpg","datePublished":"2024-04-20T10:35:28+00:00","dateModified":"2025-12-03T10:47:19+00:00","breadcrumb":{"@id":"https:\/\/jringcafe.com\/vi\/product\/ca-phe-fine-robusta-dac-san-jring-specialty-coffee-vietnam\/#breadcrumb"},"inLanguage":"vi","potentialAction":[{"@type":"ReadAction","target":["https:\/\/jringcafe.com\/vi\/product\/ca-phe-fine-robusta-dac-san-jring-specialty-coffee-vietnam\/"]}]},{"@type":"ImageObject","inLanguage":"vi","@id":"https:\/\/jringcafe.com\/vi\/product\/ca-phe-fine-robusta-dac-san-jring-specialty-coffee-vietnam\/#primaryimage","url":"https:\/\/jringcafe.com\/vi\/wp-content\/uploads\/2024\/04\/anh1.jpg","contentUrl":"https:\/\/jringcafe.com\/vi\/wp-content\/uploads\/2024\/04\/anh1.jpg","width":1620,"height":1080},{"@type":"BreadcrumbList","@id":"https:\/\/jringcafe.com\/vi\/product\/ca-phe-fine-robusta-dac-san-jring-specialty-coffee-vietnam\/#breadcrumb","itemListElement":[{"@type":"ListItem","position":1,"name":"Trang ch\u1ee7","item":"https:\/\/jringcafe.com\/vi\/"},{"@type":"ListItem","position":2,"name":"Shop","item":"https:\/\/jringcafe.com\/vi\/shop\/"},{"@type":"ListItem","position":3,"name":"C\u00e0 ph\u00ea Fine Robusta \u0111\u1eb7c s\u1ea3n Jring &#8211; Specialty Coffee Vietnam"}]},{"@type":"WebSite","@id":"https:\/\/jringcafe.com\/vi\/#website","url":"https:\/\/jringcafe.com\/vi\/","name":"Jring Caf\u00e9 - \u0110\u1ebfn t\u1eeb cao nguy\u00ean Di Linh","description":"Come from Di Linh highland","publisher":{"@id":"https:\/\/jringcafe.com\/vi\/#organization"},"potentialAction":[{"@type":"SearchAction","target":{"@type":"EntryPoint","urlTemplate":"https:\/\/jringcafe.com\/vi\/?s={search_term_string}"},"query-input":"required name=search_term_string"}],"inLanguage":"vi"},{"@type":"Organization","@id":"https:\/\/jringcafe.com\/vi\/#organization","name":"Jring Caf\u00e9 - \u0110\u1ebfn t\u1eeb cao nguy\u00ean Di Linh","url":"https:\/\/jringcafe.com\/vi\/","logo":{"@type":"ImageObject","inLanguage":"vi","@id":"https:\/\/jringcafe.com\/vi\/#\/schema\/logo\/image\/","url":"https:\/\/jringcafe.com\/vi\/wp-content\/uploads\/2024\/04\/nen2-scaled.jpg","contentUrl":"https:\/\/jringcafe.com\/vi\/wp-content\/uploads\/2024\/04\/nen2-scaled.jpg","width":2560,"height":1707,"caption":"Jring Caf\u00e9 - \u0110\u1ebfn t\u1eeb cao nguy\u00ean Di Linh"},"image":{"@id":"https:\/\/jringcafe.com\/vi\/#\/schema\/logo\/image\/"},"sameAs":["https:\/\/www.facebook.com\/jringcafe","https:\/\/www.tiktok.com\/@jringcafe","https:\/\/shopee.vn\/jringcafe"]}]}},"jetpack_sharing_enabled":true,"_links":{"self":[{"href":"https:\/\/jringcafe.com\/vi\/wp-json\/wp\/v2\/product\/462","targetHints":{"allow":["GET"]}}],"collection":[{"href":"https:\/\/jringcafe.com\/vi\/wp-json\/wp\/v2\/product"}],"about":[{"href":"https:\/\/jringcafe.com\/vi\/wp-json\/wp\/v2\/types\/product"}],"replies":[{"embeddable":true,"href":"https:\/\/jringcafe.com\/vi\/wp-json\/wp\/v2\/comments?post=462"}],"wp:featuredmedia":[{"embeddable":true,"href":"https:\/\/jringcafe.com\/vi\/wp-json\/wp\/v2\/media\/425"}],"wp:attachment":[{"href":"https:\/\/jringcafe.com\/vi\/wp-json\/wp\/v2\/media?parent=462"}],"wp:term":[{"taxonomy":"product_cat","embeddable":true,"href":"https:\/\/jringcafe.com\/vi\/wp-json\/wp\/v2\/product_cat?post=462"},{"taxonomy":"product_tag","embeddable":true,"href":"https:\/\/jringcafe.com\/vi\/wp-json\/wp\/v2\/product_tag?post=462"}],"curies":[{"name":"wp","href":"https:\/\/api.w.org\/{rel}","templated":true}]}}