{"id":598,"date":"2024-04-23T14:56:23","date_gmt":"2024-04-23T14:56:23","guid":{"rendered":"https:\/\/jringcafe.com\/vi\/?post_type=product&#038;p=598"},"modified":"2025-12-03T10:53:05","modified_gmt":"2025-12-03T10:53:05","slug":"ca-phe-gu-dam-da-jring-blend-robusta-va-arabica-8-2-dac-san-cao-nguyen-di-linh","status":"publish","type":"product","link":"https:\/\/jringcafe.com\/vi\/product\/ca-phe-gu-dam-da-jring-blend-robusta-va-arabica-8-2-dac-san-cao-nguyen-di-linh\/","title":{"rendered":"C\u00e0 Ph\u00ea gu \u0110\u1eadm \u0110\u00e0 Jring , blend Robusta v\u00e0 Arabica 8\/2 \u0111\u1eb7c s\u1ea3n cao nguy\u00ean Di Linh"},"content":{"rendered":"<div>Cao nguy\u00ean \u0111\u1ea5t \u0111\u1ecf Di Linh (Dijring) t\u1eeb l\u00e2u \u0111\u00e3 n\u1ed5i ti\u1ebfng l\u00e0 v\u00f9ng tr\u1ed3ng v\u00e0 s\u1ea3n xu\u1ea5t caf\u00e9 l\u1edbn c\u1ee7a Vi\u1ec7t Nam. Ng\u01b0\u1eddi ta bi\u1ebft t\u1edbi Di Linh (Dijring) t\u1eeb d\u00f2ng caf\u00e9 Robusta (hay c\u00f2n g\u1ecdi l\u00e0 caf\u00e9 V\u1ed1i) v\u1edbi h\u01b0\u01a1ng v\u1ecb \u0111\u1eadm \u0111\u00e0 \u0111\u1eb7c tr\u01b0ng c\u1ee7a v\u00f9ng cao nguy\u00ean.<\/div>\n<div><\/div>\n<div>Sinh ra t\u1eeb cao nguy\u00ean Di Linh, Th\u01b0\u01a1ng hi\u1ec7u Caf\u00e9 Jring mong mu\u1ed1n \u0111em \u0111\u1ebfn cho ng\u01b0\u1eddi d\u00f9ng h\u01b0\u01a1ng v\u1ecb cafe \u0111\u1eadm ch\u1ea5t b\u1ea3n \u0111\u1ecba. S\u1ea3n ph\u1ea9m Caf\u00e9 c\u1ee7a ch\u00fang t\u00f4i \u0111\u01b0\u1ee3c k\u1ebft h\u1ee3p gi\u1eefa ph\u01b0\u01a1ng ph\u00e1p rang xay th\u1ee7 c\u00f4ng v\u1edbi nh\u1eefng c\u00f4ng ngh\u1ec7 rang xay m\u1edbi nh\u1eb1m t\u1ea1o n\u00ean m\u1ed9t s\u1ea3n ph\u1ea9m v\u1eeba gi\u1eef \u0111\u00fang gu \u0111\u1eadm \u0111\u00e0 ho\u00e0i c\u1ed5 c\u1ee7a v\u00f9ng \u0111\u1ea5t Di Linh v\u1eeba d\u1ec5 d\u00e0ng pha ch\u1ebf th\u00e0nh nhi\u1ec1u s\u1ea3n ph\u1ea9m th\u1ee9c u\u1ed1ng \u0111a d\u1ea1ng kh\u00e1c t\u1eeb cafe.<\/div>\n<div><\/div>\n<div>Jring Caf\u00e9 n\u00e2ng niu t\u1eebng h\u1ea1t caf\u00e9 \u0111\u1ec3 \u0111em \u0111\u1ebfn nh\u1eefng s\u1ea3n ph\u1ea9m ch\u1ea5t l\u01b0\u1ee3ng nh\u1ea5t, h\u01b0\u01a1ng v\u1ecb \u0111\u1ed9c \u0111\u00e1o nh\u1ea5t nh\u1eb1m mong mu\u1ed1n ph\u00e1t tri\u1ec3n d\u00f2ng nguy\u00ean li\u1ec7u caf\u00e9 b\u1ea3n \u0111\u1ecba \u0111\u1ed3ng th\u1eddi n\u00e2ng cao gi\u00e1 tr\u1ecb s\u1ea3n xu\u1ea5t b\u1ec1n v\u1eefng. V\u00e0 to l\u1edbn h\u01a1n, ch\u00fang t\u00f4i mong mu\u1ed1n n\u00e2ng cao gi\u00e1 tr\u1ecb c\u1ee7a caf\u00e9 Di Linh n\u00f3i r\u00eang v\u00e0 caf\u00e9 Vi\u1ec7t Nam n\u00f3i chung.<\/div>\n<div>M\u1ed7i h\u1ea1t cafe l\u00e0 1 c\u00e2u chuy\u1ec7n, v\u00e0 b\u1ea1n h\u00e3y c\u00f9ng Caf\u00e9 Jring kh\u00e1m ph\u00e1 nh\u1eefng c\u00e2u chuy\u1ec7n v\u1ec1 caf\u00e9.<\/div>\n<div><\/div>\n<div>TH\u00d4NG TIN S\u1ea2N PH\u1ea8M:<\/div>\n<div>Th\u01b0\u01a1ng hi\u1ec7u caf\u00e9 Di Linh<\/div>\n<div>\u2022 Th\u00e0nh ph\u1ea7n: Robusta v\u00e0 Arabica v\u00f9ng cao nguy\u00ean Di Linh<\/div>\n<div>\u2022 \u0110\u00f3ng g\u00f3i: T\u00fai 250gr ho\u1eb7c 500gr\/t\u00fai<\/div>\n<div>\u2022 Ch\u1ec9 ti\u00eau ch\u1ea5t l\u01b0\u1ee3ng: H\u00e0m l\u01b0\u1ee3ng cafein \u2265 1%; \u0110\u1ed9 \u1ea9m \u2264 5%<\/div>\n<div>\u2022 Kh\u00f4ng s\u1eed d\u1ee5ng h\u01b0\u01a1ng li\u1ec7u, m\u00e0u &amp; ch\u1ea5t b\u1ea3o qu\u1ea3n<\/div>\n<div>\u2022 \u0110\u1ec3 h\u1ea1t ho\u1eb7c xay b\u1ed9t.<\/div>\n<div>\u2022 S\u1eed d\u1ee5ng cho pha phin v\u00e0 pha m\u00e1y.<\/div>\n<div>H\u01af\u1edaNG D\u1eaaN B\u1ea2O QU\u1ea2N:<\/div>\n<div>\u2022 B\u1ea3o qu\u1ea3n n\u01a1i kh\u00f4 r\u00e1o, tho\u00e1ng m\u00e1t, tr\u00e1nh \u00e1nh n\u1eafng tr\u1ef1c ti\u1ebfp m\u1eb7t tr\u1eddi. Lu\u00f4n \u0111\u00f3ng k\u00edn bao tr\u00e0 sau khi s\u1eed d\u1ee5ng.<\/div>\n<div>\u2022 Th\u00f4ng tin c\u1ea3nh b\u00e1o an to\u00e0n, v\u1ec7 sinh: kh\u00f4ng s\u1eed d\u1ee5ng khi s\u1ea3n ph\u1ea9m c\u00f3 hi\u1ec7n t\u01b0\u1ee3ng n\u1ea5m m\u1ed1c, m\u00f9i l\u1ea1.<\/div>\n<div>\u2022 H\u1ea1n s\u1eed d\u1ee5ng \u0111\u01b0\u1ee3c in tr\u00ean bao b\u00ec.<\/div>\n<div>H\u01af\u1edaNG D\u1eaaN PHA PHIN:<\/div>\n<div>d\u00f9ng n\u01b0\u1edbc s\u00f4i tr\u00e1ng nh\u1eb9 phin. Cho l\u01b0\u1ee3ng c\u00e0 ph\u00ea kho\u1ea3ng 20-25g v\u00e0o, th\u00eam 20ml n\u01b0\u1edbc v\u00e0 ch\u1edd 20-25 gi\u00e2y. R\u00f3t nh\u1eb9 nh\u00e0ng th\u00eam n\u01b0\u1edbc v\u00e0o phin \u0111\u1ebfn khi l\u01b0\u1ee3ng n\u01b0\u1edbc \u0111\u1ea1t v\u1eeba s\u1edf th\u00edch. L\u1ea5y phin ra v\u00e0 c\u00f3 th\u1ec3 th\u00eam \u0111\u01b0\u1eddng\/s\u1eefa v\u00e0 \u0111\u00e1 tu\u1ef3 th\u00edch v\u00e0 th\u01b0\u1edfng th\u1ee9c.<\/div>\n<div><\/div>\n<div>C\u00c1C D\u00d2NG S\u1ea2N PH\u1ea8M HI\u1ec6N T\u1ea0I:<\/div>\n<div>D\u00d2NG \u0110\u1eacM \u0110\u00c0: D\u00e0nh cho gu \u0111\u1eadm, m\u1ea1nh<\/div>\n<div>D\u00d2NG C\u1ea2M H\u1ee8NG: D\u00e0nh cho gu nh\u1eb9 nh\u00e0ng, tinh t\u1ebf<\/div>\n<div><\/div>\n<div><\/div>\n<div><\/div>\n","protected":false},"excerpt":{"rendered":"<p>D\u00d2NG \u0110\u1eacM \u0110\u00c0: D\u00e0nh cho gu \u0111\u1eadm, m\u1ea1nh blend t\u1eeb h\u1ea1t robusta v\u00e0 arabica<\/p>\n","protected":false},"featured_media":602,"comment_status":"open","ping_status":"closed","template":"","meta":[],"product_cat":[69,86,77],"product_tag":[],"class_list":{"0":"post-598","1":"product","2":"type-product","3":"status-publish","4":"has-post-thumbnail","6":"product_cat-ca-phe-rang-xay","7":"product_cat-ca-phe-chat-luong-cao","8":"product_cat-cafe-pha-phin","10":"first","11":"instock","12":"taxable","13":"shipping-taxable","14":"purchasable","15":"product-type-variable"},"yoast_head":"<!-- This site is optimized with the Yoast SEO plugin v23.0 - https:\/\/yoast.com\/wordpress\/plugins\/seo\/ -->\n<title>C\u00e0 Ph\u00ea gu \u0110\u1eadm \u0110\u00e0 Jring , blend Robusta v\u00e0 Arabica 8\/2 \u0111\u1eb7c s\u1ea3n cao nguy\u00ean Di Linh - Jring Caf\u00e9<\/title>\n<meta name=\"robots\" content=\"index, follow, max-snippet:-1, max-image-preview:large, max-video-preview:-1\" \/>\n<link rel=\"canonical\" href=\"https:\/\/jringcafe.com\/vi\/product\/ca-phe-gu-dam-da-jring-blend-robusta-va-arabica-8-2-dac-san-cao-nguyen-di-linh\/\" \/>\n<meta property=\"og:locale\" content=\"vi_VN\" \/>\n<meta property=\"og:type\" content=\"article\" \/>\n<meta property=\"og:title\" content=\"C\u00e0 Ph\u00ea gu \u0110\u1eadm \u0110\u00e0 Jring , blend Robusta v\u00e0 Arabica 8\/2 \u0111\u1eb7c s\u1ea3n cao nguy\u00ean Di Linh - Jring Caf\u00e9\" \/>\n<meta property=\"og:description\" content=\"D\u00d2NG \u0110\u1eacM \u0110\u00c0: D\u00e0nh cho gu \u0111\u1eadm, m\u1ea1nh blend t\u1eeb h\u1ea1t robusta v\u00e0 arabica\" \/>\n<meta property=\"og:url\" content=\"https:\/\/jringcafe.com\/vi\/product\/ca-phe-gu-dam-da-jring-blend-robusta-va-arabica-8-2-dac-san-cao-nguyen-di-linh\/\" \/>\n<meta property=\"og:site_name\" content=\"Jring Caf\u00e9\" \/>\n<meta property=\"article:publisher\" content=\"https:\/\/www.facebook.com\/jringcafe\" \/>\n<meta property=\"article:modified_time\" content=\"2025-12-03T10:53:05+00:00\" \/>\n<meta property=\"og:image\" content=\"https:\/\/jringcafe.com\/vi\/wp-content\/uploads\/2024\/04\/damda.png\" \/>\n\t<meta property=\"og:image:width\" content=\"1080\" \/>\n\t<meta property=\"og:image:height\" content=\"1080\" \/>\n\t<meta property=\"og:image:type\" content=\"image\/png\" \/>\n<meta name=\"twitter:card\" content=\"summary_large_image\" \/>\n<meta name=\"twitter:label1\" content=\"\u01af\u1edbc t\u00ednh th\u1eddi gian \u0111\u1ecdc\" \/>\n\t<meta name=\"twitter:data1\" content=\"3 ph\u00fat\" \/>\n<script type=\"application\/ld+json\" class=\"yoast-schema-graph\">{\"@context\":\"https:\/\/schema.org\",\"@graph\":[{\"@type\":\"WebPage\",\"@id\":\"https:\/\/jringcafe.com\/vi\/product\/ca-phe-gu-dam-da-jring-blend-robusta-va-arabica-8-2-dac-san-cao-nguyen-di-linh\/\",\"url\":\"https:\/\/jringcafe.com\/vi\/product\/ca-phe-gu-dam-da-jring-blend-robusta-va-arabica-8-2-dac-san-cao-nguyen-di-linh\/\",\"name\":\"C\u00e0 Ph\u00ea gu \u0110\u1eadm \u0110\u00e0 Jring , blend Robusta v\u00e0 Arabica 8\/2 \u0111\u1eb7c s\u1ea3n cao nguy\u00ean Di Linh - Jring Caf\u00e9\",\"isPartOf\":{\"@id\":\"https:\/\/jringcafe.com\/vi\/#website\"},\"primaryImageOfPage\":{\"@id\":\"https:\/\/jringcafe.com\/vi\/product\/ca-phe-gu-dam-da-jring-blend-robusta-va-arabica-8-2-dac-san-cao-nguyen-di-linh\/#primaryimage\"},\"image\":{\"@id\":\"https:\/\/jringcafe.com\/vi\/product\/ca-phe-gu-dam-da-jring-blend-robusta-va-arabica-8-2-dac-san-cao-nguyen-di-linh\/#primaryimage\"},\"thumbnailUrl\":\"https:\/\/jringcafe.com\/vi\/wp-content\/uploads\/2024\/04\/damda.png\",\"datePublished\":\"2024-04-23T14:56:23+00:00\",\"dateModified\":\"2025-12-03T10:53:05+00:00\",\"breadcrumb\":{\"@id\":\"https:\/\/jringcafe.com\/vi\/product\/ca-phe-gu-dam-da-jring-blend-robusta-va-arabica-8-2-dac-san-cao-nguyen-di-linh\/#breadcrumb\"},\"inLanguage\":\"vi\",\"potentialAction\":[{\"@type\":\"ReadAction\",\"target\":[\"https:\/\/jringcafe.com\/vi\/product\/ca-phe-gu-dam-da-jring-blend-robusta-va-arabica-8-2-dac-san-cao-nguyen-di-linh\/\"]}]},{\"@type\":\"ImageObject\",\"inLanguage\":\"vi\",\"@id\":\"https:\/\/jringcafe.com\/vi\/product\/ca-phe-gu-dam-da-jring-blend-robusta-va-arabica-8-2-dac-san-cao-nguyen-di-linh\/#primaryimage\",\"url\":\"https:\/\/jringcafe.com\/vi\/wp-content\/uploads\/2024\/04\/damda.png\",\"contentUrl\":\"https:\/\/jringcafe.com\/vi\/wp-content\/uploads\/2024\/04\/damda.png\",\"width\":1080,\"height\":1080},{\"@type\":\"BreadcrumbList\",\"@id\":\"https:\/\/jringcafe.com\/vi\/product\/ca-phe-gu-dam-da-jring-blend-robusta-va-arabica-8-2-dac-san-cao-nguyen-di-linh\/#breadcrumb\",\"itemListElement\":[{\"@type\":\"ListItem\",\"position\":1,\"name\":\"Trang ch\u1ee7\",\"item\":\"https:\/\/jringcafe.com\/vi\/\"},{\"@type\":\"ListItem\",\"position\":2,\"name\":\"Shop\",\"item\":\"https:\/\/jringcafe.com\/vi\/shop\/\"},{\"@type\":\"ListItem\",\"position\":3,\"name\":\"C\u00e0 Ph\u00ea gu \u0110\u1eadm \u0110\u00e0 Jring , blend Robusta v\u00e0 Arabica 8\/2 \u0111\u1eb7c s\u1ea3n cao nguy\u00ean Di Linh\"}]},{\"@type\":\"WebSite\",\"@id\":\"https:\/\/jringcafe.com\/vi\/#website\",\"url\":\"https:\/\/jringcafe.com\/vi\/\",\"name\":\"Jring Caf\u00e9 - \u0110\u1ebfn t\u1eeb cao nguy\u00ean Di Linh\",\"description\":\"Come from Di Linh highland\",\"publisher\":{\"@id\":\"https:\/\/jringcafe.com\/vi\/#organization\"},\"potentialAction\":[{\"@type\":\"SearchAction\",\"target\":{\"@type\":\"EntryPoint\",\"urlTemplate\":\"https:\/\/jringcafe.com\/vi\/?s={search_term_string}\"},\"query-input\":\"required name=search_term_string\"}],\"inLanguage\":\"vi\"},{\"@type\":\"Organization\",\"@id\":\"https:\/\/jringcafe.com\/vi\/#organization\",\"name\":\"Jring Caf\u00e9 - \u0110\u1ebfn t\u1eeb cao nguy\u00ean Di Linh\",\"url\":\"https:\/\/jringcafe.com\/vi\/\",\"logo\":{\"@type\":\"ImageObject\",\"inLanguage\":\"vi\",\"@id\":\"https:\/\/jringcafe.com\/vi\/#\/schema\/logo\/image\/\",\"url\":\"https:\/\/jringcafe.com\/vi\/wp-content\/uploads\/2024\/04\/nen2-scaled.jpg\",\"contentUrl\":\"https:\/\/jringcafe.com\/vi\/wp-content\/uploads\/2024\/04\/nen2-scaled.jpg\",\"width\":2560,\"height\":1707,\"caption\":\"Jring Caf\u00e9 - \u0110\u1ebfn t\u1eeb cao nguy\u00ean Di Linh\"},\"image\":{\"@id\":\"https:\/\/jringcafe.com\/vi\/#\/schema\/logo\/image\/\"},\"sameAs\":[\"https:\/\/www.facebook.com\/jringcafe\",\"https:\/\/www.tiktok.com\/@jringcafe\",\"https:\/\/shopee.vn\/jringcafe\"]}]}<\/script>\n<!-- \/ Yoast SEO plugin. -->","yoast_head_json":{"title":"C\u00e0 Ph\u00ea gu \u0110\u1eadm \u0110\u00e0 Jring , blend Robusta v\u00e0 Arabica 8\/2 \u0111\u1eb7c s\u1ea3n cao nguy\u00ean Di Linh - Jring Caf\u00e9","robots":{"index":"index","follow":"follow","max-snippet":"max-snippet:-1","max-image-preview":"max-image-preview:large","max-video-preview":"max-video-preview:-1"},"canonical":"https:\/\/jringcafe.com\/vi\/product\/ca-phe-gu-dam-da-jring-blend-robusta-va-arabica-8-2-dac-san-cao-nguyen-di-linh\/","og_locale":"vi_VN","og_type":"article","og_title":"C\u00e0 Ph\u00ea gu \u0110\u1eadm \u0110\u00e0 Jring , blend Robusta v\u00e0 Arabica 8\/2 \u0111\u1eb7c s\u1ea3n cao nguy\u00ean Di Linh - Jring Caf\u00e9","og_description":"D\u00d2NG \u0110\u1eacM \u0110\u00c0: D\u00e0nh cho gu \u0111\u1eadm, m\u1ea1nh blend t\u1eeb h\u1ea1t robusta v\u00e0 arabica","og_url":"https:\/\/jringcafe.com\/vi\/product\/ca-phe-gu-dam-da-jring-blend-robusta-va-arabica-8-2-dac-san-cao-nguyen-di-linh\/","og_site_name":"Jring Caf\u00e9","article_publisher":"https:\/\/www.facebook.com\/jringcafe","article_modified_time":"2025-12-03T10:53:05+00:00","og_image":[{"width":1080,"height":1080,"url":"https:\/\/jringcafe.com\/vi\/wp-content\/uploads\/2024\/04\/damda.png","type":"image\/png"}],"twitter_card":"summary_large_image","twitter_misc":{"\u01af\u1edbc t\u00ednh th\u1eddi gian \u0111\u1ecdc":"3 ph\u00fat"},"schema":{"@context":"https:\/\/schema.org","@graph":[{"@type":"WebPage","@id":"https:\/\/jringcafe.com\/vi\/product\/ca-phe-gu-dam-da-jring-blend-robusta-va-arabica-8-2-dac-san-cao-nguyen-di-linh\/","url":"https:\/\/jringcafe.com\/vi\/product\/ca-phe-gu-dam-da-jring-blend-robusta-va-arabica-8-2-dac-san-cao-nguyen-di-linh\/","name":"C\u00e0 Ph\u00ea gu \u0110\u1eadm \u0110\u00e0 Jring , blend Robusta v\u00e0 Arabica 8\/2 \u0111\u1eb7c s\u1ea3n cao nguy\u00ean Di Linh - Jring Caf\u00e9","isPartOf":{"@id":"https:\/\/jringcafe.com\/vi\/#website"},"primaryImageOfPage":{"@id":"https:\/\/jringcafe.com\/vi\/product\/ca-phe-gu-dam-da-jring-blend-robusta-va-arabica-8-2-dac-san-cao-nguyen-di-linh\/#primaryimage"},"image":{"@id":"https:\/\/jringcafe.com\/vi\/product\/ca-phe-gu-dam-da-jring-blend-robusta-va-arabica-8-2-dac-san-cao-nguyen-di-linh\/#primaryimage"},"thumbnailUrl":"https:\/\/jringcafe.com\/vi\/wp-content\/uploads\/2024\/04\/damda.png","datePublished":"2024-04-23T14:56:23+00:00","dateModified":"2025-12-03T10:53:05+00:00","breadcrumb":{"@id":"https:\/\/jringcafe.com\/vi\/product\/ca-phe-gu-dam-da-jring-blend-robusta-va-arabica-8-2-dac-san-cao-nguyen-di-linh\/#breadcrumb"},"inLanguage":"vi","potentialAction":[{"@type":"ReadAction","target":["https:\/\/jringcafe.com\/vi\/product\/ca-phe-gu-dam-da-jring-blend-robusta-va-arabica-8-2-dac-san-cao-nguyen-di-linh\/"]}]},{"@type":"ImageObject","inLanguage":"vi","@id":"https:\/\/jringcafe.com\/vi\/product\/ca-phe-gu-dam-da-jring-blend-robusta-va-arabica-8-2-dac-san-cao-nguyen-di-linh\/#primaryimage","url":"https:\/\/jringcafe.com\/vi\/wp-content\/uploads\/2024\/04\/damda.png","contentUrl":"https:\/\/jringcafe.com\/vi\/wp-content\/uploads\/2024\/04\/damda.png","width":1080,"height":1080},{"@type":"BreadcrumbList","@id":"https:\/\/jringcafe.com\/vi\/product\/ca-phe-gu-dam-da-jring-blend-robusta-va-arabica-8-2-dac-san-cao-nguyen-di-linh\/#breadcrumb","itemListElement":[{"@type":"ListItem","position":1,"name":"Trang ch\u1ee7","item":"https:\/\/jringcafe.com\/vi\/"},{"@type":"ListItem","position":2,"name":"Shop","item":"https:\/\/jringcafe.com\/vi\/shop\/"},{"@type":"ListItem","position":3,"name":"C\u00e0 Ph\u00ea gu \u0110\u1eadm \u0110\u00e0 Jring , blend Robusta v\u00e0 Arabica 8\/2 \u0111\u1eb7c s\u1ea3n cao nguy\u00ean Di Linh"}]},{"@type":"WebSite","@id":"https:\/\/jringcafe.com\/vi\/#website","url":"https:\/\/jringcafe.com\/vi\/","name":"Jring Caf\u00e9 - \u0110\u1ebfn t\u1eeb cao nguy\u00ean Di Linh","description":"Come from Di Linh highland","publisher":{"@id":"https:\/\/jringcafe.com\/vi\/#organization"},"potentialAction":[{"@type":"SearchAction","target":{"@type":"EntryPoint","urlTemplate":"https:\/\/jringcafe.com\/vi\/?s={search_term_string}"},"query-input":"required name=search_term_string"}],"inLanguage":"vi"},{"@type":"Organization","@id":"https:\/\/jringcafe.com\/vi\/#organization","name":"Jring Caf\u00e9 - \u0110\u1ebfn t\u1eeb cao nguy\u00ean Di Linh","url":"https:\/\/jringcafe.com\/vi\/","logo":{"@type":"ImageObject","inLanguage":"vi","@id":"https:\/\/jringcafe.com\/vi\/#\/schema\/logo\/image\/","url":"https:\/\/jringcafe.com\/vi\/wp-content\/uploads\/2024\/04\/nen2-scaled.jpg","contentUrl":"https:\/\/jringcafe.com\/vi\/wp-content\/uploads\/2024\/04\/nen2-scaled.jpg","width":2560,"height":1707,"caption":"Jring Caf\u00e9 - \u0110\u1ebfn t\u1eeb cao nguy\u00ean Di Linh"},"image":{"@id":"https:\/\/jringcafe.com\/vi\/#\/schema\/logo\/image\/"},"sameAs":["https:\/\/www.facebook.com\/jringcafe","https:\/\/www.tiktok.com\/@jringcafe","https:\/\/shopee.vn\/jringcafe"]}]}},"jetpack_sharing_enabled":true,"_links":{"self":[{"href":"https:\/\/jringcafe.com\/vi\/wp-json\/wp\/v2\/product\/598","targetHints":{"allow":["GET"]}}],"collection":[{"href":"https:\/\/jringcafe.com\/vi\/wp-json\/wp\/v2\/product"}],"about":[{"href":"https:\/\/jringcafe.com\/vi\/wp-json\/wp\/v2\/types\/product"}],"replies":[{"embeddable":true,"href":"https:\/\/jringcafe.com\/vi\/wp-json\/wp\/v2\/comments?post=598"}],"wp:featuredmedia":[{"embeddable":true,"href":"https:\/\/jringcafe.com\/vi\/wp-json\/wp\/v2\/media\/602"}],"wp:attachment":[{"href":"https:\/\/jringcafe.com\/vi\/wp-json\/wp\/v2\/media?parent=598"}],"wp:term":[{"taxonomy":"product_cat","embeddable":true,"href":"https:\/\/jringcafe.com\/vi\/wp-json\/wp\/v2\/product_cat?post=598"},{"taxonomy":"product_tag","embeddable":true,"href":"https:\/\/jringcafe.com\/vi\/wp-json\/wp\/v2\/product_tag?post=598"}],"curies":[{"name":"wp","href":"https:\/\/api.w.org\/{rel}","templated":true}]}}