{"id":627,"date":"2024-04-23T15:41:30","date_gmt":"2024-04-23T15:41:30","guid":{"rendered":"https:\/\/jringcafe.com\/vi\/?post_type=product&#038;p=627"},"modified":"2025-12-03T10:46:58","modified_gmt":"2025-12-03T10:46:58","slug":"ca-phe-phin-giay-tien-loi-da-ngoai-cam-trai-drig-bag-cafe","status":"publish","type":"product","link":"https:\/\/jringcafe.com\/vi\/product\/ca-phe-phin-giay-tien-loi-da-ngoai-cam-trai-drig-bag-cafe\/","title":{"rendered":"C\u00e0 ph\u00ea phin gi\u1ea5y ti\u1ec7n l\u1ee3i d\u00e3 ngo\u1ea1i c\u1eafm tr\u1ea1i drig bag caf\u00e9"},"content":{"rendered":"<div>C\u00e0 Ph\u00ea Phin gi\u1ea5y Jring v\u1edbi phong v\u1ecb \u0111\u1eadm \u0111\u00e0, h\u01b0\u01a1ng th\u01a1m \u0111\u1eb7c tr\u01b0ng c\u1ee7a c\u00e0 ph\u00ea Vi\u1ec7t Nam truy\u1ec1n th\u1ed1ng s\u1ebd mang \u0111\u1ebfn b\u1ea1n s\u1ef1 t\u1ec9nh th\u1ee9c m\u1ea1nh m\u1ebd cho nh\u1eefng \u00fd t\u01b0\u1edfng s\u00e1ng t\u1ea1o \u0111\u1ed9t ph\u00e1.<\/div>\n<div>H\u01b0\u01a1ng th\u01a1m mang phong v\u1ecb truy\u1ec1n th\u1ed1ng c\u1ee7a c\u00e0 ph\u00ea Vi\u1ec7t Nam, chua ng\u1ecdt c\u00e2n b\u1eb1ng, h\u1eadu v\u1ecb \u00eam d\u1ecbu.<\/div>\n<div>Th\u00e0nh ph\u1ea7n: C\u00e0 ph\u00ea Arabica, Robusta ch\u1ebf bi\u1ebfn t\u1ef1 nhi\u00ean v\u00e0 \u01b0\u1edbt<\/div>\n<div>\u0110\u01a1n v\u1ecb t\u00ednh: H\u1ed9p<\/div>\n<div>Quy c\u00e1ch \u0111\u00f3ng th\u00f9ng: 8 g\u00f3i x 20gr\/h\u1ed9p<\/div>\n<div>H\u1ea1n s\u1eed d\u1ee5ng: 12 th\u00e1ng<\/div>\n<div>Xu\u1ea5t x\u1ee9: Cao nguy\u00ean Di Linh<\/div>\n<div>Ch\u1ec9 ti\u00eau ch\u1ea5t l\u01b0\u1ee3ng \u0110\u1ed9 \u1ea9m \u2264 5 % H\u00e0m l\u01b0\u1ee3ng cafeine \u2265 1 %<\/div>\n<div>H\u01b0\u1edbng d\u1eabn s\u1eed d\u1ee5ng:<\/div>\n<div>1. X\u00e9 mi\u1ec7ng t\u00fai theo \u0111\u01b0\u1eddng ch\u1ec9 d\u1eabn.<\/div>\n<div>2. L\u1eafc nh\u1eb9 \u0111\u1ec3 c\u00e0 ph\u00ea tr\u1ea3i \u0111\u1ec1u quanh phin v\u00e0 \u0111\u1eb7t c\u1ed1 \u0111\u1ecbnh quai t\u00fai l\u00ean th\u00e0nh ly.<\/div>\n<div>3. D\u00f9ng 20 ml n\u01b0\u1edbc n\u00f3ng (92\u00b0C \u2013 95\u00b0C), ch\u00e2m \u0111\u1ec1u kh\u1eafp b\u1ec1 m\u1eb7t c\u00e0 ph\u00ea. Ti\u1ebfp t\u1ee5c ch\u00e2m t\u1eeb t\u1eeb Kho\u1ea3ng 100 ml &#8211; 130 ml n\u01b0\u1edbc n\u00f3ng theo chi\u1ec1u kim \u0111\u1ed3ng h\u1ed3 t\u1eeb ngo\u00e0i v\u00e0o trong v\u00e0 ng\u01b0\u1ee3c l\u1ea1i.<\/div>\n<div>4. L\u1ea5y t\u00fai l\u1ecdc ra v\u00e0 th\u01b0\u1edfng th\u1ee9c ly c\u00e0 ph\u00ea tuy\u1ec7t h\u1ea3o.<\/div>\n","protected":false},"excerpt":{"rendered":"<p>C\u00e0 Ph\u00ea Phin gi\u1ea5y Jring v\u1edbi phong v\u1ecb \u0111\u1eadm \u0111\u00e0, h\u01b0\u01a1ng th\u01a1m \u0111\u1eb7c tr\u01b0ng c\u1ee7a c\u00e0 ph\u00ea Vi\u1ec7t Nam truy\u1ec1n th\u1ed1ng s\u1ebd mang \u0111\u1ebfn b\u1ea1n s\u1ef1 t\u1ec9nh th\u1ee9c m\u1ea1nh m\u1ebd cho nh\u1eefng \u00fd t\u01b0\u1edfng s\u00e1ng t\u1ea1o \u0111\u1ed9t ph\u00e1.<\/p>\n","protected":false},"featured_media":632,"comment_status":"open","ping_status":"closed","template":"","meta":[],"product_cat":[79],"product_tag":[],"class_list":{"0":"post-627","1":"product","2":"type-product","3":"status-publish","4":"has-post-thumbnail","6":"product_cat-cafe-phin-giay","8":"first","9":"instock","10":"taxable","11":"shipping-taxable","12":"purchasable","13":"product-type-simple"},"yoast_head":"<!-- This site is optimized with the Yoast SEO plugin v23.0 - https:\/\/yoast.com\/wordpress\/plugins\/seo\/ -->\n<title>C\u00e0 ph\u00ea phin gi\u1ea5y ti\u1ec7n l\u1ee3i d\u00e3 ngo\u1ea1i c\u1eafm tr\u1ea1i drig bag caf\u00e9 - Jring Caf\u00e9<\/title>\n<meta name=\"robots\" content=\"index, follow, max-snippet:-1, max-image-preview:large, max-video-preview:-1\" \/>\n<link rel=\"canonical\" href=\"https:\/\/jringcafe.com\/vi\/product\/ca-phe-phin-giay-tien-loi-da-ngoai-cam-trai-drig-bag-cafe\/\" \/>\n<meta property=\"og:locale\" content=\"vi_VN\" \/>\n<meta property=\"og:type\" content=\"article\" \/>\n<meta property=\"og:title\" content=\"C\u00e0 ph\u00ea phin gi\u1ea5y ti\u1ec7n l\u1ee3i d\u00e3 ngo\u1ea1i c\u1eafm tr\u1ea1i drig bag caf\u00e9 - Jring Caf\u00e9\" \/>\n<meta property=\"og:description\" content=\"C\u00e0 Ph\u00ea Phin gi\u1ea5y Jring v\u1edbi phong v\u1ecb \u0111\u1eadm \u0111\u00e0, h\u01b0\u01a1ng th\u01a1m \u0111\u1eb7c tr\u01b0ng c\u1ee7a c\u00e0 ph\u00ea Vi\u1ec7t Nam truy\u1ec1n th\u1ed1ng s\u1ebd mang \u0111\u1ebfn b\u1ea1n s\u1ef1 t\u1ec9nh th\u1ee9c m\u1ea1nh m\u1ebd cho nh\u1eefng \u00fd t\u01b0\u1edfng s\u00e1ng t\u1ea1o \u0111\u1ed9t ph\u00e1.\" \/>\n<meta property=\"og:url\" content=\"https:\/\/jringcafe.com\/vi\/product\/ca-phe-phin-giay-tien-loi-da-ngoai-cam-trai-drig-bag-cafe\/\" \/>\n<meta property=\"og:site_name\" content=\"Jring Caf\u00e9\" \/>\n<meta property=\"article:publisher\" content=\"https:\/\/www.facebook.com\/jringcafe\" \/>\n<meta property=\"article:modified_time\" content=\"2025-12-03T10:46:58+00:00\" \/>\n<meta property=\"og:image\" content=\"https:\/\/jringcafe.com\/vi\/wp-content\/uploads\/2024\/04\/z4678590331034_af6e78e3d7ae2ca691e396b85205df3e-scaled.jpg\" \/>\n\t<meta property=\"og:image:width\" content=\"1920\" \/>\n\t<meta property=\"og:image:height\" content=\"2560\" \/>\n\t<meta property=\"og:image:type\" content=\"image\/jpeg\" \/>\n<meta name=\"twitter:card\" content=\"summary_large_image\" \/>\n<meta name=\"twitter:label1\" content=\"\u01af\u1edbc t\u00ednh th\u1eddi gian \u0111\u1ecdc\" \/>\n\t<meta name=\"twitter:data1\" content=\"1 ph\u00fat\" \/>\n<script type=\"application\/ld+json\" class=\"yoast-schema-graph\">{\"@context\":\"https:\/\/schema.org\",\"@graph\":[{\"@type\":\"WebPage\",\"@id\":\"https:\/\/jringcafe.com\/vi\/product\/ca-phe-phin-giay-tien-loi-da-ngoai-cam-trai-drig-bag-cafe\/\",\"url\":\"https:\/\/jringcafe.com\/vi\/product\/ca-phe-phin-giay-tien-loi-da-ngoai-cam-trai-drig-bag-cafe\/\",\"name\":\"C\u00e0 ph\u00ea phin gi\u1ea5y ti\u1ec7n l\u1ee3i d\u00e3 ngo\u1ea1i c\u1eafm tr\u1ea1i drig bag caf\u00e9 - Jring Caf\u00e9\",\"isPartOf\":{\"@id\":\"https:\/\/jringcafe.com\/vi\/#website\"},\"primaryImageOfPage\":{\"@id\":\"https:\/\/jringcafe.com\/vi\/product\/ca-phe-phin-giay-tien-loi-da-ngoai-cam-trai-drig-bag-cafe\/#primaryimage\"},\"image\":{\"@id\":\"https:\/\/jringcafe.com\/vi\/product\/ca-phe-phin-giay-tien-loi-da-ngoai-cam-trai-drig-bag-cafe\/#primaryimage\"},\"thumbnailUrl\":\"https:\/\/jringcafe.com\/vi\/wp-content\/uploads\/2024\/04\/z4678590331034_af6e78e3d7ae2ca691e396b85205df3e-scaled.jpg\",\"datePublished\":\"2024-04-23T15:41:30+00:00\",\"dateModified\":\"2025-12-03T10:46:58+00:00\",\"breadcrumb\":{\"@id\":\"https:\/\/jringcafe.com\/vi\/product\/ca-phe-phin-giay-tien-loi-da-ngoai-cam-trai-drig-bag-cafe\/#breadcrumb\"},\"inLanguage\":\"vi\",\"potentialAction\":[{\"@type\":\"ReadAction\",\"target\":[\"https:\/\/jringcafe.com\/vi\/product\/ca-phe-phin-giay-tien-loi-da-ngoai-cam-trai-drig-bag-cafe\/\"]}]},{\"@type\":\"ImageObject\",\"inLanguage\":\"vi\",\"@id\":\"https:\/\/jringcafe.com\/vi\/product\/ca-phe-phin-giay-tien-loi-da-ngoai-cam-trai-drig-bag-cafe\/#primaryimage\",\"url\":\"https:\/\/jringcafe.com\/vi\/wp-content\/uploads\/2024\/04\/z4678590331034_af6e78e3d7ae2ca691e396b85205df3e-scaled.jpg\",\"contentUrl\":\"https:\/\/jringcafe.com\/vi\/wp-content\/uploads\/2024\/04\/z4678590331034_af6e78e3d7ae2ca691e396b85205df3e-scaled.jpg\",\"width\":1920,\"height\":2560},{\"@type\":\"BreadcrumbList\",\"@id\":\"https:\/\/jringcafe.com\/vi\/product\/ca-phe-phin-giay-tien-loi-da-ngoai-cam-trai-drig-bag-cafe\/#breadcrumb\",\"itemListElement\":[{\"@type\":\"ListItem\",\"position\":1,\"name\":\"Trang ch\u1ee7\",\"item\":\"https:\/\/jringcafe.com\/vi\/\"},{\"@type\":\"ListItem\",\"position\":2,\"name\":\"Shop\",\"item\":\"https:\/\/jringcafe.com\/vi\/shop\/\"},{\"@type\":\"ListItem\",\"position\":3,\"name\":\"C\u00e0 ph\u00ea phin gi\u1ea5y ti\u1ec7n l\u1ee3i d\u00e3 ngo\u1ea1i c\u1eafm tr\u1ea1i drig bag caf\u00e9\"}]},{\"@type\":\"WebSite\",\"@id\":\"https:\/\/jringcafe.com\/vi\/#website\",\"url\":\"https:\/\/jringcafe.com\/vi\/\",\"name\":\"Jring Caf\u00e9 - \u0110\u1ebfn t\u1eeb cao nguy\u00ean Di Linh\",\"description\":\"Come from Di Linh highland\",\"publisher\":{\"@id\":\"https:\/\/jringcafe.com\/vi\/#organization\"},\"potentialAction\":[{\"@type\":\"SearchAction\",\"target\":{\"@type\":\"EntryPoint\",\"urlTemplate\":\"https:\/\/jringcafe.com\/vi\/?s={search_term_string}\"},\"query-input\":\"required name=search_term_string\"}],\"inLanguage\":\"vi\"},{\"@type\":\"Organization\",\"@id\":\"https:\/\/jringcafe.com\/vi\/#organization\",\"name\":\"Jring Caf\u00e9 - \u0110\u1ebfn t\u1eeb cao nguy\u00ean Di Linh\",\"url\":\"https:\/\/jringcafe.com\/vi\/\",\"logo\":{\"@type\":\"ImageObject\",\"inLanguage\":\"vi\",\"@id\":\"https:\/\/jringcafe.com\/vi\/#\/schema\/logo\/image\/\",\"url\":\"https:\/\/jringcafe.com\/vi\/wp-content\/uploads\/2024\/04\/nen2-scaled.jpg\",\"contentUrl\":\"https:\/\/jringcafe.com\/vi\/wp-content\/uploads\/2024\/04\/nen2-scaled.jpg\",\"width\":2560,\"height\":1707,\"caption\":\"Jring Caf\u00e9 - \u0110\u1ebfn t\u1eeb cao nguy\u00ean Di Linh\"},\"image\":{\"@id\":\"https:\/\/jringcafe.com\/vi\/#\/schema\/logo\/image\/\"},\"sameAs\":[\"https:\/\/www.facebook.com\/jringcafe\",\"https:\/\/www.tiktok.com\/@jringcafe\",\"https:\/\/shopee.vn\/jringcafe\"]}]}<\/script>\n<!-- \/ Yoast SEO plugin. -->","yoast_head_json":{"title":"C\u00e0 ph\u00ea phin gi\u1ea5y ti\u1ec7n l\u1ee3i d\u00e3 ngo\u1ea1i c\u1eafm tr\u1ea1i drig bag caf\u00e9 - Jring Caf\u00e9","robots":{"index":"index","follow":"follow","max-snippet":"max-snippet:-1","max-image-preview":"max-image-preview:large","max-video-preview":"max-video-preview:-1"},"canonical":"https:\/\/jringcafe.com\/vi\/product\/ca-phe-phin-giay-tien-loi-da-ngoai-cam-trai-drig-bag-cafe\/","og_locale":"vi_VN","og_type":"article","og_title":"C\u00e0 ph\u00ea phin gi\u1ea5y ti\u1ec7n l\u1ee3i d\u00e3 ngo\u1ea1i c\u1eafm tr\u1ea1i drig bag caf\u00e9 - Jring Caf\u00e9","og_description":"C\u00e0 Ph\u00ea Phin gi\u1ea5y Jring v\u1edbi phong v\u1ecb \u0111\u1eadm \u0111\u00e0, h\u01b0\u01a1ng th\u01a1m \u0111\u1eb7c tr\u01b0ng c\u1ee7a c\u00e0 ph\u00ea Vi\u1ec7t Nam truy\u1ec1n th\u1ed1ng s\u1ebd mang \u0111\u1ebfn b\u1ea1n s\u1ef1 t\u1ec9nh th\u1ee9c m\u1ea1nh m\u1ebd cho nh\u1eefng \u00fd t\u01b0\u1edfng s\u00e1ng t\u1ea1o \u0111\u1ed9t ph\u00e1.","og_url":"https:\/\/jringcafe.com\/vi\/product\/ca-phe-phin-giay-tien-loi-da-ngoai-cam-trai-drig-bag-cafe\/","og_site_name":"Jring Caf\u00e9","article_publisher":"https:\/\/www.facebook.com\/jringcafe","article_modified_time":"2025-12-03T10:46:58+00:00","og_image":[{"width":1920,"height":2560,"url":"https:\/\/jringcafe.com\/vi\/wp-content\/uploads\/2024\/04\/z4678590331034_af6e78e3d7ae2ca691e396b85205df3e-scaled.jpg","type":"image\/jpeg"}],"twitter_card":"summary_large_image","twitter_misc":{"\u01af\u1edbc t\u00ednh th\u1eddi gian \u0111\u1ecdc":"1 ph\u00fat"},"schema":{"@context":"https:\/\/schema.org","@graph":[{"@type":"WebPage","@id":"https:\/\/jringcafe.com\/vi\/product\/ca-phe-phin-giay-tien-loi-da-ngoai-cam-trai-drig-bag-cafe\/","url":"https:\/\/jringcafe.com\/vi\/product\/ca-phe-phin-giay-tien-loi-da-ngoai-cam-trai-drig-bag-cafe\/","name":"C\u00e0 ph\u00ea phin gi\u1ea5y ti\u1ec7n l\u1ee3i d\u00e3 ngo\u1ea1i c\u1eafm tr\u1ea1i drig bag caf\u00e9 - Jring Caf\u00e9","isPartOf":{"@id":"https:\/\/jringcafe.com\/vi\/#website"},"primaryImageOfPage":{"@id":"https:\/\/jringcafe.com\/vi\/product\/ca-phe-phin-giay-tien-loi-da-ngoai-cam-trai-drig-bag-cafe\/#primaryimage"},"image":{"@id":"https:\/\/jringcafe.com\/vi\/product\/ca-phe-phin-giay-tien-loi-da-ngoai-cam-trai-drig-bag-cafe\/#primaryimage"},"thumbnailUrl":"https:\/\/jringcafe.com\/vi\/wp-content\/uploads\/2024\/04\/z4678590331034_af6e78e3d7ae2ca691e396b85205df3e-scaled.jpg","datePublished":"2024-04-23T15:41:30+00:00","dateModified":"2025-12-03T10:46:58+00:00","breadcrumb":{"@id":"https:\/\/jringcafe.com\/vi\/product\/ca-phe-phin-giay-tien-loi-da-ngoai-cam-trai-drig-bag-cafe\/#breadcrumb"},"inLanguage":"vi","potentialAction":[{"@type":"ReadAction","target":["https:\/\/jringcafe.com\/vi\/product\/ca-phe-phin-giay-tien-loi-da-ngoai-cam-trai-drig-bag-cafe\/"]}]},{"@type":"ImageObject","inLanguage":"vi","@id":"https:\/\/jringcafe.com\/vi\/product\/ca-phe-phin-giay-tien-loi-da-ngoai-cam-trai-drig-bag-cafe\/#primaryimage","url":"https:\/\/jringcafe.com\/vi\/wp-content\/uploads\/2024\/04\/z4678590331034_af6e78e3d7ae2ca691e396b85205df3e-scaled.jpg","contentUrl":"https:\/\/jringcafe.com\/vi\/wp-content\/uploads\/2024\/04\/z4678590331034_af6e78e3d7ae2ca691e396b85205df3e-scaled.jpg","width":1920,"height":2560},{"@type":"BreadcrumbList","@id":"https:\/\/jringcafe.com\/vi\/product\/ca-phe-phin-giay-tien-loi-da-ngoai-cam-trai-drig-bag-cafe\/#breadcrumb","itemListElement":[{"@type":"ListItem","position":1,"name":"Trang ch\u1ee7","item":"https:\/\/jringcafe.com\/vi\/"},{"@type":"ListItem","position":2,"name":"Shop","item":"https:\/\/jringcafe.com\/vi\/shop\/"},{"@type":"ListItem","position":3,"name":"C\u00e0 ph\u00ea phin gi\u1ea5y ti\u1ec7n l\u1ee3i d\u00e3 ngo\u1ea1i c\u1eafm tr\u1ea1i drig bag caf\u00e9"}]},{"@type":"WebSite","@id":"https:\/\/jringcafe.com\/vi\/#website","url":"https:\/\/jringcafe.com\/vi\/","name":"Jring Caf\u00e9 - \u0110\u1ebfn t\u1eeb cao nguy\u00ean Di Linh","description":"Come from Di Linh highland","publisher":{"@id":"https:\/\/jringcafe.com\/vi\/#organization"},"potentialAction":[{"@type":"SearchAction","target":{"@type":"EntryPoint","urlTemplate":"https:\/\/jringcafe.com\/vi\/?s={search_term_string}"},"query-input":"required name=search_term_string"}],"inLanguage":"vi"},{"@type":"Organization","@id":"https:\/\/jringcafe.com\/vi\/#organization","name":"Jring Caf\u00e9 - \u0110\u1ebfn t\u1eeb cao nguy\u00ean Di Linh","url":"https:\/\/jringcafe.com\/vi\/","logo":{"@type":"ImageObject","inLanguage":"vi","@id":"https:\/\/jringcafe.com\/vi\/#\/schema\/logo\/image\/","url":"https:\/\/jringcafe.com\/vi\/wp-content\/uploads\/2024\/04\/nen2-scaled.jpg","contentUrl":"https:\/\/jringcafe.com\/vi\/wp-content\/uploads\/2024\/04\/nen2-scaled.jpg","width":2560,"height":1707,"caption":"Jring Caf\u00e9 - \u0110\u1ebfn t\u1eeb cao nguy\u00ean Di Linh"},"image":{"@id":"https:\/\/jringcafe.com\/vi\/#\/schema\/logo\/image\/"},"sameAs":["https:\/\/www.facebook.com\/jringcafe","https:\/\/www.tiktok.com\/@jringcafe","https:\/\/shopee.vn\/jringcafe"]}]}},"jetpack_sharing_enabled":true,"_links":{"self":[{"href":"https:\/\/jringcafe.com\/vi\/wp-json\/wp\/v2\/product\/627","targetHints":{"allow":["GET"]}}],"collection":[{"href":"https:\/\/jringcafe.com\/vi\/wp-json\/wp\/v2\/product"}],"about":[{"href":"https:\/\/jringcafe.com\/vi\/wp-json\/wp\/v2\/types\/product"}],"replies":[{"embeddable":true,"href":"https:\/\/jringcafe.com\/vi\/wp-json\/wp\/v2\/comments?post=627"}],"wp:featuredmedia":[{"embeddable":true,"href":"https:\/\/jringcafe.com\/vi\/wp-json\/wp\/v2\/media\/632"}],"wp:attachment":[{"href":"https:\/\/jringcafe.com\/vi\/wp-json\/wp\/v2\/media?parent=627"}],"wp:term":[{"taxonomy":"product_cat","embeddable":true,"href":"https:\/\/jringcafe.com\/vi\/wp-json\/wp\/v2\/product_cat?post=627"},{"taxonomy":"product_tag","embeddable":true,"href":"https:\/\/jringcafe.com\/vi\/wp-json\/wp\/v2\/product_tag?post=627"}],"curies":[{"name":"wp","href":"https:\/\/api.w.org\/{rel}","templated":true}]}}