{"id":645,"date":"2024-04-25T04:07:05","date_gmt":"2024-04-25T04:07:05","guid":{"rendered":"https:\/\/jringcafe.com\/vi\/?post_type=product&#038;p=645"},"modified":"2025-12-03T10:39:33","modified_gmt":"2025-12-03T10:39:33","slug":"ca-phe-dac-san-arabica-specialty-coffee-vietnam-vung-nguyen-lieu-tu-tram-hanh","status":"publish","type":"product","link":"https:\/\/jringcafe.com\/vi\/product\/ca-phe-dac-san-arabica-specialty-coffee-vietnam-vung-nguyen-lieu-tu-tram-hanh\/","title":{"rendered":"C\u00e0 ph\u00ea \u0111\u1eb7c s\u1ea3n Arabica (specialty coffee Vietnam) &#8211; v\u00f9ng nguy\u00ean li\u1ec7u t\u1eeb Tr\u1ea1m H\u00e0nh"},"content":{"rendered":"<div>Caf\u00e9 \u0111\u1eb7c s\u1ea3n (Specialty coffee) l\u00e0 thu\u1eadt ng\u1eef d\u00f9ng \u0111\u1ec3 ch\u1ec9 nh\u1eefng h\u1ea1t c\u00e0 ph\u00ea c\u00f3 ch\u1ea5t l\u01b0\u1ee3ng cao \u0111\u1ea1t t\u1eeb 80 \u0111i\u1ec3m tr\u1edf l\u00ean theo thang \u0111i\u1ec3m 100 theo ti\u00eau chu\u1ea9n c\u1ee7a hi\u1ec7p h\u1ed9i c\u00e0 ph\u00ea th\u1ebf gi\u1edbi (SCA).<\/div>\n<div><\/div>\n<div>Cafe \u0111\u1eb7c s\u1ea3n th\u01b0\u1eddng \u0111\u01b0\u1ee3c ch\u1ecdn l\u1ecdc t\u1eeb nh\u1eefng qu\u1ea3 ch\u00edn m\u1ecdng c\u00f3 \u0111\u1ed9 \u0111\u01b0\u1eddng \u1ed5n \u0111\u1ecbnh \u0111\u1ea1t chu\u1ea9n v\u00e0 qua m\u1ed9t kh\u00e2u s\u01a1 ch\u1ebf h\u1ea1t nh\u00e2n t\u1ec9 m\u1ec9 (anaerobic natural, washed&#8230;). Nh\u1eefng h\u1ea1t cafe \u0111\u1eb7c s\u1ea3n khi pha ch\u1ebf \u0111\u00fang c\u00e1ch lu\u00f4n mang \u0111\u1ebfn nh\u1eefng h\u01b0\u01a1ng v\u1ecb \u0111\u1eb7c tr\u01b0ng ri\u00eang r\u1ea5t \u0111\u1ed9c \u0111\u1ea1o.<\/div>\n<div><\/div>\n<div>D\u00f2ng cafe \u0111\u1eb7c s\u1ea3n c\u1ee7a Jring \u0111\u01b0\u1ee3c ch\u1ecdn l\u1ecdc nh\u00e2n tr\u1ed3ng t\u1eeb v\u00f9ng tr\u1ed3ng nguy\u00ean li\u1ec7u n\u00fai Min v\u00e0 C\u1ea7u \u0110\u1ea5t \u0111\u1ebfn t\u1eeb nh\u1eefng nh\u00e0 cung c\u1ea5p uy t\u00edn \u0111\u1ea1t \u0111i\u1ec3m s\u1ed1 t\u1eeb 80-82 \u0111i\u1ec3m theo thang \u0111i\u1ec3m c\u1ee7a SCA, \u0111\u1ed9 rang t\u1eeb light-medium \u0111\u1ebfn medium.<\/div>\n<div><\/div>\n<div>D\u00f2ng Arabica anaerobic natural, \u0111\u1ef1ng trong h\u1ed9p thi\u1ebfc tinh t\u1ebf c\u00f3 van h\u00fat 1 chi\u1ec1u, \u0111\u1ed9 rang medium.<\/div>\n<div>H\u01b0\u01a1ng v\u1ecb: Fruity, Bright Acidity, Sweet Aftertaste<\/div>\n<div>V\u00f9ng tr\u1ed3ng: N\u00fai Min, C\u1ea7u \u0110\u1ea5t \u0111\u1ed9 cao 1600m<\/div>\n<div>Tr\u1ecdng l\u01b0\u1ee3ng: 200gr<\/div>\n<div><\/div>\n<div>T\u1eb7ng 10 phin gi\u1ea5y khi mua s\u1ea3n ph\u1ea9m.<\/div>\n<div><\/div>\n<div><\/div>\n","protected":false},"excerpt":{"rendered":"<p>Cafe \u0111\u1eb7c s\u1ea3n th\u01b0\u1eddng \u0111\u01b0\u1ee3c ch\u1ecdn l\u1ecdc t\u1eeb nh\u1eefng qu\u1ea3 ch\u00edn m\u1ecdng c\u00f3 \u0111\u1ed9 \u0111\u01b0\u1eddng \u1ed5n \u0111\u1ecbnh \u0111\u1ea1t chu\u1ea9n v\u00e0 qua m\u1ed9t kh\u00e2u s\u01a1 ch\u1ebf h\u1ea1t nh\u00e2n t\u1ec9 m\u1ec9 (anaerobic natural, washed&#8230;). Nh\u1eefng h\u1ea1t cafe \u0111\u1eb7c s\u1ea3n khi pha ch\u1ebf \u0111\u00fang c\u00e1ch lu\u00f4n mang \u0111\u1ebfn nh\u1eefng h\u01b0\u01a1ng v\u1ecb \u0111\u1eb7c tr\u01b0ng ri\u00eang r\u1ea5t \u0111\u1ed9c \u0111\u1ea1o.<\/p>\n","protected":false},"featured_media":649,"comment_status":"open","ping_status":"closed","template":"","meta":[],"product_cat":[80],"product_tag":[],"class_list":{"0":"post-645","1":"product","2":"type-product","3":"status-publish","4":"has-post-thumbnail","6":"product_cat-specialty-coffee","8":"first","9":"instock","10":"taxable","11":"shipping-taxable","12":"purchasable","13":"product-type-simple"},"yoast_head":"<!-- This site is optimized with the Yoast SEO plugin v23.0 - https:\/\/yoast.com\/wordpress\/plugins\/seo\/ -->\n<title>C\u00e0 ph\u00ea \u0111\u1eb7c s\u1ea3n Arabica (specialty coffee Vietnam) - v\u00f9ng nguy\u00ean li\u1ec7u t\u1eeb Tr\u1ea1m H\u00e0nh - Jring Caf\u00e9<\/title>\n<meta name=\"robots\" content=\"index, follow, max-snippet:-1, max-image-preview:large, max-video-preview:-1\" \/>\n<link rel=\"canonical\" href=\"https:\/\/jringcafe.com\/vi\/product\/ca-phe-dac-san-arabica-specialty-coffee-vietnam-vung-nguyen-lieu-tu-tram-hanh\/\" \/>\n<meta property=\"og:locale\" content=\"vi_VN\" \/>\n<meta property=\"og:type\" content=\"article\" \/>\n<meta property=\"og:title\" content=\"C\u00e0 ph\u00ea \u0111\u1eb7c s\u1ea3n Arabica (specialty coffee Vietnam) - v\u00f9ng nguy\u00ean li\u1ec7u t\u1eeb Tr\u1ea1m H\u00e0nh - Jring Caf\u00e9\" \/>\n<meta property=\"og:description\" content=\"Cafe \u0111\u1eb7c s\u1ea3n th\u01b0\u1eddng \u0111\u01b0\u1ee3c ch\u1ecdn l\u1ecdc t\u1eeb nh\u1eefng qu\u1ea3 ch\u00edn m\u1ecdng c\u00f3 \u0111\u1ed9 \u0111\u01b0\u1eddng \u1ed5n \u0111\u1ecbnh \u0111\u1ea1t chu\u1ea9n v\u00e0 qua m\u1ed9t kh\u00e2u s\u01a1 ch\u1ebf h\u1ea1t nh\u00e2n t\u1ec9 m\u1ec9 (anaerobic natural, washed...). Nh\u1eefng h\u1ea1t cafe \u0111\u1eb7c s\u1ea3n khi pha ch\u1ebf \u0111\u00fang c\u00e1ch lu\u00f4n mang \u0111\u1ebfn nh\u1eefng h\u01b0\u01a1ng v\u1ecb \u0111\u1eb7c tr\u01b0ng ri\u00eang r\u1ea5t \u0111\u1ed9c \u0111\u1ea1o.\" \/>\n<meta property=\"og:url\" content=\"https:\/\/jringcafe.com\/vi\/product\/ca-phe-dac-san-arabica-specialty-coffee-vietnam-vung-nguyen-lieu-tu-tram-hanh\/\" \/>\n<meta property=\"og:site_name\" content=\"Jring Caf\u00e9\" \/>\n<meta property=\"article:publisher\" content=\"https:\/\/www.facebook.com\/jringcafe\" \/>\n<meta property=\"article:modified_time\" content=\"2025-12-03T10:39:33+00:00\" \/>\n<meta property=\"og:image\" content=\"https:\/\/jringcafe.com\/vi\/wp-content\/uploads\/2024\/04\/arabica.jpg\" \/>\n\t<meta property=\"og:image:width\" content=\"1080\" \/>\n\t<meta property=\"og:image:height\" content=\"1080\" \/>\n\t<meta property=\"og:image:type\" content=\"image\/jpeg\" \/>\n<meta name=\"twitter:card\" content=\"summary_large_image\" \/>\n<meta name=\"twitter:label1\" content=\"\u01af\u1edbc t\u00ednh th\u1eddi gian \u0111\u1ecdc\" \/>\n\t<meta name=\"twitter:data1\" content=\"2 ph\u00fat\" \/>\n<script type=\"application\/ld+json\" class=\"yoast-schema-graph\">{\"@context\":\"https:\/\/schema.org\",\"@graph\":[{\"@type\":\"WebPage\",\"@id\":\"https:\/\/jringcafe.com\/vi\/product\/ca-phe-dac-san-arabica-specialty-coffee-vietnam-vung-nguyen-lieu-tu-tram-hanh\/\",\"url\":\"https:\/\/jringcafe.com\/vi\/product\/ca-phe-dac-san-arabica-specialty-coffee-vietnam-vung-nguyen-lieu-tu-tram-hanh\/\",\"name\":\"C\u00e0 ph\u00ea \u0111\u1eb7c s\u1ea3n Arabica (specialty coffee Vietnam) - v\u00f9ng nguy\u00ean li\u1ec7u t\u1eeb Tr\u1ea1m H\u00e0nh - Jring Caf\u00e9\",\"isPartOf\":{\"@id\":\"https:\/\/jringcafe.com\/vi\/#website\"},\"primaryImageOfPage\":{\"@id\":\"https:\/\/jringcafe.com\/vi\/product\/ca-phe-dac-san-arabica-specialty-coffee-vietnam-vung-nguyen-lieu-tu-tram-hanh\/#primaryimage\"},\"image\":{\"@id\":\"https:\/\/jringcafe.com\/vi\/product\/ca-phe-dac-san-arabica-specialty-coffee-vietnam-vung-nguyen-lieu-tu-tram-hanh\/#primaryimage\"},\"thumbnailUrl\":\"https:\/\/jringcafe.com\/vi\/wp-content\/uploads\/2024\/04\/arabica.jpg\",\"datePublished\":\"2024-04-25T04:07:05+00:00\",\"dateModified\":\"2025-12-03T10:39:33+00:00\",\"breadcrumb\":{\"@id\":\"https:\/\/jringcafe.com\/vi\/product\/ca-phe-dac-san-arabica-specialty-coffee-vietnam-vung-nguyen-lieu-tu-tram-hanh\/#breadcrumb\"},\"inLanguage\":\"vi\",\"potentialAction\":[{\"@type\":\"ReadAction\",\"target\":[\"https:\/\/jringcafe.com\/vi\/product\/ca-phe-dac-san-arabica-specialty-coffee-vietnam-vung-nguyen-lieu-tu-tram-hanh\/\"]}]},{\"@type\":\"ImageObject\",\"inLanguage\":\"vi\",\"@id\":\"https:\/\/jringcafe.com\/vi\/product\/ca-phe-dac-san-arabica-specialty-coffee-vietnam-vung-nguyen-lieu-tu-tram-hanh\/#primaryimage\",\"url\":\"https:\/\/jringcafe.com\/vi\/wp-content\/uploads\/2024\/04\/arabica.jpg\",\"contentUrl\":\"https:\/\/jringcafe.com\/vi\/wp-content\/uploads\/2024\/04\/arabica.jpg\",\"width\":1080,\"height\":1080},{\"@type\":\"BreadcrumbList\",\"@id\":\"https:\/\/jringcafe.com\/vi\/product\/ca-phe-dac-san-arabica-specialty-coffee-vietnam-vung-nguyen-lieu-tu-tram-hanh\/#breadcrumb\",\"itemListElement\":[{\"@type\":\"ListItem\",\"position\":1,\"name\":\"Trang ch\u1ee7\",\"item\":\"https:\/\/jringcafe.com\/vi\/\"},{\"@type\":\"ListItem\",\"position\":2,\"name\":\"Shop\",\"item\":\"https:\/\/jringcafe.com\/vi\/shop\/\"},{\"@type\":\"ListItem\",\"position\":3,\"name\":\"C\u00e0 ph\u00ea \u0111\u1eb7c s\u1ea3n Arabica (specialty coffee Vietnam) &#8211; v\u00f9ng nguy\u00ean li\u1ec7u t\u1eeb Tr\u1ea1m H\u00e0nh\"}]},{\"@type\":\"WebSite\",\"@id\":\"https:\/\/jringcafe.com\/vi\/#website\",\"url\":\"https:\/\/jringcafe.com\/vi\/\",\"name\":\"Jring Caf\u00e9 - \u0110\u1ebfn t\u1eeb cao nguy\u00ean Di Linh\",\"description\":\"Come from Di Linh highland\",\"publisher\":{\"@id\":\"https:\/\/jringcafe.com\/vi\/#organization\"},\"potentialAction\":[{\"@type\":\"SearchAction\",\"target\":{\"@type\":\"EntryPoint\",\"urlTemplate\":\"https:\/\/jringcafe.com\/vi\/?s={search_term_string}\"},\"query-input\":\"required name=search_term_string\"}],\"inLanguage\":\"vi\"},{\"@type\":\"Organization\",\"@id\":\"https:\/\/jringcafe.com\/vi\/#organization\",\"name\":\"Jring Caf\u00e9 - \u0110\u1ebfn t\u1eeb cao nguy\u00ean Di Linh\",\"url\":\"https:\/\/jringcafe.com\/vi\/\",\"logo\":{\"@type\":\"ImageObject\",\"inLanguage\":\"vi\",\"@id\":\"https:\/\/jringcafe.com\/vi\/#\/schema\/logo\/image\/\",\"url\":\"https:\/\/jringcafe.com\/vi\/wp-content\/uploads\/2024\/04\/nen2-scaled.jpg\",\"contentUrl\":\"https:\/\/jringcafe.com\/vi\/wp-content\/uploads\/2024\/04\/nen2-scaled.jpg\",\"width\":2560,\"height\":1707,\"caption\":\"Jring Caf\u00e9 - \u0110\u1ebfn t\u1eeb cao nguy\u00ean Di Linh\"},\"image\":{\"@id\":\"https:\/\/jringcafe.com\/vi\/#\/schema\/logo\/image\/\"},\"sameAs\":[\"https:\/\/www.facebook.com\/jringcafe\",\"https:\/\/www.tiktok.com\/@jringcafe\",\"https:\/\/shopee.vn\/jringcafe\"]}]}<\/script>\n<!-- \/ Yoast SEO plugin. -->","yoast_head_json":{"title":"C\u00e0 ph\u00ea \u0111\u1eb7c s\u1ea3n Arabica (specialty coffee Vietnam) - v\u00f9ng nguy\u00ean li\u1ec7u t\u1eeb Tr\u1ea1m H\u00e0nh - Jring Caf\u00e9","robots":{"index":"index","follow":"follow","max-snippet":"max-snippet:-1","max-image-preview":"max-image-preview:large","max-video-preview":"max-video-preview:-1"},"canonical":"https:\/\/jringcafe.com\/vi\/product\/ca-phe-dac-san-arabica-specialty-coffee-vietnam-vung-nguyen-lieu-tu-tram-hanh\/","og_locale":"vi_VN","og_type":"article","og_title":"C\u00e0 ph\u00ea \u0111\u1eb7c s\u1ea3n Arabica (specialty coffee Vietnam) - v\u00f9ng nguy\u00ean li\u1ec7u t\u1eeb Tr\u1ea1m H\u00e0nh - Jring Caf\u00e9","og_description":"Cafe \u0111\u1eb7c s\u1ea3n th\u01b0\u1eddng \u0111\u01b0\u1ee3c ch\u1ecdn l\u1ecdc t\u1eeb nh\u1eefng qu\u1ea3 ch\u00edn m\u1ecdng c\u00f3 \u0111\u1ed9 \u0111\u01b0\u1eddng \u1ed5n \u0111\u1ecbnh \u0111\u1ea1t chu\u1ea9n v\u00e0 qua m\u1ed9t kh\u00e2u s\u01a1 ch\u1ebf h\u1ea1t nh\u00e2n t\u1ec9 m\u1ec9 (anaerobic natural, washed...). Nh\u1eefng h\u1ea1t cafe \u0111\u1eb7c s\u1ea3n khi pha ch\u1ebf \u0111\u00fang c\u00e1ch lu\u00f4n mang \u0111\u1ebfn nh\u1eefng h\u01b0\u01a1ng v\u1ecb \u0111\u1eb7c tr\u01b0ng ri\u00eang r\u1ea5t \u0111\u1ed9c \u0111\u1ea1o.","og_url":"https:\/\/jringcafe.com\/vi\/product\/ca-phe-dac-san-arabica-specialty-coffee-vietnam-vung-nguyen-lieu-tu-tram-hanh\/","og_site_name":"Jring Caf\u00e9","article_publisher":"https:\/\/www.facebook.com\/jringcafe","article_modified_time":"2025-12-03T10:39:33+00:00","og_image":[{"width":1080,"height":1080,"url":"https:\/\/jringcafe.com\/vi\/wp-content\/uploads\/2024\/04\/arabica.jpg","type":"image\/jpeg"}],"twitter_card":"summary_large_image","twitter_misc":{"\u01af\u1edbc t\u00ednh th\u1eddi gian \u0111\u1ecdc":"2 ph\u00fat"},"schema":{"@context":"https:\/\/schema.org","@graph":[{"@type":"WebPage","@id":"https:\/\/jringcafe.com\/vi\/product\/ca-phe-dac-san-arabica-specialty-coffee-vietnam-vung-nguyen-lieu-tu-tram-hanh\/","url":"https:\/\/jringcafe.com\/vi\/product\/ca-phe-dac-san-arabica-specialty-coffee-vietnam-vung-nguyen-lieu-tu-tram-hanh\/","name":"C\u00e0 ph\u00ea \u0111\u1eb7c s\u1ea3n Arabica (specialty coffee Vietnam) - v\u00f9ng nguy\u00ean li\u1ec7u t\u1eeb Tr\u1ea1m H\u00e0nh - Jring Caf\u00e9","isPartOf":{"@id":"https:\/\/jringcafe.com\/vi\/#website"},"primaryImageOfPage":{"@id":"https:\/\/jringcafe.com\/vi\/product\/ca-phe-dac-san-arabica-specialty-coffee-vietnam-vung-nguyen-lieu-tu-tram-hanh\/#primaryimage"},"image":{"@id":"https:\/\/jringcafe.com\/vi\/product\/ca-phe-dac-san-arabica-specialty-coffee-vietnam-vung-nguyen-lieu-tu-tram-hanh\/#primaryimage"},"thumbnailUrl":"https:\/\/jringcafe.com\/vi\/wp-content\/uploads\/2024\/04\/arabica.jpg","datePublished":"2024-04-25T04:07:05+00:00","dateModified":"2025-12-03T10:39:33+00:00","breadcrumb":{"@id":"https:\/\/jringcafe.com\/vi\/product\/ca-phe-dac-san-arabica-specialty-coffee-vietnam-vung-nguyen-lieu-tu-tram-hanh\/#breadcrumb"},"inLanguage":"vi","potentialAction":[{"@type":"ReadAction","target":["https:\/\/jringcafe.com\/vi\/product\/ca-phe-dac-san-arabica-specialty-coffee-vietnam-vung-nguyen-lieu-tu-tram-hanh\/"]}]},{"@type":"ImageObject","inLanguage":"vi","@id":"https:\/\/jringcafe.com\/vi\/product\/ca-phe-dac-san-arabica-specialty-coffee-vietnam-vung-nguyen-lieu-tu-tram-hanh\/#primaryimage","url":"https:\/\/jringcafe.com\/vi\/wp-content\/uploads\/2024\/04\/arabica.jpg","contentUrl":"https:\/\/jringcafe.com\/vi\/wp-content\/uploads\/2024\/04\/arabica.jpg","width":1080,"height":1080},{"@type":"BreadcrumbList","@id":"https:\/\/jringcafe.com\/vi\/product\/ca-phe-dac-san-arabica-specialty-coffee-vietnam-vung-nguyen-lieu-tu-tram-hanh\/#breadcrumb","itemListElement":[{"@type":"ListItem","position":1,"name":"Trang ch\u1ee7","item":"https:\/\/jringcafe.com\/vi\/"},{"@type":"ListItem","position":2,"name":"Shop","item":"https:\/\/jringcafe.com\/vi\/shop\/"},{"@type":"ListItem","position":3,"name":"C\u00e0 ph\u00ea \u0111\u1eb7c s\u1ea3n Arabica (specialty coffee Vietnam) &#8211; v\u00f9ng nguy\u00ean li\u1ec7u t\u1eeb Tr\u1ea1m H\u00e0nh"}]},{"@type":"WebSite","@id":"https:\/\/jringcafe.com\/vi\/#website","url":"https:\/\/jringcafe.com\/vi\/","name":"Jring Caf\u00e9 - \u0110\u1ebfn t\u1eeb cao nguy\u00ean Di Linh","description":"Come from Di Linh highland","publisher":{"@id":"https:\/\/jringcafe.com\/vi\/#organization"},"potentialAction":[{"@type":"SearchAction","target":{"@type":"EntryPoint","urlTemplate":"https:\/\/jringcafe.com\/vi\/?s={search_term_string}"},"query-input":"required name=search_term_string"}],"inLanguage":"vi"},{"@type":"Organization","@id":"https:\/\/jringcafe.com\/vi\/#organization","name":"Jring Caf\u00e9 - \u0110\u1ebfn t\u1eeb cao nguy\u00ean Di Linh","url":"https:\/\/jringcafe.com\/vi\/","logo":{"@type":"ImageObject","inLanguage":"vi","@id":"https:\/\/jringcafe.com\/vi\/#\/schema\/logo\/image\/","url":"https:\/\/jringcafe.com\/vi\/wp-content\/uploads\/2024\/04\/nen2-scaled.jpg","contentUrl":"https:\/\/jringcafe.com\/vi\/wp-content\/uploads\/2024\/04\/nen2-scaled.jpg","width":2560,"height":1707,"caption":"Jring Caf\u00e9 - \u0110\u1ebfn t\u1eeb cao nguy\u00ean Di Linh"},"image":{"@id":"https:\/\/jringcafe.com\/vi\/#\/schema\/logo\/image\/"},"sameAs":["https:\/\/www.facebook.com\/jringcafe","https:\/\/www.tiktok.com\/@jringcafe","https:\/\/shopee.vn\/jringcafe"]}]}},"jetpack_sharing_enabled":true,"_links":{"self":[{"href":"https:\/\/jringcafe.com\/vi\/wp-json\/wp\/v2\/product\/645","targetHints":{"allow":["GET"]}}],"collection":[{"href":"https:\/\/jringcafe.com\/vi\/wp-json\/wp\/v2\/product"}],"about":[{"href":"https:\/\/jringcafe.com\/vi\/wp-json\/wp\/v2\/types\/product"}],"replies":[{"embeddable":true,"href":"https:\/\/jringcafe.com\/vi\/wp-json\/wp\/v2\/comments?post=645"}],"wp:featuredmedia":[{"embeddable":true,"href":"https:\/\/jringcafe.com\/vi\/wp-json\/wp\/v2\/media\/649"}],"wp:attachment":[{"href":"https:\/\/jringcafe.com\/vi\/wp-json\/wp\/v2\/media?parent=645"}],"wp:term":[{"taxonomy":"product_cat","embeddable":true,"href":"https:\/\/jringcafe.com\/vi\/wp-json\/wp\/v2\/product_cat?post=645"},{"taxonomy":"product_tag","embeddable":true,"href":"https:\/\/jringcafe.com\/vi\/wp-json\/wp\/v2\/product_tag?post=645"}],"curies":[{"name":"wp","href":"https:\/\/api.w.org\/{rel}","templated":true}]}}