{"id":650,"date":"2024-04-25T04:10:37","date_gmt":"2024-04-25T04:10:37","guid":{"rendered":"https:\/\/jringcafe.com\/vi\/?post_type=product&#038;p=650"},"modified":"2025-12-03T10:37:44","modified_gmt":"2025-12-03T10:37:44","slug":"ly-lam-tu-ba-ca-phe-ly-to-go-than-thien-moi-truong","status":"publish","type":"product","link":"https:\/\/jringcafe.com\/vi\/product\/ly-lam-tu-ba-ca-phe-ly-to-go-than-thien-moi-truong\/","title":{"rendered":"Ly l\u00e0m t\u1eeb b\u00e3 c\u00e0 ph\u00ea, ly to-go th\u00e2n thi\u1ec7n m\u00f4i tr\u01b0\u1eddng"},"content":{"rendered":"<p>Ly \u0111\u01b0\u1ee3c l\u00e0m t\u1eeb b\u00e3 c\u00e0 ph\u00ea th\u00e2n thi\u1ec7n m\u00f4i tr\u01b0\u1eddng.<br \/>\n+ Th\u00f4ng tin s\u1ea3n ph\u1ea9m:<br \/>\n&#8211; Ch\u1ea5t li\u00eau: B\u00e3 c\u00e0 ph\u00ea 80%, h\u1ea1t bio 20%<br \/>\n&#8211; M\u00e0u s\u1eafc: N\u00e2u C\u00e0 ph\u00ea<br \/>\n&#8211; Th\u1ec3 t\u00edch: 340ml<br \/>\n&#8211; K\u00edch th\u01b0\u1edbc:<br \/>\n&#8211; Cao: 13cm<br \/>\n&#8211; Mi\u1ec7ng ly r\u1ed9ng: 9,9cm<br \/>\n&#8211; \u0110\u00e1y ly r\u1ed9ng: 5cm.<\/p>\n","protected":false},"excerpt":{"rendered":"<p>Ly \u0111\u01b0\u1ee3c l\u00e0m t\u1eeb b\u00e3 c\u00e0 ph\u00ea th\u00e2n thi\u1ec7n m\u00f4i tr\u01b0\u1eddng. + Th\u00f4ng tin s\u1ea3n ph\u1ea9m: &#8211; Ch\u1ea5t li\u00eau: B\u00e3 c\u00e0 ph\u00ea 80%, h\u1ea1t bio 20% &#8211; M\u00e0u s\u1eafc: N\u00e2u C\u00e0 ph\u00ea &#8211; Th\u1ec3 t\u00edch: 340ml &#8211; K\u00edch th\u01b0\u1edbc: &#8211; Cao: 13cm &#8211; Mi\u1ec7ng ly r\u1ed9ng: 9,9cm &#8211; \u0110\u00e1y ly r\u1ed9ng: 5cm.<\/p>\n","protected":false},"featured_media":653,"comment_status":"open","ping_status":"closed","template":"","meta":[],"product_cat":[70],"product_tag":[],"class_list":{"0":"post-650","1":"product","2":"type-product","3":"status-publish","4":"has-post-thumbnail","6":"product_cat-dung-cu-pha-che","8":"first","9":"instock","10":"taxable","11":"shipping-taxable","12":"product-type-simple"},"yoast_head":"<!-- This site is optimized with the Yoast SEO plugin v23.0 - https:\/\/yoast.com\/wordpress\/plugins\/seo\/ -->\n<title>Ly l\u00e0m t\u1eeb b\u00e3 c\u00e0 ph\u00ea, ly to-go th\u00e2n thi\u1ec7n m\u00f4i tr\u01b0\u1eddng - Jring Caf\u00e9<\/title>\n<meta name=\"robots\" content=\"index, follow, max-snippet:-1, max-image-preview:large, max-video-preview:-1\" \/>\n<link rel=\"canonical\" href=\"https:\/\/jringcafe.com\/vi\/product\/ly-lam-tu-ba-ca-phe-ly-to-go-than-thien-moi-truong\/\" \/>\n<meta property=\"og:locale\" content=\"vi_VN\" \/>\n<meta property=\"og:type\" content=\"article\" \/>\n<meta property=\"og:title\" content=\"Ly l\u00e0m t\u1eeb b\u00e3 c\u00e0 ph\u00ea, ly to-go th\u00e2n thi\u1ec7n m\u00f4i tr\u01b0\u1eddng - Jring Caf\u00e9\" \/>\n<meta property=\"og:description\" content=\"Ly \u0111\u01b0\u1ee3c l\u00e0m t\u1eeb b\u00e3 c\u00e0 ph\u00ea th\u00e2n thi\u1ec7n m\u00f4i tr\u01b0\u1eddng. + Th\u00f4ng tin s\u1ea3n ph\u1ea9m: &#8211; Ch\u1ea5t li\u00eau: B\u00e3 c\u00e0 ph\u00ea 80%, h\u1ea1t bio 20% &#8211; M\u00e0u s\u1eafc: N\u00e2u C\u00e0 ph\u00ea &#8211; Th\u1ec3 t\u00edch: 340ml &#8211; K\u00edch th\u01b0\u1edbc: &#8211; Cao: 13cm &#8211; Mi\u1ec7ng ly r\u1ed9ng: 9,9cm &#8211; \u0110\u00e1y ly r\u1ed9ng: 5cm.\" \/>\n<meta property=\"og:url\" content=\"https:\/\/jringcafe.com\/vi\/product\/ly-lam-tu-ba-ca-phe-ly-to-go-than-thien-moi-truong\/\" \/>\n<meta property=\"og:site_name\" content=\"Jring Caf\u00e9\" \/>\n<meta property=\"article:publisher\" content=\"https:\/\/www.facebook.com\/jringcafe\" \/>\n<meta property=\"article:modified_time\" content=\"2025-12-03T10:37:44+00:00\" \/>\n<meta property=\"og:image\" content=\"https:\/\/jringcafe.com\/vi\/wp-content\/uploads\/2024\/04\/lytogo-jring.jpg\" \/>\n\t<meta property=\"og:image:width\" content=\"2000\" \/>\n\t<meta property=\"og:image:height\" content=\"2000\" \/>\n\t<meta property=\"og:image:type\" content=\"image\/jpeg\" \/>\n<meta name=\"twitter:card\" content=\"summary_large_image\" \/>\n<script type=\"application\/ld+json\" class=\"yoast-schema-graph\">{\"@context\":\"https:\/\/schema.org\",\"@graph\":[{\"@type\":\"WebPage\",\"@id\":\"https:\/\/jringcafe.com\/vi\/product\/ly-lam-tu-ba-ca-phe-ly-to-go-than-thien-moi-truong\/\",\"url\":\"https:\/\/jringcafe.com\/vi\/product\/ly-lam-tu-ba-ca-phe-ly-to-go-than-thien-moi-truong\/\",\"name\":\"Ly l\u00e0m t\u1eeb b\u00e3 c\u00e0 ph\u00ea, ly to-go th\u00e2n thi\u1ec7n m\u00f4i tr\u01b0\u1eddng - Jring Caf\u00e9\",\"isPartOf\":{\"@id\":\"https:\/\/jringcafe.com\/vi\/#website\"},\"primaryImageOfPage\":{\"@id\":\"https:\/\/jringcafe.com\/vi\/product\/ly-lam-tu-ba-ca-phe-ly-to-go-than-thien-moi-truong\/#primaryimage\"},\"image\":{\"@id\":\"https:\/\/jringcafe.com\/vi\/product\/ly-lam-tu-ba-ca-phe-ly-to-go-than-thien-moi-truong\/#primaryimage\"},\"thumbnailUrl\":\"https:\/\/jringcafe.com\/vi\/wp-content\/uploads\/2024\/04\/lytogo-jring.jpg\",\"datePublished\":\"2024-04-25T04:10:37+00:00\",\"dateModified\":\"2025-12-03T10:37:44+00:00\",\"breadcrumb\":{\"@id\":\"https:\/\/jringcafe.com\/vi\/product\/ly-lam-tu-ba-ca-phe-ly-to-go-than-thien-moi-truong\/#breadcrumb\"},\"inLanguage\":\"vi\",\"potentialAction\":[{\"@type\":\"ReadAction\",\"target\":[\"https:\/\/jringcafe.com\/vi\/product\/ly-lam-tu-ba-ca-phe-ly-to-go-than-thien-moi-truong\/\"]}]},{\"@type\":\"ImageObject\",\"inLanguage\":\"vi\",\"@id\":\"https:\/\/jringcafe.com\/vi\/product\/ly-lam-tu-ba-ca-phe-ly-to-go-than-thien-moi-truong\/#primaryimage\",\"url\":\"https:\/\/jringcafe.com\/vi\/wp-content\/uploads\/2024\/04\/lytogo-jring.jpg\",\"contentUrl\":\"https:\/\/jringcafe.com\/vi\/wp-content\/uploads\/2024\/04\/lytogo-jring.jpg\",\"width\":2000,\"height\":2000},{\"@type\":\"BreadcrumbList\",\"@id\":\"https:\/\/jringcafe.com\/vi\/product\/ly-lam-tu-ba-ca-phe-ly-to-go-than-thien-moi-truong\/#breadcrumb\",\"itemListElement\":[{\"@type\":\"ListItem\",\"position\":1,\"name\":\"Trang ch\u1ee7\",\"item\":\"https:\/\/jringcafe.com\/vi\/\"},{\"@type\":\"ListItem\",\"position\":2,\"name\":\"Shop\",\"item\":\"https:\/\/jringcafe.com\/vi\/shop\/\"},{\"@type\":\"ListItem\",\"position\":3,\"name\":\"Ly l\u00e0m t\u1eeb b\u00e3 c\u00e0 ph\u00ea, ly to-go th\u00e2n thi\u1ec7n m\u00f4i tr\u01b0\u1eddng\"}]},{\"@type\":\"WebSite\",\"@id\":\"https:\/\/jringcafe.com\/vi\/#website\",\"url\":\"https:\/\/jringcafe.com\/vi\/\",\"name\":\"Jring Caf\u00e9 - \u0110\u1ebfn t\u1eeb cao nguy\u00ean Di Linh\",\"description\":\"Come from Di Linh highland\",\"publisher\":{\"@id\":\"https:\/\/jringcafe.com\/vi\/#organization\"},\"potentialAction\":[{\"@type\":\"SearchAction\",\"target\":{\"@type\":\"EntryPoint\",\"urlTemplate\":\"https:\/\/jringcafe.com\/vi\/?s={search_term_string}\"},\"query-input\":\"required name=search_term_string\"}],\"inLanguage\":\"vi\"},{\"@type\":\"Organization\",\"@id\":\"https:\/\/jringcafe.com\/vi\/#organization\",\"name\":\"Jring Caf\u00e9 - \u0110\u1ebfn t\u1eeb cao nguy\u00ean Di Linh\",\"url\":\"https:\/\/jringcafe.com\/vi\/\",\"logo\":{\"@type\":\"ImageObject\",\"inLanguage\":\"vi\",\"@id\":\"https:\/\/jringcafe.com\/vi\/#\/schema\/logo\/image\/\",\"url\":\"https:\/\/jringcafe.com\/vi\/wp-content\/uploads\/2024\/04\/nen2-scaled.jpg\",\"contentUrl\":\"https:\/\/jringcafe.com\/vi\/wp-content\/uploads\/2024\/04\/nen2-scaled.jpg\",\"width\":2560,\"height\":1707,\"caption\":\"Jring Caf\u00e9 - \u0110\u1ebfn t\u1eeb cao nguy\u00ean Di Linh\"},\"image\":{\"@id\":\"https:\/\/jringcafe.com\/vi\/#\/schema\/logo\/image\/\"},\"sameAs\":[\"https:\/\/www.facebook.com\/jringcafe\",\"https:\/\/www.tiktok.com\/@jringcafe\",\"https:\/\/shopee.vn\/jringcafe\"]}]}<\/script>\n<!-- \/ Yoast SEO plugin. -->","yoast_head_json":{"title":"Ly l\u00e0m t\u1eeb b\u00e3 c\u00e0 ph\u00ea, ly to-go th\u00e2n thi\u1ec7n m\u00f4i tr\u01b0\u1eddng - Jring Caf\u00e9","robots":{"index":"index","follow":"follow","max-snippet":"max-snippet:-1","max-image-preview":"max-image-preview:large","max-video-preview":"max-video-preview:-1"},"canonical":"https:\/\/jringcafe.com\/vi\/product\/ly-lam-tu-ba-ca-phe-ly-to-go-than-thien-moi-truong\/","og_locale":"vi_VN","og_type":"article","og_title":"Ly l\u00e0m t\u1eeb b\u00e3 c\u00e0 ph\u00ea, ly to-go th\u00e2n thi\u1ec7n m\u00f4i tr\u01b0\u1eddng - Jring Caf\u00e9","og_description":"Ly \u0111\u01b0\u1ee3c l\u00e0m t\u1eeb b\u00e3 c\u00e0 ph\u00ea th\u00e2n thi\u1ec7n m\u00f4i tr\u01b0\u1eddng. + Th\u00f4ng tin s\u1ea3n ph\u1ea9m: &#8211; Ch\u1ea5t li\u00eau: B\u00e3 c\u00e0 ph\u00ea 80%, h\u1ea1t bio 20% &#8211; M\u00e0u s\u1eafc: N\u00e2u C\u00e0 ph\u00ea &#8211; Th\u1ec3 t\u00edch: 340ml &#8211; K\u00edch th\u01b0\u1edbc: &#8211; Cao: 13cm &#8211; Mi\u1ec7ng ly r\u1ed9ng: 9,9cm &#8211; \u0110\u00e1y ly r\u1ed9ng: 5cm.","og_url":"https:\/\/jringcafe.com\/vi\/product\/ly-lam-tu-ba-ca-phe-ly-to-go-than-thien-moi-truong\/","og_site_name":"Jring Caf\u00e9","article_publisher":"https:\/\/www.facebook.com\/jringcafe","article_modified_time":"2025-12-03T10:37:44+00:00","og_image":[{"width":2000,"height":2000,"url":"https:\/\/jringcafe.com\/vi\/wp-content\/uploads\/2024\/04\/lytogo-jring.jpg","type":"image\/jpeg"}],"twitter_card":"summary_large_image","schema":{"@context":"https:\/\/schema.org","@graph":[{"@type":"WebPage","@id":"https:\/\/jringcafe.com\/vi\/product\/ly-lam-tu-ba-ca-phe-ly-to-go-than-thien-moi-truong\/","url":"https:\/\/jringcafe.com\/vi\/product\/ly-lam-tu-ba-ca-phe-ly-to-go-than-thien-moi-truong\/","name":"Ly l\u00e0m t\u1eeb b\u00e3 c\u00e0 ph\u00ea, ly to-go th\u00e2n thi\u1ec7n m\u00f4i tr\u01b0\u1eddng - Jring Caf\u00e9","isPartOf":{"@id":"https:\/\/jringcafe.com\/vi\/#website"},"primaryImageOfPage":{"@id":"https:\/\/jringcafe.com\/vi\/product\/ly-lam-tu-ba-ca-phe-ly-to-go-than-thien-moi-truong\/#primaryimage"},"image":{"@id":"https:\/\/jringcafe.com\/vi\/product\/ly-lam-tu-ba-ca-phe-ly-to-go-than-thien-moi-truong\/#primaryimage"},"thumbnailUrl":"https:\/\/jringcafe.com\/vi\/wp-content\/uploads\/2024\/04\/lytogo-jring.jpg","datePublished":"2024-04-25T04:10:37+00:00","dateModified":"2025-12-03T10:37:44+00:00","breadcrumb":{"@id":"https:\/\/jringcafe.com\/vi\/product\/ly-lam-tu-ba-ca-phe-ly-to-go-than-thien-moi-truong\/#breadcrumb"},"inLanguage":"vi","potentialAction":[{"@type":"ReadAction","target":["https:\/\/jringcafe.com\/vi\/product\/ly-lam-tu-ba-ca-phe-ly-to-go-than-thien-moi-truong\/"]}]},{"@type":"ImageObject","inLanguage":"vi","@id":"https:\/\/jringcafe.com\/vi\/product\/ly-lam-tu-ba-ca-phe-ly-to-go-than-thien-moi-truong\/#primaryimage","url":"https:\/\/jringcafe.com\/vi\/wp-content\/uploads\/2024\/04\/lytogo-jring.jpg","contentUrl":"https:\/\/jringcafe.com\/vi\/wp-content\/uploads\/2024\/04\/lytogo-jring.jpg","width":2000,"height":2000},{"@type":"BreadcrumbList","@id":"https:\/\/jringcafe.com\/vi\/product\/ly-lam-tu-ba-ca-phe-ly-to-go-than-thien-moi-truong\/#breadcrumb","itemListElement":[{"@type":"ListItem","position":1,"name":"Trang ch\u1ee7","item":"https:\/\/jringcafe.com\/vi\/"},{"@type":"ListItem","position":2,"name":"Shop","item":"https:\/\/jringcafe.com\/vi\/shop\/"},{"@type":"ListItem","position":3,"name":"Ly l\u00e0m t\u1eeb b\u00e3 c\u00e0 ph\u00ea, ly to-go th\u00e2n thi\u1ec7n m\u00f4i tr\u01b0\u1eddng"}]},{"@type":"WebSite","@id":"https:\/\/jringcafe.com\/vi\/#website","url":"https:\/\/jringcafe.com\/vi\/","name":"Jring Caf\u00e9 - \u0110\u1ebfn t\u1eeb cao nguy\u00ean Di Linh","description":"Come from Di Linh highland","publisher":{"@id":"https:\/\/jringcafe.com\/vi\/#organization"},"potentialAction":[{"@type":"SearchAction","target":{"@type":"EntryPoint","urlTemplate":"https:\/\/jringcafe.com\/vi\/?s={search_term_string}"},"query-input":"required name=search_term_string"}],"inLanguage":"vi"},{"@type":"Organization","@id":"https:\/\/jringcafe.com\/vi\/#organization","name":"Jring Caf\u00e9 - \u0110\u1ebfn t\u1eeb cao nguy\u00ean Di Linh","url":"https:\/\/jringcafe.com\/vi\/","logo":{"@type":"ImageObject","inLanguage":"vi","@id":"https:\/\/jringcafe.com\/vi\/#\/schema\/logo\/image\/","url":"https:\/\/jringcafe.com\/vi\/wp-content\/uploads\/2024\/04\/nen2-scaled.jpg","contentUrl":"https:\/\/jringcafe.com\/vi\/wp-content\/uploads\/2024\/04\/nen2-scaled.jpg","width":2560,"height":1707,"caption":"Jring Caf\u00e9 - \u0110\u1ebfn t\u1eeb cao nguy\u00ean Di Linh"},"image":{"@id":"https:\/\/jringcafe.com\/vi\/#\/schema\/logo\/image\/"},"sameAs":["https:\/\/www.facebook.com\/jringcafe","https:\/\/www.tiktok.com\/@jringcafe","https:\/\/shopee.vn\/jringcafe"]}]}},"jetpack_sharing_enabled":true,"_links":{"self":[{"href":"https:\/\/jringcafe.com\/vi\/wp-json\/wp\/v2\/product\/650","targetHints":{"allow":["GET"]}}],"collection":[{"href":"https:\/\/jringcafe.com\/vi\/wp-json\/wp\/v2\/product"}],"about":[{"href":"https:\/\/jringcafe.com\/vi\/wp-json\/wp\/v2\/types\/product"}],"replies":[{"embeddable":true,"href":"https:\/\/jringcafe.com\/vi\/wp-json\/wp\/v2\/comments?post=650"}],"wp:featuredmedia":[{"embeddable":true,"href":"https:\/\/jringcafe.com\/vi\/wp-json\/wp\/v2\/media\/653"}],"wp:attachment":[{"href":"https:\/\/jringcafe.com\/vi\/wp-json\/wp\/v2\/media?parent=650"}],"wp:term":[{"taxonomy":"product_cat","embeddable":true,"href":"https:\/\/jringcafe.com\/vi\/wp-json\/wp\/v2\/product_cat?post=650"},{"taxonomy":"product_tag","embeddable":true,"href":"https:\/\/jringcafe.com\/vi\/wp-json\/wp\/v2\/product_tag?post=650"}],"curies":[{"name":"wp","href":"https:\/\/api.w.org\/{rel}","templated":true}]}}